{"id":16025,"date":"2021-12-01T13:00:03","date_gmt":"2021-12-01T11:00:03","guid":{"rendered":"https:\/\/farwell.ee\/toode\/jahusoel-o410mm\/"},"modified":"2026-03-20T10:15:04","modified_gmt":"2026-03-20T08:15:04","slug":"jahusoel-o410mm","status":"publish","type":"product","link":"https:\/\/farwell.ee\/en\/product\/jahusoel-o410mm\/","title":{"rendered":"Jahus\u00f5el 41cm tiheda v\u00f5rguga, v\u00f5rgusilma suurus 0,5&#215;0,5mm"},"content":{"rendered":"","protected":false},"excerpt":{"rendered":"<p>Tiheda v\u00f5rguga s\u00f5el peenjahu ja tuhksuhkru jaoks.<br \/>\nV\u00f5rgusilma suurus 0,5&#215;0,5mm.<\/p>\n<p>&nbsp;<\/p>","protected":false},"featured_media":16024,"template":"","meta":{"_acf_changed":false,"inline_featured_image":false},"product_brand":[],"product_cat":[174],"product_tag":[6108,6112,6120,6164],"class_list":{"0":"post-16025","1":"product","2":"type-product","3":"status-publish","4":"has-post-thumbnail","6":"product_cat-soelad-ja-salatikuivatajad","7":"product_tag-hiina-kolander","8":"product_tag-kastmesoel","9":"product_tag-koonussoel","10":"product_tag-vorksoel","11":"pa_kaubamark-hendi","13":"first","14":"instock","15":"shipping-taxable","16":"purchasable","17":"product-type-simple"},"acf":[],"_links":{"self":[{"href":"https:\/\/farwell.ee\/en\/wp-json\/wp\/v2\/product\/16025","targetHints":{"allow":["GET"]}}],"collection":[{"href":"https:\/\/farwell.ee\/en\/wp-json\/wp\/v2\/product"}],"about":[{"href":"https:\/\/farwell.ee\/en\/wp-json\/wp\/v2\/types\/product"}],"wp:featuredmedia":[{"embeddable":true,"href":"https:\/\/farwell.ee\/en\/wp-json\/wp\/v2\/media\/16024"}],"wp:attachment":[{"href":"https:\/\/farwell.ee\/en\/wp-json\/wp\/v2\/media?parent=16025"}],"wp:term":[{"taxonomy":"product_brand","embeddable":true,"href":"https:\/\/farwell.ee\/en\/wp-json\/wp\/v2\/product_brand?post=16025"},{"taxonomy":"product_cat","embeddable":true,"href":"https:\/\/farwell.ee\/en\/wp-json\/wp\/v2\/product_cat?post=16025"},{"taxonomy":"product_tag","embeddable":true,"href":"https:\/\/farwell.ee\/en\/wp-json\/wp\/v2\/product_tag?post=16025"}],"curies":[{"name":"wp","href":"https:\/\/api.w.org\/{rel}","templated":true}]}}