{"id":15549,"date":"2021-08-22T15:22:21","date_gmt":"2021-08-22T12:22:21","guid":{"rendered":"https:\/\/farwell.ee\/?post_type=product&#038;p=15549"},"modified":"2024-02-28T15:33:54","modified_gmt":"2024-02-28T13:33:54","slug":"vedelate-pesuainete-automaatsed-doseerimissusteemid","status":"publish","type":"product","link":"https:\/\/farwell.ee\/en\/product\/vedelate-pesuainete-automaatsed-doseerimissusteemid\/","title":{"rendered":"Electrolux vedelate pesuainete automaatsed doseerimiss\u00fcsteemid"},"content":{"rendered":"","protected":false},"excerpt":{"rendered":"<p>https:\/\/www.youtube.com\/watch?v=8FZsYU5ULoQ<\/p>\n<p><span style=\"font-size: 14pt\"><strong>Omadused ja eelised<\/strong><\/span><\/p>\n<p>Vedelate pesuainete automaatsed doseerimiss\u00fcsteemid muudavad pesumasinaga t\u00f6\u00f6tamise maksimaalselt automaatseks. Automaatne doseerimiss\u00fcsteem tagab v\u00f5imalikult optimaalse pesuaine doseeringu ja parima pesutulemuse. Kuna pesijal puudub vahetu kontakt pesuainetega, siis on tagatud puhtam ja allergiavabam t\u00f6\u00f6keskkond.<\/p>\n<p><strong>Efektiivsed doseerimiss\u00fcsteemid: S\u00e4\u00e4sta kuni 40% pesuvahendi kulult<\/strong><\/p>\n<p>&nbsp;<\/p>\n<p><span style=\"font-size: 14pt\"><strong>EDS automaatne doseerimiss\u00fcsteem:<\/strong><\/span><\/p>\n<p><strong>EDS doseerimiss\u00fcsteem reguleerib pesuaine koguse automaatselt pesu tegeliku koguse j\u00e4rgi<\/strong><\/p>\n<ul>\n<li>\u00dchildub Electrolux Professional Compass Control\u00ae, Compass Pro\u00ae ja Clarus Control\u00ae juhtimisega pesumasinatega<\/li>\n<li>Integreeritud USB -port statistika kogumiseks ja s\u00e4\u00e4stude h\u00f5lpsaks j\u00e4lgimiseks<\/li>\n<li>Varustatud peristaltiliste pumpadega. 350 ml presstoru pesuvahendi kiireks doseerimiseks<\/li>\n<li>Saadaval 2, 3, 4, 5 v\u00f5i 6 pumba versioonina, mis sobib igale rakendusele<\/li>\n<\/ul>\n<p><span style=\"font-size: 14pt\"><strong>JETSAVE automaatne doseerimiss\u00fcsteem<\/strong><\/span><\/p>\n<p><strong>JETSAVE on uuenduslik vedela pesuaine doseerimiss\u00fcsteem loodud spetsiaalselt ClarusVibe<\/strong><br \/>\n<strong>juhtimisega Electrolux Line6000 pesumasinate jaoks.<\/strong><\/p>\n<ul>\n<li>Pesuaineid s\u00e4\u00e4stev \u00f6konoomne doseerimiss\u00fcsteem<\/li>\n<li>Lihtne paigaldada, lihtne programmeerimine: ClarusVibe programmi vastav ettevalmistus<\/li>\n<li>Kokku kuni 15 pumpa \u00fchendatuna samasse s\u00fcsteemi<\/li>\n<li>Madala pesuaine taseme alarm: pesuaine kanistri t\u00fchjenedes ilmub pesumasina ekraanile vastav hoiatusteade<\/li>\n<li>Stastikahaldus: k\u00f5iki doseerimisaruandeid\/-statistikaid saab alla laadida otse pesumasinast<\/li>\n<li>V\u00e4hem detaile ja lihtsam hooldus, lihtsam paigaldus: integreeritud loputuskollektor<\/li>\n<\/ul>\n<p>&nbsp;<\/p>","protected":false},"featured_media":15550,"template":"","meta":{"_acf_changed":false,"inline_featured_image":false},"product_brand":[],"product_cat":[4132],"product_tag":[],"class_list":{"0":"post-15549","1":"product","2":"type-product","3":"status-publish","4":"has-post-thumbnail","6":"product_cat-pesuainete-dosaatorid-ja-vee-tootluse-susteemid","8":"first","9":"outofstock","10":"shipping-taxable","11":"product-type-simple"},"acf":[],"_links":{"self":[{"href":"https:\/\/farwell.ee\/en\/wp-json\/wp\/v2\/product\/15549","targetHints":{"allow":["GET"]}}],"collection":[{"href":"https:\/\/farwell.ee\/en\/wp-json\/wp\/v2\/product"}],"about":[{"href":"https:\/\/farwell.ee\/en\/wp-json\/wp\/v2\/types\/product"}],"wp:featuredmedia":[{"embeddable":true,"href":"https:\/\/farwell.ee\/en\/wp-json\/wp\/v2\/media\/15550"}],"wp:attachment":[{"href":"https:\/\/farwell.ee\/en\/wp-json\/wp\/v2\/media?parent=15549"}],"wp:term":[{"taxonomy":"product_brand","embeddable":true,"href":"https:\/\/farwell.ee\/en\/wp-json\/wp\/v2\/product_brand?post=15549"},{"taxonomy":"product_cat","embeddable":true,"href":"https:\/\/farwell.ee\/en\/wp-json\/wp\/v2\/product_cat?post=15549"},{"taxonomy":"product_tag","embeddable":true,"href":"https:\/\/farwell.ee\/en\/wp-json\/wp\/v2\/product_tag?post=15549"}],"curies":[{"name":"wp","href":"https:\/\/api.w.org\/{rel}","templated":true}]}}