{"id":15540,"date":"2021-08-18T13:44:32","date_gmt":"2021-08-18T10:44:32","guid":{"rendered":"https:\/\/farwell.ee\/?post_type=product&#038;p=15540"},"modified":"2023-10-09T00:53:13","modified_gmt":"2023-10-08T21:53:13","slug":"kiletamisseade-primer-em-em-p-em-t","status":"publish","type":"product","link":"https:\/\/farwell.ee\/en\/product\/kiletamisseade-primer-em-em-p-em-t\/","title":{"rendered":"Kiletamisseade Primer EM \/ EM-P \/ EM-T"},"content":{"rendered":"","protected":false},"excerpt":{"rendered":"<p><span style=\"font-size: 14pt\"><strong>Omadused ja eelised<\/strong><\/span><\/p>\n<p>Seinale paigaldatavad v\u00f5i eraldi seisvad kiletamis-pakendamise seadmed triiks\u00e4rkidele, p\u00fckstele,<br \/>\npintsakutele ja muudele \u00fcleriietele<\/p>\n<ul>\n<li>EM mudel seinale kinnitamiseks<\/li>\n<li>EMP mudel eraldi seisev<\/li>\n<li>EMP eraldi seisev laud-t\u00fc\u00fcpi kiletamis-pakendamisseade<\/li>\n<\/ul>\n<p>Mudel EM<br \/>\nM\u00f5\u00f5tmed: 810(L) x 300(S) x 500(K)mm<br \/>\nSeinale paigaldatav kiletamis-pakendamisseade<br \/>\nManuaalne<br \/>\nKile sulatus\u00f5mbluse pikkus 600mm<br \/>\nElektri\u00fchendus 1x230V; 165W<\/p>\n<p>Mudel EMP<br \/>\nM\u00f5\u00f5tmed: 810(L) x 300(S) x 2000(K)mm<br \/>\nEraldi seisev kiletamis-pakendamisseade<br \/>\nManuaalne<br \/>\nKile sulatus\u00f5mbluse pikkus 600mm<br \/>\nElektri\u00fchendus 1x230V; 165W<\/p>\n<p>Mudel EMT<br \/>\nM\u00f5\u00f5tmed:1500(L) x 900(S) x 1400(K)mm<br \/>\nKiletamise-pakendamise laud<br \/>\nManuaalne<br \/>\n800 \u00fchiku pakendamiseks \/ tunnis<br \/>\nKile sulatus\u00f5mbluse pikkus 600mm<br \/>\nElektri\u00fchendus 1x230V; 330W<\/p>","protected":false},"featured_media":15541,"template":"","meta":{"_acf_changed":false,"inline_featured_image":false},"product_brand":[],"product_cat":[4165],"product_tag":[],"class_list":{"0":"post-15540","1":"product","2":"type-product","3":"status-publish","4":"has-post-thumbnail","6":"product_cat-iseteenindus-pesumaja","8":"first","9":"outofstock","10":"shipping-taxable","11":"product-type-simple"},"acf":[],"_links":{"self":[{"href":"https:\/\/farwell.ee\/en\/wp-json\/wp\/v2\/product\/15540","targetHints":{"allow":["GET"]}}],"collection":[{"href":"https:\/\/farwell.ee\/en\/wp-json\/wp\/v2\/product"}],"about":[{"href":"https:\/\/farwell.ee\/en\/wp-json\/wp\/v2\/types\/product"}],"wp:featuredmedia":[{"embeddable":true,"href":"https:\/\/farwell.ee\/en\/wp-json\/wp\/v2\/media\/15541"}],"wp:attachment":[{"href":"https:\/\/farwell.ee\/en\/wp-json\/wp\/v2\/media?parent=15540"}],"wp:term":[{"taxonomy":"product_brand","embeddable":true,"href":"https:\/\/farwell.ee\/en\/wp-json\/wp\/v2\/product_brand?post=15540"},{"taxonomy":"product_cat","embeddable":true,"href":"https:\/\/farwell.ee\/en\/wp-json\/wp\/v2\/product_cat?post=15540"},{"taxonomy":"product_tag","embeddable":true,"href":"https:\/\/farwell.ee\/en\/wp-json\/wp\/v2\/product_tag?post=15540"}],"curies":[{"name":"wp","href":"https:\/\/api.w.org\/{rel}","templated":true}]}}