{"id":15498,"date":"2021-08-16T14:10:18","date_gmt":"2021-08-16T11:10:18","guid":{"rendered":"https:\/\/farwell.ee\/?post_type=product&#038;p=15498"},"modified":"2025-01-27T13:43:53","modified_gmt":"2025-01-27T11:43:53","slug":"mypro-sahtliga-alus","status":"publish","type":"product","link":"https:\/\/farwell.ee\/en\/product\/mypro-sahtliga-alus\/","title":{"rendered":"myPRO sahtliga alus"},"content":{"rendered":"","protected":false},"excerpt":{"rendered":"<p><strong><span style=\"font-size: 14pt\">myPRO sahtliga alus pesumasina WE170 v\u00f5i kuivati TE1120 t\u00f6\u00f6k\u00f5rguse t\u00f5stmiseks<\/span><\/strong><\/p>\n<p><span style=\"font-size: 14pt\"><strong>Omadused ja eelised<\/strong><\/span><\/p>\n<ul>\n<li>maksimaalne kandev\u00f5ime 150 kg<\/li>\n<li>v\u00e4ljat\u00f5mmatav sahtel<\/li>\n<li>Sahtel sisaldab kahte plastanumat (125 x 315 x 145 mm)<\/li>\n<\/ul>\n<p><strong>Tootekood<\/strong><br \/>\nPDSTP10S<\/p>\n<p><strong>M\u00f5\u00f5dud (LxSxK), mm<\/strong><br \/>\n600 x 610-950 x 310<\/p>\n<p><strong>Tooteleht: <\/strong><a href=\"https:\/\/farwell.ee\/wp-content\/uploads\/mypro_pedestal.pdf\">mypro_pedestal<\/a><\/p>","protected":false},"featured_media":15499,"template":"","meta":{"_acf_changed":false,"inline_featured_image":false},"product_brand":[],"product_cat":[4128],"product_tag":[],"class_list":{"0":"post-15498","1":"product","2":"type-product","3":"status-publish","4":"has-post-thumbnail","6":"product_cat-pesumasinad-ja-kuivatid-professionaalseks-kasutuseks","8":"first","9":"outofstock","10":"shipping-taxable","11":"purchasable","12":"product-type-simple"},"acf":[],"_links":{"self":[{"href":"https:\/\/farwell.ee\/en\/wp-json\/wp\/v2\/product\/15498","targetHints":{"allow":["GET"]}}],"collection":[{"href":"https:\/\/farwell.ee\/en\/wp-json\/wp\/v2\/product"}],"about":[{"href":"https:\/\/farwell.ee\/en\/wp-json\/wp\/v2\/types\/product"}],"wp:featuredmedia":[{"embeddable":true,"href":"https:\/\/farwell.ee\/en\/wp-json\/wp\/v2\/media\/15499"}],"wp:attachment":[{"href":"https:\/\/farwell.ee\/en\/wp-json\/wp\/v2\/media?parent=15498"}],"wp:term":[{"taxonomy":"product_brand","embeddable":true,"href":"https:\/\/farwell.ee\/en\/wp-json\/wp\/v2\/product_brand?post=15498"},{"taxonomy":"product_cat","embeddable":true,"href":"https:\/\/farwell.ee\/en\/wp-json\/wp\/v2\/product_cat?post=15498"},{"taxonomy":"product_tag","embeddable":true,"href":"https:\/\/farwell.ee\/en\/wp-json\/wp\/v2\/product_tag?post=15498"}],"curies":[{"name":"wp","href":"https:\/\/api.w.org\/{rel}","templated":true}]}}