{"id":15439,"date":"2021-07-29T14:50:32","date_gmt":"2021-07-29T11:50:32","guid":{"rendered":"https:\/\/farwell.ee\/?post_type=product&#038;p=15439"},"modified":"2023-10-07T21:10:23","modified_gmt":"2023-10-07T18:10:23","slug":"triikimiskalander-imesa-mcm-2500-2800-3200","status":"publish","type":"product","link":"https:\/\/farwell.ee\/en\/product\/triikimiskalander-imesa-mcm-2500-2800-3200\/","title":{"rendered":"Triikimiskalander IMESA MCM 2500-2800-3200"},"content":{"rendered":"","protected":false},"excerpt":{"rendered":"<p>https:\/\/www.youtube.com\/watch?v=Xu4gkLn_YPs<\/p>\n<p><span style=\"font-size: 14pt\"><strong>Omadused ja eelised<\/strong><\/span><\/p>\n<p><strong>Imesa IM 10 juhtpaneel:<\/strong><\/p>\n<ul>\n<li>IM 10 protsessorjuhtimine, digitaalne juhttabloo, t\u00e4pne temperatuuri ja triikimiskiiruse seadistamise v\u00f5imalus.<\/li>\n<li>Kuni 128 automaatset triikimisprogrammi, parameetrite muutmise v\u00f5imalus triikimists\u00fckli ajal.<\/li>\n<li>Automaatne triikimiskiiruse valik vastavalt pesu niiskustasemele.<\/li>\n<li>Lineaarne triikimiss\u00fcsteem, triikimisrulli surve vastavalt triigitavale kangale<\/li>\n<li>Automaatne triikimisrulli mahajahutus t\u00f6\u00f6 l\u00f5petamisel<\/li>\n<li>Lina tagastus masina esik\u00fcljest<\/li>\n<li>Nomex\u00ae kattega surverull tagab suurep\u00e4rase triikimistulemuse.<\/li>\n<li>Nomex\u00ae-kangast vastupidavad triikimisrihmad taluvad temperatuuri \u00fcle 220 \u00b0C.<\/li>\n<li>S\u00f5rmekaitse ohutu t\u00f6\u00f6 tagamiseks.<\/li>\n<li>Nomex kattega triikimisrull mis talub temperatuure \u00fcle 200 \u00b0C .<\/li>\n<li>Reguleeritava k\u00f5rgusega kasutajas\u00f5bralik puidust etteandelaud.<\/li>\n<li>Kroomkattega s\u00fcsinikterasest triikimissilinder tagab s\u00fcsnikiterase hea temperatuuriinertsi ja kroomkate v\u00e4listab rooste tekke<\/li>\n<li>Hooldusvaba keraamiline infrapuna-t\u00fc\u00fcpi gaasip\u00f5leti, suurem efektiivsus ja s\u00e4\u00e4stlikkus<\/li>\n<li>V\u00f5imalus t\u00f6\u00f6tada kahes teineteisest s\u00f5ltumatus triikimistsoonis<\/li>\n<\/ul>\n<p><strong>Lisav\u00f5imalused<\/strong><\/p>\n<ul>\n<li>Imesa tsentraalse monitoorimiss\u00fcsteemiga \u00fchendamise valmidus<\/li>\n<li>L\u00e4bis\u00f6\u00f6tmise funktsiooniga<\/li>\n<\/ul>\n<p>M\u00f5\u00f5tmed:<br \/>\nMCM 2500 3400(L) x 1583(S) x 1678K)mm<br \/>\nMCM 2800 3610(L) x 1583(S) x 1678K)mm<br \/>\nMCM 3200 4040(L) x 1583(S) x 1678K)mm<br \/>\nTriikimisrulli laius<br \/>\nMCM 2500 2508 mm<br \/>\nMCM 2800 2717 mm<br \/>\nMCM 3200 3135 mm<br \/>\nTriikimisrulli l\u00e4bim\u00f5\u00f5t 502 mm<br \/>\nTriikimiskiirus 1 \u2013 9 m\/min<br \/>\nVee aurustamise j\u00f5udlus 31 \u2013 72 L\/h<br \/>\nTriikimisj\u00f5udlus 45 \u2013 110 kg\/h<br \/>\nK\u00fcte Elekter 3x380V; 48kW \/ 52kW \/ 61kW<br \/>\nGaas 53kW \/ 57kW \/ 68kW; elektri\u00fchendus 1,1kW<br \/>\nAur 62kW \/ 68kW \/ 78kW; elektri\u00fchendus 1,1kW<\/p>","protected":false},"featured_media":23963,"template":"","meta":{"_acf_changed":false,"inline_featured_image":false},"product_brand":[],"product_cat":[4131],"product_tag":[],"class_list":{"0":"post-15439","1":"product","2":"type-product","3":"status-publish","4":"has-post-thumbnail","6":"product_cat-triikimiskalandrid-ja-triikimis-seadmed","8":"first","9":"outofstock","10":"shipping-taxable","11":"product-type-simple"},"acf":[],"_links":{"self":[{"href":"https:\/\/farwell.ee\/en\/wp-json\/wp\/v2\/product\/15439","targetHints":{"allow":["GET"]}}],"collection":[{"href":"https:\/\/farwell.ee\/en\/wp-json\/wp\/v2\/product"}],"about":[{"href":"https:\/\/farwell.ee\/en\/wp-json\/wp\/v2\/types\/product"}],"wp:featuredmedia":[{"embeddable":true,"href":"https:\/\/farwell.ee\/en\/wp-json\/wp\/v2\/media\/23963"}],"wp:attachment":[{"href":"https:\/\/farwell.ee\/en\/wp-json\/wp\/v2\/media?parent=15439"}],"wp:term":[{"taxonomy":"product_brand","embeddable":true,"href":"https:\/\/farwell.ee\/en\/wp-json\/wp\/v2\/product_brand?post=15439"},{"taxonomy":"product_cat","embeddable":true,"href":"https:\/\/farwell.ee\/en\/wp-json\/wp\/v2\/product_cat?post=15439"},{"taxonomy":"product_tag","embeddable":true,"href":"https:\/\/farwell.ee\/en\/wp-json\/wp\/v2\/product_tag?post=15439"}],"curies":[{"name":"wp","href":"https:\/\/api.w.org\/{rel}","templated":true}]}}