{"id":15428,"date":"2021-07-29T12:49:19","date_gmt":"2021-07-29T09:49:19","guid":{"rendered":"https:\/\/farwell.ee\/?post_type=product&#038;p=15428"},"modified":"2021-08-16T12:52:48","modified_gmt":"2021-08-16T09:52:48","slug":"triikimiskalander-c-flex-1200","status":"publish","type":"product","link":"https:\/\/farwell.ee\/en\/product\/triikimiskalander-c-flex-1200\/","title":{"rendered":"Triikimiskalander C-Flex 1200"},"content":{"rendered":"","protected":false},"excerpt":{"rendered":"<p><span style=\"font-size: 14pt\"><strong>Suure tootlikkusega t\u00f6\u00f6stuslik kalander<\/strong><\/span><\/p>\n<p>https:\/\/youtu.be\/ep4aUEQbq-E<\/p>\n<p><span style=\"font-size: 14pt\"><strong>Omadused ja eelised<\/strong><\/span><\/p>\n<ul>\n<li>Nn \u201cChest\u201d v\u00f5i \u201cBed\u201d t\u00fc\u00fcpi fikseeritud rulli ja liikuva triikimispinnaga kalander tagab konstantse surve ja maksimaalse triikimispinnaga prima v\u00f5imal\u00f6iku triikimise kvaliteedi.<\/li>\n<li>Auru v\u00f5i termilise vedeliku k\u00fcte<\/li>\n<li>Triikimispinna ja rulli unikaalne disain kombineerituna parendatud soojusisolatsiooniga annab soojusenergia v\u00e4ljundiks 97%<\/li>\n<li>V\u00f5imalik paigaldada kuni kolm triikimis\u00fcksust saavutamaks triikimiskiiruseks 50 m\/min<\/li>\n<li>Fikseeritud rulli tehnoloogia tagab sujuva t\u00f6\u00f6protsessi<\/li>\n<li>Reguleeritav rulle imemisv\u00f5imsus<\/li>\n<\/ul>\n<p><strong>Tootekood<\/strong><br \/>\nC-FLEX 1200<\/p>\n<p><strong>M\u00f5\u00f5dud (LxSxK), mm<\/strong><br \/>\n4200-5400 \/ 1985-5125 \/ 1760<\/p>\n<p><strong>Triikimisrulli laius, mm<\/strong><br \/>\n3000 \/ 3300 \/ 3500 \/ 4200<\/p>\n<p><strong>Triikimisrulli l\u00e4bim\u00f5\u00f5t, mm<\/strong><br \/>\n1200 (1-3 rulli)<\/p>\n<p><strong>Tootlikkus<\/strong><br \/>\n500-710 \/ 1000-1420 \/ 1500-2130<\/p>\n<p><strong>Triikimiskiirus, m\/min<\/strong><br \/>\n6-51<\/p>\n<p><strong>Vee aurustamise v\u00f5imsus, l\/h<\/strong><br \/>\n210-1260<\/p>\n<p><strong>K\u00fcte<\/strong><br \/>\nAur<\/p>\n<p><strong>Elektri\u00fchendus, kW\/V\/Hz\/A<\/strong><br \/>\n7,9-30 \/ 400 \/ 50<\/p>","protected":false},"featured_media":15429,"template":"","meta":{"_acf_changed":false,"inline_featured_image":false},"product_brand":[],"product_cat":[4131],"product_tag":[],"class_list":{"0":"post-15428","1":"product","2":"type-product","3":"status-publish","4":"has-post-thumbnail","6":"product_cat-triikimiskalandrid-ja-triikimis-seadmed","8":"first","9":"outofstock","10":"shipping-taxable","11":"product-type-simple"},"acf":[],"_links":{"self":[{"href":"https:\/\/farwell.ee\/en\/wp-json\/wp\/v2\/product\/15428","targetHints":{"allow":["GET"]}}],"collection":[{"href":"https:\/\/farwell.ee\/en\/wp-json\/wp\/v2\/product"}],"about":[{"href":"https:\/\/farwell.ee\/en\/wp-json\/wp\/v2\/types\/product"}],"wp:featuredmedia":[{"embeddable":true,"href":"https:\/\/farwell.ee\/en\/wp-json\/wp\/v2\/media\/15429"}],"wp:attachment":[{"href":"https:\/\/farwell.ee\/en\/wp-json\/wp\/v2\/media?parent=15428"}],"wp:term":[{"taxonomy":"product_brand","embeddable":true,"href":"https:\/\/farwell.ee\/en\/wp-json\/wp\/v2\/product_brand?post=15428"},{"taxonomy":"product_cat","embeddable":true,"href":"https:\/\/farwell.ee\/en\/wp-json\/wp\/v2\/product_cat?post=15428"},{"taxonomy":"product_tag","embeddable":true,"href":"https:\/\/farwell.ee\/en\/wp-json\/wp\/v2\/product_tag?post=15428"}],"curies":[{"name":"wp","href":"https:\/\/api.w.org\/{rel}","templated":true}]}}