{"id":15414,"date":"2021-07-28T13:10:03","date_gmt":"2021-07-28T10:10:03","guid":{"rendered":"https:\/\/farwell.ee\/?post_type=product&#038;p=15414"},"modified":"2021-08-16T12:36:24","modified_gmt":"2021-08-16T09:36:24","slug":"triikimiskalander-ic44819-ic44832ffs","status":"publish","type":"product","link":"https:\/\/farwell.ee\/en\/product\/triikimiskalander-ic44819-ic44832ffs\/","title":{"rendered":"Triikimiskalander IC44819-IC44832FFS"},"content":{"rendered":"","protected":false},"excerpt":{"rendered":"<p><span style=\"font-size: 14pt\"><strong>Omadused ja eelised<\/strong><\/span><\/p>\n<ul>\n<li>\u00dche inimese t\u00f6\u00f6 alates niiske pesu masinasse sisestamisest kuni volditud ja triigitud linade saamiseni \u2013 see on \u00fclim triikimine.<\/li>\n<li>\u00dcldm\u00f5\u00f5tmetega 4815 mm \u00d7 1820 mm (IC44832FFS). Kompaktseim mudel omasuguste seas kogu turul.<\/li>\n<li>Automaatne \u00fcksiketteanne koos elektromehhaaniliste haaratsitega ja standardse vaakumlauaga, mis tagavad sujuva ja t\u00f5husa etteande.<\/li>\n<li>Puutetundliku ekraaniga juhtpaneel tekstivabaks seadistamiseks, mis tagab parima v\u00f5imaliku kasutusmugavuse.<\/li>\n<li>Dubixium\u2122-i mitmekihiline termo\u00f5liga triikimissilinder tagab alati sujuva seadme t\u00f6\u00f6 t\u00e4nu k\u00fclgede \u00fclekuumenemise v\u00e4ltimisele elektri- ja gaasisoojendusega mudelitel. See v\u00f5imaldab kuni 20% suuremat tootlikkust v\u00f5rreldes tavap\u00e4raste triikimissilindritega.<\/li>\n<li>Automaatne triikimiskiiruse reguleerimiss\u00fcsteem DIAMMSTMtagab parimad tulemused iga kasutajaga. See ainulaadne omadus v\u00f5imaldab t\u00e4iuslikult kuivi linu olenemata kasutaja oskustest.<\/li>\n<li>Hooldusvaba keraamiline gaasip\u00f5leti parandab masina t\u00f6\u00f6kindlust ning v\u00e4ldib t\u00f6\u00f6seisakuid ja v\u00e4hendab gaasitarvet (kuni 20%). Ainulaadne ja patenteeritud omadus.<\/li>\n<li>Oote- ja puhkere\u017eiim parimaks v\u00f5imalikuks energia s\u00e4\u00e4stmiseks.<\/li>\n<li>Survevedrudega riikimisrull tagab suurep\u00e4rased triikimistulemused.<\/li>\n<li>Nomex\u00ae-kangast vastupidavad triikimisrihmad taluvad temperatuure \u00fcle 220 \u00b0C ning tagavad optimaalse t\u00f6\u00f6kvaliteedi ja ohutuse.<\/li>\n<li>S\u00f5rmekaitse tagab masina kasutajale parima v\u00f5imaliku turvalisuse.<\/li>\n<li>Mitmek\u00fclgne virnastaja v\u00e4ljastab linadevirnad masina eest v\u00f5i tagant.<\/li>\n<\/ul>\n<p><strong>Lisav\u00f5imalused<\/strong><\/p>\n<ul>\n<li>Sisseehitatud \u00f5hukompressor, mis tagab s\u00f5ltumatu toimimise ja kiirema paigaldamise.<\/li>\n<li>Virnastaja t\u00f6\u00f6 t\u00fchistamine kokkuvolditud linade v\u00e4ljastamiseks konveierile.<\/li>\n<\/ul>\n<p><strong>Tootekood<\/strong><br \/>\nIC44819-IC44832FFS<\/p>\n<p><strong>M\u00f5\u00f5dud (LxSxK), mm<\/strong><br \/>\n3555-4815 x 1820 x 1590<\/p>\n<p><strong>Triikimisrulli laius, mm<\/strong><br \/>\n1910 \/ 2540 \/ 3170<\/p>\n<p><strong>Triikimisrulli l\u00e4bim\u00f5\u00f5t, mm<\/strong><br \/>\n479 (el, gaas) \/ 457 (aur)<\/p>\n<p><strong>Triikimiskiirus, m\/min<\/strong><br \/>\n1,5-11<\/p>\n<p><strong>Vee aurustamise v\u00f5imsus, l\/h<\/strong><br \/>\n38-93<\/p>\n<p><strong>K\u00fcte<\/strong><br \/>\nElekter \/ Gaas \/ Aur<\/p>\n<p><strong>K\u00fcttev\u00f5imsus, kW<\/strong><br \/>\n33-65<\/p>\n<p><strong>Elektri\u00fchendus, kW\/V\/Hz\/A<\/strong><br \/>\n35,7-56,8 \/ 400 \/ 50 \/ 63-100<\/p>","protected":false},"featured_media":15415,"template":"","meta":{"_acf_changed":false,"inline_featured_image":false},"product_brand":[],"product_cat":[4131],"product_tag":[],"class_list":{"0":"post-15414","1":"product","2":"type-product","3":"status-publish","4":"has-post-thumbnail","6":"product_cat-triikimiskalandrid-ja-triikimis-seadmed","8":"first","9":"outofstock","10":"shipping-taxable","11":"product-type-simple"},"acf":[],"_links":{"self":[{"href":"https:\/\/farwell.ee\/en\/wp-json\/wp\/v2\/product\/15414","targetHints":{"allow":["GET"]}}],"collection":[{"href":"https:\/\/farwell.ee\/en\/wp-json\/wp\/v2\/product"}],"about":[{"href":"https:\/\/farwell.ee\/en\/wp-json\/wp\/v2\/types\/product"}],"wp:featuredmedia":[{"embeddable":true,"href":"https:\/\/farwell.ee\/en\/wp-json\/wp\/v2\/media\/15415"}],"wp:attachment":[{"href":"https:\/\/farwell.ee\/en\/wp-json\/wp\/v2\/media?parent=15414"}],"wp:term":[{"taxonomy":"product_brand","embeddable":true,"href":"https:\/\/farwell.ee\/en\/wp-json\/wp\/v2\/product_brand?post=15414"},{"taxonomy":"product_cat","embeddable":true,"href":"https:\/\/farwell.ee\/en\/wp-json\/wp\/v2\/product_cat?post=15414"},{"taxonomy":"product_tag","embeddable":true,"href":"https:\/\/farwell.ee\/en\/wp-json\/wp\/v2\/product_tag?post=15414"}],"curies":[{"name":"wp","href":"https:\/\/api.w.org\/{rel}","templated":true}]}}