{"id":15407,"date":"2021-07-26T14:33:45","date_gmt":"2021-07-26T11:33:45","guid":{"rendered":"https:\/\/farwell.ee\/?post_type=product&#038;p=15407"},"modified":"2025-02-10T15:33:18","modified_gmt":"2025-02-10T13:33:18","slug":"triikimiskalander-c-200-50-c-330-50-lf","status":"publish","type":"product","link":"https:\/\/farwell.ee\/en\/product\/triikimiskalander-c-200-50-c-330-50-lf\/","title":{"rendered":"Triikimiskalander CM-2050 T2 LF &#8211;  CM-3350 T2 LF"},"content":{"rendered":"","protected":false},"excerpt":{"rendered":"<p>https:\/\/www.youtube.com\/watch?v=RJxWDkxq8-U<\/p>\n<p><span style=\"font-size: 14pt\"><strong>Omadused ja eelised<\/strong><\/span><\/p>\n<p><strong>Domus T2 juhtpaneel:<\/strong><\/p>\n<ul>\n<li>Domus T2 vabalt programmeeritav protsessorjuhtimine, k\u00f5ik programmi parameetrid seadistatavad ja<br \/>\nvabalt muudetavad.<\/li>\n<li>Eesti, inglise ja vene keelne kasutajamen\u00fc\u00fc<\/li>\n<li>Touch Screen 7\u201c puutetundlik ekraan, 5 eelseadistatud programmi, limiteerimata<br \/>\ntriikimisprogrammide programmeerimise v\u00f5imalus.<\/li>\n<li>Programmide personaalarvutis koostamise v\u00f5imalus, programmeerimine ja programmide eksport-<br \/>\nimport USB liidese kaudu. Masinaga kaasas tarkvara personaalarvutis programmide koostamiseks ja<br \/>\nanal\u00fc\u00fcsiks.<\/li>\n<li>Lina tagastus masina esik\u00fcljest<\/li>\n<li>S\u00f5rmekaitse ohutu t\u00f6\u00f6 tagamiseks.<\/li>\n<li>Nomex\u00ae kattega surverull tagab suurep\u00e4rase triikimistulemuse.<\/li>\n<li>Nomex\u00ae-kangast vastupidavad triikimisrihmad taluvad temperatuuri \u00fcle 220 \u00b0C.<\/li>\n<li>Kroomkattega s\u00fcsinikterasest triikimissilinder tagab s\u00fcsnikiterase hea temperatuuriinertsi ja<br \/>\nkroomkate v\u00e4listab rooste tekke<\/li>\n<li>Hooldusvaba keraamiline infrapuna-t\u00fc\u00fcpi gaasip\u00f5leti, suurem efektiivsus ja s\u00e4\u00e4stlikkus<\/li>\n<li>MASIN ON VARUSTATUD AUTOMAATSE PIKIVOLTIMISEFINKTSIOONIGA<\/li>\n<\/ul>\n<p><strong>Lisav\u00f5imalused<\/strong><\/p>\n<ul>\n<li>Smart Iron automaatne triikimiskiiruse kontrolli s\u00fcsteem, vastavalt pesu niiskustasemele<br \/>\nvalitakse automaatselt triikimiskiirus (koosk\u00f5las RABC starndardiga)<\/li>\n<li>Domus Net monitoorimiss\u00fcsteemiga \u00fchendamise valmidus<\/li>\n<li>Automaatne triikimiskiiruse reguleering maksimaalse triikimiskiiruse ja tootlikkuse<br \/>\nsaavutamiseks, kuni 15m\/min<\/li>\n<li>Kroomkattega triikimisrull<\/li>\n<li>L\u00e4bis\u00f6\u00f6tmise funktsiooniga<\/li>\n<\/ul>\n<p>M\u00f5\u00f5tmed:<br \/>\nC-200\/50 2845(L) x 1070(S) x 1420K)mm<br \/>\nC-260\/50 3445(L) x 1070(S) x 1420K)mm<br \/>\nC-330\/50 4145(L) x 1070(S) x 1420K)mm<br \/>\nTriikimisrulli laius<br \/>\nC-200\/50 2000 mm<br \/>\nC-260\/50 2600 mm<br \/>\nC-330\/50 3300 mm<br \/>\nTriikimisrulli l\u00e4bim\u00f5\u00f5t 500 mm<br \/>\nTriikimiskiirus 1 \u2013 8 m\/min<br \/>\nVee aurustamise j\u00f5udlus 35 \u2013 84 L\/h<br \/>\nTriikimisj\u00f5udlus 50 \u2013 120 kg\/h<br \/>\nK\u00fcte Elekter 3x380V; 32kW \/ 41kW \/ 54,5kW<br \/>\nGaas 40kW \/ 55kW \/ 69kW; elektri\u00fchendus 0,6 \u2013 0,9kW<br \/>\nAur 50kW \/ 64kW \/ 81kW; elektri\u00fchendus 0,6 \u2013 0,9kW<\/p>","protected":false},"featured_media":32189,"template":"","meta":{"_acf_changed":false,"inline_featured_image":false},"product_brand":[],"product_cat":[4131],"product_tag":[],"class_list":{"0":"post-15407","1":"product","2":"type-product","3":"status-publish","4":"has-post-thumbnail","6":"product_cat-triikimiskalandrid-ja-triikimis-seadmed","8":"first","9":"outofstock","10":"shipping-taxable","11":"product-type-simple"},"acf":[],"_links":{"self":[{"href":"https:\/\/farwell.ee\/en\/wp-json\/wp\/v2\/product\/15407","targetHints":{"allow":["GET"]}}],"collection":[{"href":"https:\/\/farwell.ee\/en\/wp-json\/wp\/v2\/product"}],"about":[{"href":"https:\/\/farwell.ee\/en\/wp-json\/wp\/v2\/types\/product"}],"wp:featuredmedia":[{"embeddable":true,"href":"https:\/\/farwell.ee\/en\/wp-json\/wp\/v2\/media\/32189"}],"wp:attachment":[{"href":"https:\/\/farwell.ee\/en\/wp-json\/wp\/v2\/media?parent=15407"}],"wp:term":[{"taxonomy":"product_brand","embeddable":true,"href":"https:\/\/farwell.ee\/en\/wp-json\/wp\/v2\/product_brand?post=15407"},{"taxonomy":"product_cat","embeddable":true,"href":"https:\/\/farwell.ee\/en\/wp-json\/wp\/v2\/product_cat?post=15407"},{"taxonomy":"product_tag","embeddable":true,"href":"https:\/\/farwell.ee\/en\/wp-json\/wp\/v2\/product_tag?post=15407"}],"curies":[{"name":"wp","href":"https:\/\/api.w.org\/{rel}","templated":true}]}}