{"id":15365,"date":"2021-07-20T12:54:41","date_gmt":"2021-07-20T09:54:41","guid":{"rendered":"https:\/\/farwell.ee\/?post_type=product&#038;p=15365"},"modified":"2025-01-30T15:50:37","modified_gmt":"2025-01-30T13:50:37","slug":"trummelkuivati-td6-37","status":"publish","type":"product","link":"https:\/\/farwell.ee\/en\/product\/trummelkuivati-td6-37\/","title":{"rendered":"Trummelkuivati TD6-37"},"content":{"rendered":"","protected":false},"excerpt":{"rendered":"<p><span style=\"font-size: 14pt\"><strong>Omadused ja eelised<\/strong><\/span><\/p>\n<ul>\n<li>Madala energiatarbe tagavad teljesihiline \u00f5huvool ja masina \u00f5hukindel \u00fclesehitus.<\/li>\n<li>Suur tootlikkus, koguni 2 masinat\u00e4it tunnis.<\/li>\n<li>Suur ukseava mugavaks pesu sissepanemiseks ja v\u00e4ljav\u00f5tmiseks.<\/li>\n<li>Lihtne ja ergonoomiline ligip\u00e4\u00e4s ebemefiltrile.<\/li>\n<li>Suurep\u00e4rased aurustumisn\u00e4itajad energiatarbe kWh kohta.<\/li>\n<\/ul>\n<p><strong>Compass Pro juhtpaneel:<\/strong><\/p>\n<ul>\n<li>suur ja selgeltloetav ekraan koos juhtnupuga lihtsaks programmide valimisek<\/li>\n<li>kerge ligip\u00e4\u00e4s seadistustele t\u00e4nu kasutajas\u00f5bralikule kasutajaliidesel<\/li>\n<li>keelevalik<\/li>\n<li>s\u00e4\u00e4stlikkusele, r\u00f5ivahooldusele ja aja kokkuhoiule h\u00e4\u00e4lestatud kuivatusprogrammi<\/li>\n<li>haldusprogramm parameetrite seadistamisekd<\/li>\n<li>USB-\u00fchendus<\/li>\n<li><strong>Global Advanced Hygiene<\/strong><\/li>\n<li><strong>Programmipakett Global Advanced Hygiene* koos pesuprotsessiga, mille r\u00f5ivaid desinfitseeriv toime on t\u00f5endatult log 6**, ja mis vastab k\u00f5igi kohalike kinnitatud standardite n\u00f5uetele<\/strong><\/li>\n<\/ul>\n<p><strong>Lisav\u00f5imalused<\/strong><\/p>\n<ul>\n<li>Roostevabast terasest esipaneel ja trummel<\/li>\n<li>J\u00e4\u00e4kniiskuse kontroll<\/li>\n<li>\u00dchendamine broneerimis- ja makses\u00fcsteemide v\u00f5i m\u00fcndiloenduritega<\/li>\n<li>V\u00e4rske \u00f5hu sisselase<\/li>\n<li>Heit\u00f5hu ventilatsioon \u00fclevalt M\u00e4rkus! Pealmine ventilatsioonitoru \u00fchendus ei ole v\u00f5imalik aurusoojendusega trummelkuivatite puhul<\/li>\n<\/ul>\n<p><strong>Accessories<\/strong><\/p>\n<ul>\n<li>Lisatarvik eriliste esemete kuivatamiseks<\/li>\n<\/ul>\n<p><strong>Tootekood<\/strong><br \/>\nTD6-37<\/p>\n<p><strong>Mahutavus, kg<\/strong><br \/>\n37,5<\/p>\n<p><strong>Trumli maht, L<\/strong><br \/>\n675<\/p>\n<p><strong>Trumli l\u00e4bim\u00f5\u00f5t, mm<\/strong><br \/>\n913<\/p>\n<p><strong>K\u00fcte<\/strong><br \/>\nElekter \/ Gaas \/ Aur<\/p>\n<p><strong>Elektri\u00fchendus, kW\/V\/Hz\/A<\/strong><br \/>\n42,5 \/ 400 \/ 50 \/ 63<\/p>\n<p><strong>Kuivatusprogrammi kestus, min<\/strong><br \/>\n23 (30,6 kg puhul)<\/p>\n<p><strong>Programmi energiakulu, kWh<\/strong><br \/>\n15,1 (30,6 kg puhul)<\/p>\n<p><strong>M\u00f5\u00f5dud (LxSxK), mm<\/strong><br \/>\n961x1560x1857<\/p>\n<p><strong>Tooteleht: <\/strong><a href=\"https:\/\/farwell.ee\/wp-content\/uploads\/Trummelkuivati_TD6-37_EE-1.pdf\">TD6-37<\/a><\/p>","protected":false},"featured_media":15366,"template":"","meta":{"_acf_changed":false,"inline_featured_image":false},"product_brand":[],"product_cat":[4130],"product_tag":[],"class_list":{"0":"post-15365","1":"product","2":"type-product","3":"status-publish","4":"has-post-thumbnail","6":"product_cat-toostuslikud-kuivatid","8":"first","9":"outofstock","10":"shipping-taxable","11":"purchasable","12":"product-type-simple"},"acf":[],"_links":{"self":[{"href":"https:\/\/farwell.ee\/en\/wp-json\/wp\/v2\/product\/15365","targetHints":{"allow":["GET"]}}],"collection":[{"href":"https:\/\/farwell.ee\/en\/wp-json\/wp\/v2\/product"}],"about":[{"href":"https:\/\/farwell.ee\/en\/wp-json\/wp\/v2\/types\/product"}],"wp:featuredmedia":[{"embeddable":true,"href":"https:\/\/farwell.ee\/en\/wp-json\/wp\/v2\/media\/15366"}],"wp:attachment":[{"href":"https:\/\/farwell.ee\/en\/wp-json\/wp\/v2\/media?parent=15365"}],"wp:term":[{"taxonomy":"product_brand","embeddable":true,"href":"https:\/\/farwell.ee\/en\/wp-json\/wp\/v2\/product_brand?post=15365"},{"taxonomy":"product_cat","embeddable":true,"href":"https:\/\/farwell.ee\/en\/wp-json\/wp\/v2\/product_cat?post=15365"},{"taxonomy":"product_tag","embeddable":true,"href":"https:\/\/farwell.ee\/en\/wp-json\/wp\/v2\/product_tag?post=15365"}],"curies":[{"name":"wp","href":"https:\/\/api.w.org\/{rel}","templated":true}]}}