{"id":15361,"date":"2021-07-20T12:30:15","date_gmt":"2021-07-20T09:30:15","guid":{"rendered":"https:\/\/farwell.ee\/?post_type=product&#038;p=15361"},"modified":"2025-01-30T15:47:23","modified_gmt":"2025-01-30T13:47:23","slug":"trummelkuivati-td6-20","status":"publish","type":"product","link":"https:\/\/farwell.ee\/en\/product\/trummelkuivati-td6-20\/","title":{"rendered":"Trummelkuivati TD6-20"},"content":{"rendered":"","protected":false},"excerpt":{"rendered":"<p><span style=\"font-size: 14pt\"><strong>Omadused ja eelised<\/strong><\/span><\/p>\n<p><span style=\"font-size: 14pt\"><strong>Erakordselt s\u00e4\u00e4stlik ja mugavalt kasutatav kuivati<\/strong><\/span><\/p>\n<p><strong>Ergonoomiline kasutajakeskne disain v\u00e4ldib \u00fcleliigset stressi \u2013 Ergocert 4-t\u00e4rni sertifikaat<\/strong><\/p>\n<ul>\n<li>Suur luugiava mugavaks pesu sissepanemiseks ja v\u00e4ljav\u00f5tmiseks.<\/li>\n<li>Horisontaalne filtrisahtel avaneb seadme ette ja puhastamiseks ei pea kummardama<\/li>\n<li>Muudetav uksepoolsus mugavaks pesude k\u00e4sitlemiseks.<\/li>\n<\/ul>\n<p><strong>J\u00e4\u00e4kniiskuse kontroll (MB) tagab soovitud kuivatustasemega pesu ja s\u00e4\u00e4sta energiatarbimist<\/strong><\/p>\n<ul>\n<li>P\u00f6\u00f6rlemissuunda muutev sisetrummel (reverse) v\u00e4hendab kortsumist ja tagab \u00fchtlaselt kuiva pesu<\/li>\n<\/ul>\n<p><strong>Compass Pro nutikas kasutajaliides<\/strong><\/p>\n<ul>\n<li>on kasutaja p\u00e4ralt on suure ekraani kaudu, mis v\u00f5imaldab programme seadistada<\/li>\n<li>kiirvalikute nupud enimkasutatavate programmidele<\/li>\n<li>intuitiivsed uued ikoonid tavap\u00e4rase\/madala temperatuuri, \u00f5rnale pesule ja muudele valikutele<\/li>\n<\/ul>\n<p><strong>Electrolux OnE \u2013 j\u00e4lgi digitaalselt masina kasutust ja tootlikkust k\u00f5ikja<\/strong>l<\/p>\n<ul>\n<li>v\u00f5imaldab optimeerimise abil t\u00f5hustada protsessi ja t\u00f5sta tulusust<\/li>\n<\/ul>\n<p><strong>Lisav\u00f5imalused<\/strong><\/p>\n<ul>\n<li>Soojust\u00f5kkega luugiklaas \u2013 hoiab klaasi v\u00e4lispinna jaheda ja soojuse kuivati sees.<\/li>\n<li>Lagoon Advanced Care (\u00f5rnad) kuivatusprogrammid<\/li>\n<li>Trumli p\u00f6\u00f6rlemiskiiruse reguleerimisv\u00f5imalus \u2013 tagab pesu \u00f5ige liikumise trumlis ja kiirema kuivamise<\/li>\n<li>Roostevabast terasest luuk, esi- ja k\u00fcljepaneelid.<\/li>\n<li>Valmisolek makses\u00fcsteemidaga \u00fchendamiseks.<\/li>\n<li>Kohanduv ventilaatori juhts\u00fcsteem \u2013 muudab automaatselt ventilaatori kiirust, et s\u00e4\u00e4sta energiat, v\u00e4hendada kuivatusaega ja tagada \u00fchtlasem kuivatustulemus. Seda on v\u00f5imalik vajaduse korral kasutada ka m\u00fcrataseme v\u00e4hendamiseks (saadaval ainul elektrik\u00fcttega kuivatitel).<\/li>\n<\/ul>\n<p><strong>Tootekood<\/strong><br \/>\nTD6-20<\/p>\n<p><strong>Mahutavus, kg<\/strong><br \/>\n20<\/p>\n<p><strong>Trumli maht, L<\/strong><br \/>\n360<\/p>\n<p><strong>Trumli l\u00e4bim\u00f5\u00f5t, mm<\/strong><br \/>\n755<\/p>\n<p><strong>K\u00fcte<\/strong><br \/>\nElekter \/ Gaas \/ Aur<\/p>\n<p><strong>Elektri\u00fchendus, kW\/V\/Hz\/A<\/strong><br \/>\n19 \/ 400 \/ 50 \/ 36<\/p>\n<p><strong>Kuivatusprogrammi kestus, min<\/strong><br \/>\n27<\/p>\n<p><strong>Programmi energiakulu, kWh<\/strong><br \/>\n8,2<\/p>\n<p><strong>M\u00f5\u00f5dud (LxSxK), mm<\/strong><br \/>\n790 x 1202 x 1771<\/p>\n<p><strong>Tooteleht: <\/strong><a href=\"https:\/\/farwell.ee\/wp-content\/uploads\/Trummelkuivati_TD6-20_EE.pdf\">TD6-20<\/a><\/p>","protected":false},"featured_media":15362,"template":"","meta":{"_acf_changed":false,"inline_featured_image":false},"product_brand":[],"product_cat":[4130],"product_tag":[],"class_list":{"0":"post-15361","1":"product","2":"type-product","3":"status-publish","4":"has-post-thumbnail","6":"product_cat-toostuslikud-kuivatid","8":"first","9":"outofstock","10":"shipping-taxable","11":"purchasable","12":"product-type-simple"},"acf":[],"_links":{"self":[{"href":"https:\/\/farwell.ee\/en\/wp-json\/wp\/v2\/product\/15361","targetHints":{"allow":["GET"]}}],"collection":[{"href":"https:\/\/farwell.ee\/en\/wp-json\/wp\/v2\/product"}],"about":[{"href":"https:\/\/farwell.ee\/en\/wp-json\/wp\/v2\/types\/product"}],"wp:featuredmedia":[{"embeddable":true,"href":"https:\/\/farwell.ee\/en\/wp-json\/wp\/v2\/media\/15362"}],"wp:attachment":[{"href":"https:\/\/farwell.ee\/en\/wp-json\/wp\/v2\/media?parent=15361"}],"wp:term":[{"taxonomy":"product_brand","embeddable":true,"href":"https:\/\/farwell.ee\/en\/wp-json\/wp\/v2\/product_brand?post=15361"},{"taxonomy":"product_cat","embeddable":true,"href":"https:\/\/farwell.ee\/en\/wp-json\/wp\/v2\/product_cat?post=15361"},{"taxonomy":"product_tag","embeddable":true,"href":"https:\/\/farwell.ee\/en\/wp-json\/wp\/v2\/product_tag?post=15361"}],"curies":[{"name":"wp","href":"https:\/\/api.w.org\/{rel}","templated":true}]}}