{"id":15344,"date":"2021-07-19T13:18:45","date_gmt":"2021-07-19T10:18:45","guid":{"rendered":"https:\/\/farwell.ee\/?post_type=product&#038;p=15344"},"modified":"2025-03-05T18:42:32","modified_gmt":"2025-03-05T16:42:32","slug":"trummelkuivati-ddo-17t2","status":"publish","type":"product","link":"https:\/\/farwell.ee\/en\/product\/trummelkuivati-ddo-17t2\/","title":{"rendered":"Trummelkuivati DTT2-18T2 STACKED"},"content":{"rendered":"","protected":false},"excerpt":{"rendered":"<p><span style=\"font-size: 14pt\"><strong>Omadused ja eelised<\/strong><\/span><\/p>\n<p><strong>Erakordselt s\u00e4\u00e4stlik ja mugavalt kasutatav kuivati<\/strong><\/p>\n<p><strong>Domus T2 juhtpaneel:<\/strong><\/p>\n<ul>\n<li>Kasutajas\u00f5bralik Domus T2 vabalt programmeeritav protsessorjuhtimine, k\u00f5ik programmi parameetrid<br \/>\nseadistatavad ja vabalt muudetavad.<\/li>\n<li>Eesti, inglise ja vene keelne kasutajamen\u00fc\u00fc<\/li>\n<li>Touch Screen 7\u201c puutetundlik ekraan, 29 eelseadistatud programmi (4 eco-programmi)<\/li>\n<li>Programmide personaalarvutis koostamise v\u00f5imalus, programmeerimine ja programmide eksport-<br \/>\nimport USB liidese kaudu. Masinaga kaasas tarkvara personaalarvutis programmide koostamiseks ja<br \/>\nanal\u00fc\u00fcsiks.<\/li>\n<\/ul>\n<p><strong>Vabalt programmeeritav juhtimine: maksimaalne s\u00e4\u00e4stlikkus<\/strong><\/p>\n<ul>\n<li>Ergonoomiline disain, suur luugiava mugavaks pesu sissepanemiseks ja v\u00e4ljav\u00f5tmiseks<\/li>\n<li>Roostevaba terasest trummel tagab maksimaalse kemikaali- ja korrosioonikindluse<\/li>\n<li>Sagedusjuhtimisega mootor tagab trumli sujuva p\u00f6\u00f6rlemise<\/li>\n<\/ul>\n<p><strong>Maksimaalne efektiivsus<\/strong><\/p>\n<ul>\n<li>Kahe kuivatustrumliga kuivati<\/li>\n<li>Reversseeriv trummel: p\u00e4rip\u00e4eva ja vastup\u00e4eva pesu p\u00f6\u00f6rlemine trumlis tagab<br \/>\nmaksimaalselt kiire ja \u00fchtlase kuivatustulemuse ning v\u00e4ldib suurte kangaste kokku<br \/>\nkeerdumist<\/li>\n<li>Kahes\u00fcsteemne (radiaal-aksiaalne) \u00f5huvool suurendab kuivatamise efektiivsust<\/li>\n<li>Horisontaalne filtrisahtel lihtsaks puhastamiseks, roostevabaterasest ebemefilter<\/li>\n<li>Muudetav uksepoolsus mugavaks pesude k\u00e4sitlemiseks<\/li>\n<\/ul>\n<p><strong>Lisav\u00f5imalused:<\/strong><\/p>\n<ul>\n<li>Smart Dry \u2013 intelligentne automaatne j\u00e4\u00e4kniiskuse kontrolli s\u00fcsteem tagab soovitud kuivatustaseme<br \/>\nja s\u00e4\u00e4stab energiat<\/li>\n<li>Topelt klaasiga uks v\u00e4hendab energiakadu<\/li>\n<li>\u00d5hu korduvkasutuss\u00fcsteem v\u00e4hendab energia kulu kuni -30%<\/li>\n<li>T\u00e4iendavalt niiskus-isoleeritud elektri- ja juhtimiss\u00fcsteem niisketes ja m\u00e4rgades oludes kasutamiseks<\/li>\n<li>Automaatne Sprinkler-tulesummutuss\u00fcsteem tagab maksimaalse tuleohutuse<\/li>\n<li>Roostevabaterasest esipaneel<\/li>\n<li>IoT Primerlink, \u00fchendamine manageerimis- ja j\u00e4lgimise s\u00fcsteemiga<\/li>\n<\/ul>\n<p>M\u00f5\u00f5tmed: 784(L) x1242(S) x 1980(K)mm<br \/>\nMahutavus 2 x 17kg; trummel \u2013 2 x 330L<br \/>\nSuur tootlikkus 40 -42kg\/ h<br \/>\nRoostevabast terasest kuivatustrummel<br \/>\nSuur trumli l\u00e4bim\u00f5\u00f5t \u2013 750mm; suur ukseava- 574mm<br \/>\n100% vabalt programmeeritav protsessorjuhtimine, k\u00f5ik programmi parameetrid seadistatavad ja vabalt<br \/>\nmuudetavad.<br \/>\nelektrik\u00fcttega: 3x380V; 25 kW \/ gaasik\u00fcttega 25 kW (elektri\u00fchendus 1,34kW)<\/p>\n<p><strong>Tooteleht: <\/strong><a href=\"https:\/\/farwell.ee\/wp-content\/uploads\/DTT2-18_EN.pdf\">DTT2-18<\/a><\/p>","protected":false},"featured_media":22449,"template":"","meta":{"_acf_changed":false,"inline_featured_image":false},"product_brand":[],"product_cat":[4130],"product_tag":[],"class_list":{"0":"post-15344","1":"product","2":"type-product","3":"status-publish","4":"has-post-thumbnail","6":"product_cat-toostuslikud-kuivatid","8":"first","9":"outofstock","10":"shipping-taxable","11":"purchasable","12":"product-type-simple"},"acf":[],"_links":{"self":[{"href":"https:\/\/farwell.ee\/en\/wp-json\/wp\/v2\/product\/15344","targetHints":{"allow":["GET"]}}],"collection":[{"href":"https:\/\/farwell.ee\/en\/wp-json\/wp\/v2\/product"}],"about":[{"href":"https:\/\/farwell.ee\/en\/wp-json\/wp\/v2\/types\/product"}],"wp:featuredmedia":[{"embeddable":true,"href":"https:\/\/farwell.ee\/en\/wp-json\/wp\/v2\/media\/22449"}],"wp:attachment":[{"href":"https:\/\/farwell.ee\/en\/wp-json\/wp\/v2\/media?parent=15344"}],"wp:term":[{"taxonomy":"product_brand","embeddable":true,"href":"https:\/\/farwell.ee\/en\/wp-json\/wp\/v2\/product_brand?post=15344"},{"taxonomy":"product_cat","embeddable":true,"href":"https:\/\/farwell.ee\/en\/wp-json\/wp\/v2\/product_cat?post=15344"},{"taxonomy":"product_tag","embeddable":true,"href":"https:\/\/farwell.ee\/en\/wp-json\/wp\/v2\/product_tag?post=15344"}],"curies":[{"name":"wp","href":"https:\/\/api.w.org\/{rel}","templated":true}]}}