{"id":15321,"date":"2021-07-09T15:01:21","date_gmt":"2021-07-09T12:01:21","guid":{"rendered":"https:\/\/farwell.ee\/?post_type=product&#038;p=15321"},"modified":"2025-01-30T15:46:08","modified_gmt":"2025-01-30T13:46:08","slug":"trummelkuivati-td6-16","status":"publish","type":"product","link":"https:\/\/farwell.ee\/en\/product\/trummelkuivati-td6-16\/","title":{"rendered":"Trummelkuivati TD6-16"},"content":{"rendered":"","protected":false},"excerpt":{"rendered":"<p><strong><span style=\"font-size: 14pt\">Omadused ja eelised<\/span><\/strong><\/p>\n<ul>\n<li>Suur tootlikkus, koguni 2 masinat\u00e4it tunnis.<\/li>\n<li>Suur ukseava mugavaks pesu sissepanemiseks ja v\u00e4ljav\u00f5tmiseks.<\/li>\n<li>Lihtne ja ergonoomiline ligip\u00e4\u00e4s ebemefiltrile.<\/li>\n<li>Suurep\u00e4rased aurustumisn\u00e4itajad energiatarbe kWh kohta.<\/li>\n<li><strong>Compass Pro programmihalduriga:<\/strong>\n<ul>\n<li>suur ja selgeltloetav ekraan koos juhtnupuga lihtsaks programmide valimiseks<\/li>\n<li>kerge ligip\u00e4\u00e4s seadistustele t\u00e4nu kasutajas\u00f5bralikule kasutajaliidesele<\/li>\n<li>keelevalik<\/li>\n<li>s\u00e4\u00e4stlikkusele, r\u00f5ivahooldusele ja aja kokkuhoiule h\u00e4\u00e4lestatud kuivatusprogrammid<\/li>\n<li>haldusprogramm parameetrite seadistamiseks, USB-\u00fchenus<\/li>\n<\/ul>\n<\/li>\n<li><strong>Global Advanced Hygiene<\/strong><\/li>\n<\/ul>\n<p>Programmipakett Global Advanced Hygiene* koos pesuprotsessiga, mille r\u00f5ivaid desinfitseeriv toime on t\u00f5endatult log 6**, ja mis vastab k\u00f5igi kohalike kinnitatud standardite n\u00f5uetel<\/p>\n<p>** Desinfitseeriv toime log 6 t\u00e4hendab viirusnakkuslikkuse v\u00e4henemist 99,9999% v\u00f5rra. SARS-CoV-2 ja teiste patogeenide redutseerimise efektiivsust protsessis kinnitab RISE (Rootsi Riiklik Katsetus-ja Uurimisinstituut) Electrolux Professionali laboriandmete p\u00f5hjal.<\/p>\n<p><strong>Lisav\u00f5imalused<\/strong><\/p>\n<ul>\n<li>Roostevabast terasest esipaneel ja trammel<\/li>\n<li>J\u00e4\u00e4kniiskuse kontroll.<\/li>\n<li>\u00dchendamine broneerimis- ja makses\u00fcsteemide v\u00f5i m\u00fcndiloenduritega.<\/li>\n<\/ul>\n<p><strong>Accessories<\/strong><\/p>\n<ul>\n<li>V\u00e4lis\u00f5hu sisselase.<\/li>\n<li>Ventilatsioonitoru masina peal.<\/li>\n<li>Lisatarvik eriliste esemete kuivatamiseks.<\/li>\n<\/ul>\n<p><strong>Tootekood<\/strong><br \/>\nTD6-16<\/p>\n<p><strong>Mahutavus, kg<\/strong><br \/>\n16,1<\/p>\n<p><strong>Trumli maht, L<\/strong><br \/>\n290<\/p>\n<p><strong>Trumli l\u00e4bim\u00f5\u00f5t, mm<\/strong><br \/>\n680<\/p>\n<p><strong>K\u00fcte<\/strong><br \/>\nElekter \/ Gaas \/ Aur<\/p>\n<p><strong>Elektri\u00fchendus, kW\/V\/Hz\/A<\/strong><br \/>\n19 \/ 400 \/ 50 \/ 36<\/p>\n<p><strong>Kuivatusprogrammi kestus, min<\/strong><br \/>\n22 (13,2 kg puhul)<\/p>\n<p><strong>Programmi energiakulu, kWh<\/strong><br \/>\n6,37 (13,2 kg puhul)<\/p>\n<p><strong>M\u00f5\u00f5dud (LxSxK), mm<\/strong><br \/>\n713x1210x1688<\/p>\n<p><strong>Tooteleht: <\/strong><a href=\"https:\/\/farwell.ee\/wp-content\/uploads\/Trummelkuivati_TD6-16_EE-1.pdf\">TD6-16<\/a><\/p>","protected":false},"featured_media":15322,"template":"","meta":{"_acf_changed":false,"inline_featured_image":false},"product_brand":[],"product_cat":[4130],"product_tag":[],"class_list":{"0":"post-15321","1":"product","2":"type-product","3":"status-publish","4":"has-post-thumbnail","6":"product_cat-toostuslikud-kuivatid","8":"first","9":"outofstock","10":"shipping-taxable","11":"purchasable","12":"product-type-simple"},"acf":[],"_links":{"self":[{"href":"https:\/\/farwell.ee\/en\/wp-json\/wp\/v2\/product\/15321","targetHints":{"allow":["GET"]}}],"collection":[{"href":"https:\/\/farwell.ee\/en\/wp-json\/wp\/v2\/product"}],"about":[{"href":"https:\/\/farwell.ee\/en\/wp-json\/wp\/v2\/types\/product"}],"wp:featuredmedia":[{"embeddable":true,"href":"https:\/\/farwell.ee\/en\/wp-json\/wp\/v2\/media\/15322"}],"wp:attachment":[{"href":"https:\/\/farwell.ee\/en\/wp-json\/wp\/v2\/media?parent=15321"}],"wp:term":[{"taxonomy":"product_brand","embeddable":true,"href":"https:\/\/farwell.ee\/en\/wp-json\/wp\/v2\/product_brand?post=15321"},{"taxonomy":"product_cat","embeddable":true,"href":"https:\/\/farwell.ee\/en\/wp-json\/wp\/v2\/product_cat?post=15321"},{"taxonomy":"product_tag","embeddable":true,"href":"https:\/\/farwell.ee\/en\/wp-json\/wp\/v2\/product_tag?post=15321"}],"curies":[{"name":"wp","href":"https:\/\/api.w.org\/{rel}","templated":true}]}}