{"id":15317,"date":"2021-07-09T14:31:43","date_gmt":"2021-07-09T11:31:43","guid":{"rendered":"https:\/\/farwell.ee\/?post_type=product&#038;p=15317"},"modified":"2025-02-12T18:20:24","modified_gmt":"2025-02-12T16:20:24","slug":"trummelkuivati-td6-10hp","status":"publish","type":"product","link":"https:\/\/farwell.ee\/en\/product\/trummelkuivati-td6-10hp\/","title":{"rendered":"Trummelkuivati TD6-11HP"},"content":{"rendered":"","protected":false},"excerpt":{"rendered":"<p><span style=\"font-size: 14pt\"><strong>Omadused ja eelised<\/strong><\/span><\/p>\n<ul>\n<li>Soojuspumbaga trummelkuivati, mis on \u00e4\u00e4rmiselt madala energiatarbega.<\/li>\n<li>V\u00e4ljat\u00f5mbeventilatsiooni ei ole vaja, v\u00f5imalik paigaldada kuhu tahes v\u00f5imalikult v\u00e4heste kuludega.<\/li>\n<li>J\u00e4\u00e4kniiskuse kontroll (RMC) tagab t\u00e4pselt soovitud kuivatustulemuse ja madala energiatarbe.<\/li>\n<li>Soojuspumba \u00fcksus on kergelt ja kiiresti kuivatist eemaldatav, v\u00f5imaldades olulistele masinaosadele mugava ligip\u00e4\u00e4su<\/li>\n<li>Suur ukseava mugavaks pesu sissepanemiseks ja v\u00e4ljav\u00f5tmiseks.<\/li>\n<li>T\u00e4nu ainulaadsele veejahutuss\u00fcsteemile on kuivatit v\u00f5imalik kasutada ka k\u00f5rge \u00fcmbritseva temperatuuriga kohtades.<\/li>\n<li>Muudetav uksepoolsus mugavaks pesu k\u00e4sitlemiseks.<\/li>\n<li>V\u00e4hem suurem\u00f5\u00f5dulise pesu s\u00f5lmeminekuid t\u00e4nu p\u00f6\u00f6rlemissuunda muutvale trumlile<\/li>\n<li>T\u00f6\u00f6tab vaikselt<\/li>\n<li>\u00c4\u00e4rmiselt v\u00f5imekas kuivati v\u00e4ga v\u00e4ikese keskkonnajalaj\u00e4ljega.<\/li>\n<li>Kasutajas\u00f5bralik ebeme- ja \u00f5hufiltrite puhastuse s\u00fcsteem (ECL) tagab v\u00e4iksema hooldusvajaduse ja suurema j\u00f5udluse.<\/li>\n<li>Ainulaadne ja ergonoomiline horisontaalse filtri lahendus.<\/li>\n<li>Minimaalne ruumi soojendamine, mis t\u00e4hendab, et v\u00e4ljat\u00f5mbeventilatsiooni ei ole vaja.<\/li>\n<\/ul>\n<p><strong>Compass Pro\u00ae juhtpaneel:<\/strong><\/p>\n<ul>\n<li>suur ja selgeltloetav ekraan lihtsaks kuivatusprogrammide valimiseks<\/li>\n<li>6 programmide ja seadistuste kiirvalikunuppu<\/li>\n<li>kasutajas\u00f5bralik kasutajaliides koos keelevalikutega<\/li>\n<li>USB-\u00fchendus tagab lihtsa juurdep\u00e4\u00e4su masinaseadistustele<\/li>\n<\/ul>\n<p><strong>Tootekood<\/strong><br \/>\nTD6-10HP<\/p>\n<p><strong>Mahutavus, kg<\/strong><br \/>\n8,6<\/p>\n<p><strong>Trumli maht, L<\/strong><br \/>\n190<\/p>\n<p><strong>Trumli l\u00e4bim\u00f5\u00f5t, mm<\/strong><br \/>\n680<\/p>\n<p><strong>K\u00fcte<\/strong><br \/>\nSoojuspump<\/p>\n<p><strong>Elektri\u00fchendus, kW\/V\/Hz\/A<\/strong><br \/>\n2,3 \/ 230 \/ 50 \/ 16<\/p>\n<p><strong>Kuivatusprogrammi kestus, min<\/strong><br \/>\n51<\/p>\n<p><strong>Programmi energiakulu, kWh<\/strong><br \/>\n1,64<\/p>\n<p><strong>M\u00f5\u00f5dud (LxSxK), mm<\/strong><br \/>\n722x777x1685<\/p>\n<p><strong>Tooteleht:\u00a0<\/strong><a href=\"https:\/\/farwell.ee\/wp-content\/uploads\/PDS_TD6-11_438918154_EE.pdf\">TD6-11HP<\/a><\/p>","protected":false},"featured_media":15318,"template":"","meta":{"_acf_changed":false,"inline_featured_image":false},"product_brand":[],"product_cat":[4130],"product_tag":[],"class_list":{"0":"post-15317","1":"product","2":"type-product","3":"status-publish","4":"has-post-thumbnail","6":"product_cat-toostuslikud-kuivatid","8":"first","9":"outofstock","10":"shipping-taxable","11":"purchasable","12":"product-type-simple"},"acf":[],"_links":{"self":[{"href":"https:\/\/farwell.ee\/en\/wp-json\/wp\/v2\/product\/15317","targetHints":{"allow":["GET"]}}],"collection":[{"href":"https:\/\/farwell.ee\/en\/wp-json\/wp\/v2\/product"}],"about":[{"href":"https:\/\/farwell.ee\/en\/wp-json\/wp\/v2\/types\/product"}],"wp:featuredmedia":[{"embeddable":true,"href":"https:\/\/farwell.ee\/en\/wp-json\/wp\/v2\/media\/15318"}],"wp:attachment":[{"href":"https:\/\/farwell.ee\/en\/wp-json\/wp\/v2\/media?parent=15317"}],"wp:term":[{"taxonomy":"product_brand","embeddable":true,"href":"https:\/\/farwell.ee\/en\/wp-json\/wp\/v2\/product_brand?post=15317"},{"taxonomy":"product_cat","embeddable":true,"href":"https:\/\/farwell.ee\/en\/wp-json\/wp\/v2\/product_cat?post=15317"},{"taxonomy":"product_tag","embeddable":true,"href":"https:\/\/farwell.ee\/en\/wp-json\/wp\/v2\/product_tag?post=15317"}],"curies":[{"name":"wp","href":"https:\/\/api.w.org\/{rel}","templated":true}]}}