{"id":15313,"date":"2021-07-09T14:10:29","date_gmt":"2021-07-09T11:10:29","guid":{"rendered":"https:\/\/farwell.ee\/?post_type=product&#038;p=15313"},"modified":"2025-01-30T15:28:17","modified_gmt":"2025-01-30T13:28:17","slug":"trummelkuivati-td6-7","status":"publish","type":"product","link":"https:\/\/farwell.ee\/en\/product\/trummelkuivati-td6-7\/","title":{"rendered":"Trummelkuivati TD6-7"},"content":{"rendered":"","protected":false},"excerpt":{"rendered":"<p><span style=\"font-size: 14pt\"><strong>Omadused ja eelised<\/strong><\/span><\/p>\n<p><strong>Erakordselt s\u00e4\u00e4stlik ja kasutajas\u00f5bralik kuivati<\/strong><\/p>\n<ul>\n<li><strong>Ergonoomiline kasutajakeskne disain v\u00e4ldib \u00fcleliigset stressi \u2013 Ergocert 4-t\u00e4rni setifikaat<\/strong>\n<ul>\n<li>Suur luugiava mugavaks pesu sissepanemiseks ja v\u00e4ljav\u00f5tmiseks.<\/li>\n<li>Horisontaalne filtrisahtel avaneb seadme ette. Virnastatud kuivati puhul ei pea puhastamiseks kummardama.<\/li>\n<li>Masinate \u00fcksteise otsa paigaldamisel on ekraan kasutusmugavuse tagamiseks liigutatav trummelkuivati all\u00e4\u00e4rde<\/li>\n<li>Muudetav uksepoolsus mugavaks pesude k\u00e4sitlemiseks.<\/li>\n<\/ul>\n<\/li>\n<li><strong>J\u00e4\u00e4kniiskuse kontroll (MB) tagab soovitud kuivatustasemega pesu ja s\u00e4\u00e4sta eneregiatarbimist<\/strong>\n<ul>\n<li>P\u00f6\u00f6rlemissuunda muutev sisetrummel (reverse) v\u00e4hendab kortsumist ja tagab \u00fchtlaselt kuiva pesu<\/li>\n<\/ul>\n<\/li>\n<li><strong>Compass Pro nutikas kasutajaliides<\/strong>\n<ul>\n<li>on kasutaja p\u00e4ralt suure ekraani kaudu, mis v\u00f5imaldab programme seadistada<\/li>\n<li>kiirvalikute nupud enimkasutatavate programidele<\/li>\n<li>intuitiivsed uued ikoonid tavap\u00e4rase\/madala temperatuuri, \u00f5rnale pesule ja muudele valikutele<\/li>\n<\/ul>\n<\/li>\n<li><strong>Electrolux OnE \u2013 j\u00e4lgi digitaalselt masina kasutust ja tootlikkust k\u00f5ikjal<\/strong>\n<ul>\n<li>v\u00f5imaldab optimeerimise abil t\u00f5hustada protsessi ja t\u00f5sta tulusust<\/li>\n<\/ul>\n<\/li>\n<\/ul>\n<p><strong>Lisav\u00f5imalused<\/strong><\/p>\n<ul>\n<li>Soojust\u00f5kkega luugiklaas \u2013 hoiab klaasi v\u00e4lispinna jaheda ja soojuse kuivati sees.<\/li>\n<li>Lagoon Advanced Care (\u00f5rnad) kuivatusprogrammid<\/li>\n<li>Uks, esipaneel ja k\u00fcljepaneelid on saadaval roostevabast terasest.<\/li>\n<li>Valmisolek makses\u00fcsteemidaga \u00fchendamiseks.<\/li>\n<li>Virnastuskomplekt<\/li>\n<\/ul>\n<p><strong>Tootekood<\/strong><br \/>\nTD6-7<\/p>\n<p><strong>Mahutavus, kg<\/strong><br \/>\n7,5<\/p>\n<p><strong>Trumli maht, L<\/strong><br \/>\n135<\/p>\n<p><strong>Trumli l\u00e4bim\u00f5\u00f5t, mm<\/strong><br \/>\n575<\/p>\n<p><strong>K\u00fcte<\/strong><br \/>\nElekter \/ Gaas<\/p>\n<p><strong>Elektri\u00fchendus, kW\/V\/Hz\/A<\/strong><br \/>\n6,3 \/ 400 \/ 50 \/ 16<\/p>\n<p><strong>Kuivatusprogrammi kestus, min<\/strong><br \/>\n30 (6,1 kg puhul)<\/p>\n<p><strong>Programmi energiakulu, kWh<\/strong><br \/>\n3,04<\/p>\n<p><strong>M\u00f5\u00f5dud (LxSxK), mm<\/strong><br \/>\n600 x 845 x 1050<\/p>\n<p><strong>Tooteleht: <\/strong><a href=\"https:\/\/farwell.ee\/wp-content\/uploads\/Trummelkuivati_TD6-7_EE.pdf\">TD6-7<\/a><\/p>","protected":false},"featured_media":15314,"template":"","meta":{"_acf_changed":false,"inline_featured_image":false},"product_brand":[],"product_cat":[4130],"product_tag":[],"class_list":{"0":"post-15313","1":"product","2":"type-product","3":"status-publish","4":"has-post-thumbnail","6":"product_cat-toostuslikud-kuivatid","8":"first","9":"outofstock","10":"shipping-taxable","11":"purchasable","12":"product-type-simple"},"acf":[],"_links":{"self":[{"href":"https:\/\/farwell.ee\/en\/wp-json\/wp\/v2\/product\/15313","targetHints":{"allow":["GET"]}}],"collection":[{"href":"https:\/\/farwell.ee\/en\/wp-json\/wp\/v2\/product"}],"about":[{"href":"https:\/\/farwell.ee\/en\/wp-json\/wp\/v2\/types\/product"}],"wp:featuredmedia":[{"embeddable":true,"href":"https:\/\/farwell.ee\/en\/wp-json\/wp\/v2\/media\/15314"}],"wp:attachment":[{"href":"https:\/\/farwell.ee\/en\/wp-json\/wp\/v2\/media?parent=15313"}],"wp:term":[{"taxonomy":"product_brand","embeddable":true,"href":"https:\/\/farwell.ee\/en\/wp-json\/wp\/v2\/product_brand?post=15313"},{"taxonomy":"product_cat","embeddable":true,"href":"https:\/\/farwell.ee\/en\/wp-json\/wp\/v2\/product_cat?post=15313"},{"taxonomy":"product_tag","embeddable":true,"href":"https:\/\/farwell.ee\/en\/wp-json\/wp\/v2\/product_tag?post=15313"}],"curies":[{"name":"wp","href":"https:\/\/api.w.org\/{rel}","templated":true}]}}