{"id":15305,"date":"2021-07-09T13:28:25","date_gmt":"2021-07-09T10:28:25","guid":{"rendered":"https:\/\/farwell.ee\/?post_type=product&#038;p=15305"},"modified":"2026-01-12T11:51:16","modified_gmt":"2026-01-12T09:51:16","slug":"kuivatuskapp-dc6-15","status":"publish","type":"product","link":"https:\/\/farwell.ee\/en\/product\/kuivatuskapp-dc6-15\/","title":{"rendered":"Kuivatuskapp DC6-15"},"content":{"rendered":"","protected":false},"excerpt":{"rendered":"<p><span style=\"font-size: 14pt\"><strong>Omadused ja eelised<\/strong><\/span><\/p>\n<ul>\n<li>Kuivatuskapp t\u00f6\u00f6tab \u00e4rat\u00f5mbega, mis v\u00e4ldib \u00f5hu p\u00e4\u00e4semist ruumi.<\/li>\n<li>Topeltventilaatorid ja ventilatsioonitorud tagavad t\u00e4iusliku \u00f5hutasakaalu ja \u00fchtlased kuivatustulemused kogu kuivatuskapis.<\/li>\n<li>Kapi sees on 4 roostevabast materjalist riidepuu kujulist riputit.<\/li>\n<li>Riputid on eemaldatavad ja v\u00f5imaldavad eri asenditesse paigutamist.<\/li>\n<li>L\u00e4bi riidepuude puhutakse \u00f5hku otse r\u00f5ivaste sisse<\/li>\n<li>Kaks automaatset kuivatusprogrammi\n<ul>\n<li>75 \u00b0C Gorte-Tex riietel<\/li>\n<li>60 \u00b0C polsterdatud riietele<\/li>\n<\/ul>\n<\/li>\n<li>Tihendatud uksed tagavad s\u00e4\u00e4stliku kuivatuse ja vaikse t\u00f6\u00f6.<\/li>\n<li>Kerge kasutada:\n<ul>\n<li>lihtsalt loetav ja kasuatajas\u00f5bralik juhtpaneel<\/li>\n<li>suured uksed ja lai avamisnurk<\/li>\n<\/ul>\n<\/li>\n<\/ul>\n<p><strong>Tootekood<\/strong><br \/>\nDC6-15<\/p>\n<p><strong>Mahutavus, kg<\/strong><br \/>\n15 (kuni 4 p\u00e4\u00e4stja t\u00e4isvarustust)<\/p>\n<p><strong>K\u00fcte<\/strong><br \/>\nElekter<\/p>\n<p><strong>Elektri\u00fchendus, kW\/V\/Hz\/A<\/strong><br \/>\n6,2 \/ 400 \/ 50 \/ 16<\/p>\n<p><strong>Kuivatusprogrammi kestus, min<\/strong><br \/>\n95<\/p>\n<p><strong>Programmi energiakulu, kWh<\/strong><br \/>\n9,9<\/p>\n<p><strong>M\u00f5\u00f5dud (LxSxK), mm<\/strong><br \/>\n1200 x 750 x 1970<\/p>\n<p><strong>Tooteleht: <\/strong><a href=\"https:\/\/farwell.ee\/wp-content\/uploads\/kuivatuskapp_dc6-15_ee.pdf\">DC6-15<\/a><\/p>","protected":false},"featured_media":15306,"template":"","meta":{"_acf_changed":false,"inline_featured_image":false},"product_brand":[],"product_cat":[7061],"product_tag":[],"class_list":{"0":"post-15305","1":"product","2":"type-product","3":"status-publish","4":"has-post-thumbnail","6":"product_cat-kuivatuskapid-ja-kinda-jalatsikuivatusseadmed-professionaalseks-kasutuseks","8":"first","9":"outofstock","10":"shipping-taxable","11":"purchasable","12":"product-type-simple"},"acf":[],"_links":{"self":[{"href":"https:\/\/farwell.ee\/en\/wp-json\/wp\/v2\/product\/15305","targetHints":{"allow":["GET"]}}],"collection":[{"href":"https:\/\/farwell.ee\/en\/wp-json\/wp\/v2\/product"}],"about":[{"href":"https:\/\/farwell.ee\/en\/wp-json\/wp\/v2\/types\/product"}],"wp:featuredmedia":[{"embeddable":true,"href":"https:\/\/farwell.ee\/en\/wp-json\/wp\/v2\/media\/15306"}],"wp:attachment":[{"href":"https:\/\/farwell.ee\/en\/wp-json\/wp\/v2\/media?parent=15305"}],"wp:term":[{"taxonomy":"product_brand","embeddable":true,"href":"https:\/\/farwell.ee\/en\/wp-json\/wp\/v2\/product_brand?post=15305"},{"taxonomy":"product_cat","embeddable":true,"href":"https:\/\/farwell.ee\/en\/wp-json\/wp\/v2\/product_cat?post=15305"},{"taxonomy":"product_tag","embeddable":true,"href":"https:\/\/farwell.ee\/en\/wp-json\/wp\/v2\/product_tag?post=15305"}],"curies":[{"name":"wp","href":"https:\/\/api.w.org\/{rel}","templated":true}]}}