{"id":15303,"date":"2021-07-09T13:21:04","date_gmt":"2021-07-09T10:21:04","guid":{"rendered":"https:\/\/farwell.ee\/?post_type=product&#038;p=15303"},"modified":"2025-01-27T13:57:08","modified_gmt":"2025-01-27T11:57:08","slug":"kuivatuskapp-dc6-8","status":"publish","type":"product","link":"https:\/\/farwell.ee\/en\/product\/kuivatuskapp-dc6-8\/","title":{"rendered":"Kuivatuskapp DC6-8"},"content":{"rendered":"","protected":false},"excerpt":{"rendered":"<p><span style=\"font-size: 14pt\"><strong>Omadused ja eelised<\/strong><\/span><\/p>\n<ul>\n<li>Kuivatuskapp t\u00f5husaks suurte v\u00f5i \u00f5rnade r\u00f5ivaste kuivatamiseks.<\/li>\n<li>Mehhaanilise kuivatuseta, seega sobib k\u00f5iksugu esemetele, n\u00e4iteks kinnastele ja jalan\u00f5udele ning \u00f5rnadele kangastele nagu siid ja linane riie.<\/li>\n<li>Tulemusena on \u00f5rnadel riietel \/ t\u00f6\u00f6riietel pikem kasutusiga.<\/li>\n<li>S\u00e4\u00e4stab aega v\u00f5rreldes tavalise kuivama riputamisega v\u00f5i laotamisega.<\/li>\n<li>\u00d6konoomne disain t\u00e4nu kogu ukse ulatuses olevale k\u00e4epidemele ja kasutajas\u00f5braliku k\u00f5rgusega juhtpaneelile, mis mugav kasutada ka puuetega isikutel.<\/li>\n<li>Roostevabast terasest riputustorud ning tihendatud uksed tagavad vaikse t\u00f6\u00f6 ja vastupidava konstruktsiooni.<\/li>\n<li>Kuivatuskapp t\u00f6\u00f6tab \u00e4rat\u00f5mbega, mis v\u00e4ldib \u00f5hu p\u00e4\u00e4semist ruumi.<\/li>\n<li>Topeltventilaatorid ja ventilatsioonitorud tagavad t\u00e4iusliku \u00f5hutasakaalu ja \u00fchtlased kuivatustulemused kogu kuivatuskapis.<\/li>\n<li>Kerge kasutada:\n<ul>\n<li>2 automaatset kuivatusprogrammi, mis katkestatakse siis, kui riided on kuivad<\/li>\n<li>suur uks ja lai avamisnurk<\/li>\n<li>18 p\u00f6\u00f6ratavat riputustoru kergeks riiete riputamseks ja \u00e4rav\u00f5tmiseks<\/li>\n<li>sisseehitatud valgustus<\/li>\n<\/ul>\n<\/li>\n<li>Paindlik paigaldus:\n<ul>\n<li>reguleeritavad jalad<\/li>\n<\/ul>\n<\/li>\n<\/ul>\n<p><strong>Other bakery accessories<\/strong><\/p>\n<ul>\n<li>Kingariiul kingade ja saabaste kuivatamise h\u00f5lbustamiseks<br \/>\nKindahoidja kinnaste, m\u00fctside jms t\u00f5husamaks kuivatamiseks 988704088<\/li>\n<li>Riputi r\u00f5ivaste \u00fclesriputamise h\u00f5lbustamiseks 988704089.<\/li>\n<li>Seinapealse juhendi leiate Electroluxi profiseadmete veebisaidilt.<\/li>\n<\/ul>\n<p><strong>Tootekood<\/strong><br \/>\nDC6-8<\/p>\n<p><strong>Mahutavus, kg<\/strong><br \/>\n8<\/p>\n<p><strong>K\u00fcte<\/strong><br \/>\nElekter<\/p>\n<p><strong>Elektri\u00fchendus, kW\/V\/Hz\/A<\/strong><br \/>\n6,2 \/ 400 \/ 50 \/ 16<\/p>\n<p><strong>Kuivatusprogrammi kestus, min<\/strong><br \/>\n47 (50% j\u00e4\u00e4kniiskusega puuvillased riided)<\/p>\n<p><strong>Programmi energiakulu, kWh<\/strong><br \/>\n4,8<\/p>\n<p><strong>M\u00f5\u00f5dud (LxSxK), mm<\/strong><br \/>\n1200 x 580 x 1820<\/p>\n<p><strong>Tooteleht: <\/strong><a href=\"https:\/\/farwell.ee\/wp-content\/uploads\/kuivatuskapp_dc6-8_ee.pdf\">DC6-8<\/a><\/p>","protected":false},"featured_media":15304,"template":"","meta":{"_acf_changed":false,"inline_featured_image":false},"product_brand":[],"product_cat":[7061],"product_tag":[],"class_list":{"0":"post-15303","1":"product","2":"type-product","3":"status-publish","4":"has-post-thumbnail","6":"product_cat-kuivatuskapid-ja-kinda-jalatsikuivatusseadmed-professionaalseks-kasutuseks","8":"first","9":"outofstock","10":"shipping-taxable","11":"purchasable","12":"product-type-simple"},"acf":[],"_links":{"self":[{"href":"https:\/\/farwell.ee\/en\/wp-json\/wp\/v2\/product\/15303","targetHints":{"allow":["GET"]}}],"collection":[{"href":"https:\/\/farwell.ee\/en\/wp-json\/wp\/v2\/product"}],"about":[{"href":"https:\/\/farwell.ee\/en\/wp-json\/wp\/v2\/types\/product"}],"wp:featuredmedia":[{"embeddable":true,"href":"https:\/\/farwell.ee\/en\/wp-json\/wp\/v2\/media\/15304"}],"wp:attachment":[{"href":"https:\/\/farwell.ee\/en\/wp-json\/wp\/v2\/media?parent=15303"}],"wp:term":[{"taxonomy":"product_brand","embeddable":true,"href":"https:\/\/farwell.ee\/en\/wp-json\/wp\/v2\/product_brand?post=15303"},{"taxonomy":"product_cat","embeddable":true,"href":"https:\/\/farwell.ee\/en\/wp-json\/wp\/v2\/product_cat?post=15303"},{"taxonomy":"product_tag","embeddable":true,"href":"https:\/\/farwell.ee\/en\/wp-json\/wp\/v2\/product_tag?post=15303"}],"curies":[{"name":"wp","href":"https:\/\/api.w.org\/{rel}","templated":true}]}}