{"id":15301,"date":"2021-07-09T13:14:29","date_gmt":"2021-07-09T10:14:29","guid":{"rendered":"https:\/\/farwell.ee\/?post_type=product&#038;p=15301"},"modified":"2025-01-27T13:55:33","modified_gmt":"2025-01-27T11:55:33","slug":"kuivatuskapp-dc6-4-hp","status":"publish","type":"product","link":"https:\/\/farwell.ee\/en\/product\/kuivatuskapp-dc6-4-hp\/","title":{"rendered":"Kuivatuskapp DC6-4 HP"},"content":{"rendered":"","protected":false},"excerpt":{"rendered":"<p><span style=\"font-size: 14pt\"><strong>Omadused ja eelised<\/strong><\/span><\/p>\n<ul>\n<li>Kapi sees on 30 v\u00e4lja t\u00f5mmatavat riputit<\/li>\n<li>T\u00e4nu suletud kuivatusprotsessile pole ventilatsiooniga \u00fchendus vajalik<\/li>\n<li>Soojuspumba tehnoloogiaga k\u00fcttes\u00fcsteem<\/li>\n<li>Kondentsvee \u00fchendus: diameeter 10mm, 1,5 m<\/li>\n<li>Kaks kuivatusprogrammi<\/li>\n<li>V\u00f5imalik tellida valge v\u00f5i sinise v\u00e4lisviimistlusega<\/li>\n<li>V\u00f5imalik tellida parema v\u00f5i vasaku uksepoolsusega<\/li>\n<li>Magnetiga ukselukustus v\u00e4listab kappi kinni j\u00e4\u00e4mise<\/li>\n<li>Avariil\u00fcliti mis katkestab ukse avamisel koheselt seadme t\u00f6\u00f6<\/li>\n<li>Kuivatuskapp universaalsus peitub v\u00e4ga laias kuivatamise v\u00f5imalustes<\/li>\n<li>Kuivatuskapiga saab kuivatada vaipu, v\u00e4lisriideid, kindaid, saapaid<br \/>\nning v\u00e4ga \u00f5rnasid kangaid mis ei talu mehaanilist t\u00f6\u00f6tlemist<\/li>\n<\/ul>\n<p><strong>Other bakery accessories<\/strong><\/p>\n<ul>\n<li>Kindahoidja kinnaste, m\u00fctside jms t\u00f5husamaks kuivatamiseks Kindahoidja: 988704085<\/li>\n<li>Kingariiul kingade ja saabaste kuivatamise h\u00f5lbustamiseks Kingariiul: 988704087<\/li>\n<\/ul>\n<p><strong>Tootekood<\/strong><br \/>\nDC6-4 HP<\/p>\n<p><strong>Mahutavus, kg<\/strong><br \/>\n4<\/p>\n<p><strong>K\u00fcte<\/strong><br \/>\nSoojuspump<\/p>\n<p><strong>Elektri\u00fchendus, kW\/V\/Hz\/A<\/strong><br \/>\n1,2 \/ 230 \/ 50 \/ 10<\/p>\n<p><strong>Kuivatusprogrammi kestus, min<\/strong><br \/>\n67 (50% j\u00e4\u00e4kniiskusega puuvillased riided)<\/p>\n<p><strong>Programmi energiakulu, kWh<\/strong><br \/>\n1,16<\/p>\n<p><strong>M\u00f5\u00f5dud (LxSxK), mm<\/strong><br \/>\n595 x 665 x 1910<\/p>\n<p><strong>Tooteleht: <\/strong><a href=\"https:\/\/farwell.ee\/wp-content\/uploads\/kuivatuskapp_dc6-4_hp_ee.pdf\">DC6-4 HP<\/a><\/p>","protected":false},"featured_media":15302,"template":"","meta":{"_acf_changed":false,"inline_featured_image":false},"product_brand":[],"product_cat":[7061],"product_tag":[],"class_list":{"0":"post-15301","1":"product","2":"type-product","3":"status-publish","4":"has-post-thumbnail","6":"product_cat-kuivatuskapid-ja-kinda-jalatsikuivatusseadmed-professionaalseks-kasutuseks","8":"first","9":"outofstock","10":"shipping-taxable","11":"purchasable","12":"product-type-simple"},"acf":[],"_links":{"self":[{"href":"https:\/\/farwell.ee\/en\/wp-json\/wp\/v2\/product\/15301","targetHints":{"allow":["GET"]}}],"collection":[{"href":"https:\/\/farwell.ee\/en\/wp-json\/wp\/v2\/product"}],"about":[{"href":"https:\/\/farwell.ee\/en\/wp-json\/wp\/v2\/types\/product"}],"wp:featuredmedia":[{"embeddable":true,"href":"https:\/\/farwell.ee\/en\/wp-json\/wp\/v2\/media\/15302"}],"wp:attachment":[{"href":"https:\/\/farwell.ee\/en\/wp-json\/wp\/v2\/media?parent=15301"}],"wp:term":[{"taxonomy":"product_brand","embeddable":true,"href":"https:\/\/farwell.ee\/en\/wp-json\/wp\/v2\/product_brand?post=15301"},{"taxonomy":"product_cat","embeddable":true,"href":"https:\/\/farwell.ee\/en\/wp-json\/wp\/v2\/product_cat?post=15301"},{"taxonomy":"product_tag","embeddable":true,"href":"https:\/\/farwell.ee\/en\/wp-json\/wp\/v2\/product_tag?post=15301"}],"curies":[{"name":"wp","href":"https:\/\/api.w.org\/{rel}","templated":true}]}}