{"id":15294,"date":"2021-07-07T14:00:32","date_gmt":"2021-07-07T11:00:32","guid":{"rendered":"https:\/\/farwell.ee\/?post_type=product&#038;p=15294"},"modified":"2025-02-12T18:06:20","modified_gmt":"2025-02-12T16:06:20","slug":"barjaar-pesumasin-wb5180h","status":"publish","type":"product","link":"https:\/\/farwell.ee\/en\/product\/barjaar-pesumasin-wb5180h\/","title":{"rendered":"Barj\u00e4\u00e4r-pesumasin WB6-18"},"content":{"rendered":"","protected":false},"excerpt":{"rendered":"<p><span style=\"font-size: 14pt\"><strong>Omadused ja eelised<\/strong><\/span><\/p>\n<p>\u2022\u00a0<strong>Compass Pro\u00ae kasutajas\u00f5bralik kontroller:<\/strong><\/p>\n<ul>\n<li>juhtnupp v\u00f5imaldab 40 tehase ja 15 kliendi soovidele kohandatud pesuprogrammi kasutamist.<\/li>\n<li>s\u00e4\u00e4stlikkusele, sooritusele ja aja kokkuhoiule h\u00e4\u00e4lestatud pesuprogrammid<\/li>\n<li>Valmidus automaatselt doseeritavate vedelate pesuainete \u00fchendamiseks (13 signaali)<\/li>\n<li>J\u00f5udude tasakaalu (PB) s\u00fcsteem m\u00f5\u00f5dab ja parandab masina tasakaalu reaalajas ning kohandab G-tegurit kogu tsentrifuugimise v\u00e4ltel, et pesust eraldada v\u00f5imalikult palju vett, s\u00e4\u00e4stes aega ja raha pesu kuivatamisel<\/li>\n<\/ul>\n<p>\u2022\u00a0<strong>Kasutajas\u00f5bralik pesumasin ja tagatud h\u00fcgieen:<\/strong><\/p>\n<ul>\n<li>h\u00f5lpsalt k\u00e4sitletavad paremale v\u00f5i vasakule 175\u00b0 avanevad v\u00e4lisluugid<\/li>\n<li>trumli automaatne positsioneerimine \/ lukustamine ja luugi automaatne lukustamine lihtsustab pesu laadimist ja tagab ohutuse<\/li>\n<li>valves\u00fcsteem v\u00e4ldib m\u00e4\u00e4rdunud pesu kokkupuutumist puhta pesuga ja viimase saastumist<\/li>\n<li>Siledate pindadega disain bakterite paljunemise v\u00e4timiseks ja lihtsaks puhastamiseks<\/li>\n<\/ul>\n<p><strong>Lisav\u00f5imalused<\/strong><\/p>\n<ul>\n<li>Ts\u00fckli l\u00f5pu alarm, et hoida kokku v\u00e4\u00e4rtuslikku protsessiaega<\/li>\n<li>Lisadisplay pesumasina puhtal poolel pesuprotsessi paremaks j\u00e4lgimiseks<\/li>\n<li>4 sektsiooniline (2 pulbrit+ 2 vedelat ainet) pesuainekast k\u00e4sitsi doseeritavate pesuainete jaoks<\/li>\n<li>3. vee sisselaskeventiil pehme vee jaoks<\/li>\n<li>Automaatne trummelukse avamine (AIDO) ts\u00fckli l\u00f5pus kiirema mahalaadimistoimingu jaoks<\/li>\n<li>Integrated Savings (IS) kaalub \u00e4ra pesukoguse ja kohandab seej\u00e4rel masinasse lastavat veekogust tegeliku pesukoguse j\u00e4rgi, s\u00e4\u00e4stes vee ja energia kulu t\u00e4iskoormusest v\u00e4iksematel koormustel. IS aitab v\u00e4ltida masina \u00fclekoormamist.<\/li>\n<\/ul>\n<p><strong>Tootekood<\/strong><br \/>\nWB5180H<\/p>\n<p><strong>Mahutavus, kg<\/strong><br \/>\n18<\/p>\n<p><strong>Trumli maht, L<\/strong><br \/>\n180<\/p>\n<p><strong>Trumli l\u00e4bim\u00f5\u00f5t, mm<\/strong><br \/>\n725<\/p>\n<p><strong>Tsentrifuug, p\/min<\/strong><br \/>\n860<\/p>\n<p><strong>K\u00fcte<\/strong><br \/>\nElekter \/ Aur<\/p>\n<p><strong>Elektri\u00fchendus, kW\/V\/Hz\/A<\/strong><br \/>\n13.0 \/ 380-415 \/ 50 \/ 20<\/p>\n<p><strong>Veekulu (k\u00fclm+soe), L<\/strong><br \/>\n222\/58<\/p>\n<p><strong>Energiakulu, kWh (mootor+k\u00fcte)<\/strong><br \/>\n0.4\/3.7<\/p>\n<p><strong>M\u00f5\u00f5dud (LxSxK), mm<\/strong><br \/>\n970 x 975 x 1410<\/p>\n<p><strong>Tooteleht:\u00a0<\/strong><a href=\"https:\/\/farwell.ee\/wp-content\/uploads\/PDS_WB6-18_438918185_EN.pdf\">WB6-18<\/a><\/p>","protected":false},"featured_media":32250,"template":"","meta":{"_acf_changed":false,"inline_featured_image":false},"product_brand":[],"product_cat":[4129],"product_tag":[],"class_list":{"0":"post-15294","1":"product","2":"type-product","3":"status-publish","4":"has-post-thumbnail","6":"product_cat-toostuslikud-pesumasinad","8":"first","9":"outofstock","10":"shipping-taxable","11":"purchasable","12":"product-type-simple"},"acf":[],"_links":{"self":[{"href":"https:\/\/farwell.ee\/en\/wp-json\/wp\/v2\/product\/15294","targetHints":{"allow":["GET"]}}],"collection":[{"href":"https:\/\/farwell.ee\/en\/wp-json\/wp\/v2\/product"}],"about":[{"href":"https:\/\/farwell.ee\/en\/wp-json\/wp\/v2\/types\/product"}],"wp:featuredmedia":[{"embeddable":true,"href":"https:\/\/farwell.ee\/en\/wp-json\/wp\/v2\/media\/32250"}],"wp:attachment":[{"href":"https:\/\/farwell.ee\/en\/wp-json\/wp\/v2\/media?parent=15294"}],"wp:term":[{"taxonomy":"product_brand","embeddable":true,"href":"https:\/\/farwell.ee\/en\/wp-json\/wp\/v2\/product_brand?post=15294"},{"taxonomy":"product_cat","embeddable":true,"href":"https:\/\/farwell.ee\/en\/wp-json\/wp\/v2\/product_cat?post=15294"},{"taxonomy":"product_tag","embeddable":true,"href":"https:\/\/farwell.ee\/en\/wp-json\/wp\/v2\/product_tag?post=15294"}],"curies":[{"name":"wp","href":"https:\/\/api.w.org\/{rel}","templated":true}]}}