{"id":15282,"date":"2021-07-07T13:04:45","date_gmt":"2021-07-07T10:04:45","guid":{"rendered":"https:\/\/farwell.ee\/?post_type=product&#038;p=15282"},"modified":"2023-08-31T16:07:37","modified_gmt":"2023-08-31T13:07:37","slug":"tsentrifuug-pesumasin-ls-35c-t2","status":"publish","type":"product","link":"https:\/\/farwell.ee\/en\/product\/tsentrifuug-pesumasin-ls-35c-t2\/","title":{"rendered":"Tsentrifuug-pesumasin DHS-35C T2"},"content":{"rendered":"","protected":false},"excerpt":{"rendered":"<p><span style=\"font-size: 14pt\"><strong>Omadused ja eelised<\/strong><\/span><\/p>\n<p><strong>Domus T2 juhtpaneel:<\/strong><\/p>\n<ul>\n<li>Domus T2 vabalt programmeeritav protsessorjuhtimine, k\u00f5ik programmi parameetrid seadistatavad ja<br \/>\nvabalt muudetavad.<\/li>\n<li>Eesti, inglise ja vene keelne kasutajamen\u00fc\u00fc<\/li>\n<li>Touch Screen 7\u201c puutetundlik ekraan, 29 eelseadistatud programmi (4 eco-programmi)<\/li>\n<li>Programmide personaalarvutis koostamise v\u00f5imalus, programmeerimine ja programmide eksport-<br \/>\nimport USB liidese kaudu. Masinaga kaasas tarkvara personaalarvutis programmide koostamiseks ja<br \/>\nanal\u00fc\u00fcsiks.<\/li>\n<\/ul>\n<p>Vabalt programmeeritav juhtimine: maksimaalne s\u00e4\u00e4stlikkus<\/p>\n<p><strong>Standardvarustus:<\/strong><\/p>\n<ul>\n<li>3 veesisendit,<\/li>\n<li>Automaatne vedela pesuaine doseerimine, 8 vedela pesuaine signaali ja sisendit, pesuaine signaal<br \/>\nv\u00f5imalik panna viitele.<\/li>\n<li>100% vabalt programmeeritavad pesuprogrammid<\/li>\n<li>\u00c4\u00e4rmiselt madal vee- ja energiatarve<\/li>\n<li>Nelja lahtriga pesuainesahtel pulbrilise v\u00f5i vedela pesuaine k\u00e4sitsi doseerimiseks<\/li>\n<li>V\u00f5imas tsentrifuugaalj\u00f5ud t\u00f5husaks vee eraldamiseks<\/li>\n<li>Vabalt seadistatavad pesemis- ja tsentrifuugimiskiirused.<\/li>\n<li>Tihedaks kasutuseks m\u00f5eldud vastupidava tihendi ja tugevate uksehingedega uks<\/li>\n<li>Elektrooniline disbalansi kontrolli s\u00fcsteem<\/li>\n<li>Roostevabast ja galvaniseeritud terasest p\u00f5hikomponendid tagavad hea roostekindluse<\/li>\n<\/ul>\n<p><strong>Lisav\u00f5imalused:<\/strong><\/p>\n<ul>\n<li>T\u00e4iendavalt niiskus-isoleeritud elektri- ja juhtimiss\u00fcsteem niisketes ja m\u00e4rgades oludes kasutamiseks<\/li>\n<li>Automaatne kaalumiss\u00fcsteem sisseehitatud kaalumissensoritega<\/li>\n<li>Roostevabaterasest esipaneel<\/li>\n<li>\u00dchendamine broneerimis- ja makses\u00fcsteemide v\u00f5i m\u00fcndilugejaga<\/li>\n<\/ul>\n<p>M\u00f5\u00f5tmed: 1095(L) x1184(S) x 1598(K)mm<br \/>\nMahutavus 35kg; trummel \u2013 350L<br \/>\nTsentrifuugi kiirus: 966 p\u00f6\u00f6ret minutis; G-faktor 450, j\u00e4\u00e4kniiskuse tase peale tsentrifuugimist 45-50%<br \/>\n(puuvillane kangas).<br \/>\nRoostevabast terasest sise- ja v\u00e4listrummel<br \/>\nSuur trumli l\u00e4bim\u00f5\u00f5t \u2013 860mm; suur ukseava- 560mm<br \/>\n100% vabalt programmeeritav protsessorjuhtimine, k\u00f5ik programmi parameetrid seadistatavad ja vabalt<br \/>\nmuudetavad.<br \/>\nSisseehitatud automaatne disbalansi dekteerimise s\u00fcsteem<br \/>\nelektrik\u00fcttega: 3x380V; 23 kW<\/p>","protected":false},"featured_media":22066,"template":"","meta":{"_acf_changed":false,"inline_featured_image":false},"product_brand":[],"product_cat":[4129],"product_tag":[],"class_list":{"0":"post-15282","1":"product","2":"type-product","3":"status-publish","4":"has-post-thumbnail","6":"product_cat-toostuslikud-pesumasinad","8":"first","9":"outofstock","10":"shipping-taxable","11":"purchasable","12":"product-type-simple"},"acf":[],"_links":{"self":[{"href":"https:\/\/farwell.ee\/en\/wp-json\/wp\/v2\/product\/15282","targetHints":{"allow":["GET"]}}],"collection":[{"href":"https:\/\/farwell.ee\/en\/wp-json\/wp\/v2\/product"}],"about":[{"href":"https:\/\/farwell.ee\/en\/wp-json\/wp\/v2\/types\/product"}],"wp:featuredmedia":[{"embeddable":true,"href":"https:\/\/farwell.ee\/en\/wp-json\/wp\/v2\/media\/22066"}],"wp:attachment":[{"href":"https:\/\/farwell.ee\/en\/wp-json\/wp\/v2\/media?parent=15282"}],"wp:term":[{"taxonomy":"product_brand","embeddable":true,"href":"https:\/\/farwell.ee\/en\/wp-json\/wp\/v2\/product_brand?post=15282"},{"taxonomy":"product_cat","embeddable":true,"href":"https:\/\/farwell.ee\/en\/wp-json\/wp\/v2\/product_cat?post=15282"},{"taxonomy":"product_tag","embeddable":true,"href":"https:\/\/farwell.ee\/en\/wp-json\/wp\/v2\/product_tag?post=15282"}],"curies":[{"name":"wp","href":"https:\/\/api.w.org\/{rel}","templated":true}]}}