{"id":15250,"date":"2021-07-02T14:07:29","date_gmt":"2021-07-02T11:07:29","guid":{"rendered":"https:\/\/farwell.ee\/?post_type=product&#038;p=15250"},"modified":"2025-01-30T14:54:27","modified_gmt":"2025-01-30T12:54:27","slug":"tsentrifuug-pesumasin-wh6-27","status":"publish","type":"product","link":"https:\/\/farwell.ee\/en\/product\/tsentrifuug-pesumasin-wh6-27\/","title":{"rendered":"Tsentrifuug-pesumasin WH6-27CV"},"content":{"rendered":"","protected":false},"excerpt":{"rendered":"<p><strong>Erakordselt s\u00e4\u00e4stlik ja kasutajas\u00f5bralik pesumasin<\/strong><\/p>\n<p><strong>ClarusVibe juhtpaneel:<\/strong><\/p>\n<ul>\n<li>mikroprotsessor ja 7\u201d v\u00e4rviline TS juhtpaneel<\/li>\n<li>intuitiivne, t\u00e4ielikult muudetavad programmid, mitmekeelne<\/li>\n<li>ekraanil kuvatakse statistikat, pesuvahendi pumpade t\u00e4ielik juhtimine<\/li>\n<li>Lihtne \u00fchendada k\u00f5igi \u00fcldotstarbeliste vedelate pesuainete pumpadega (kuni 15 pumpa)<\/li>\n<\/ul>\n<p><strong>Pikaajalised s\u00e4\u00e4stud:<\/strong><\/p>\n<ul>\n<li>Automaatse s\u00e4\u00e4stlikkuse s\u00fcsteem (AS) kaalub \u00e4ra pesukoguse ja kohandab seej\u00e4rel masinasse lastavat veekogust tegeliku pesukoguse j\u00e4rgi, s\u00e4\u00e4stes nii vett kui ka energiat, kui pesete v\u00e4hem kui t\u00e4is masinat\u00e4it.<\/li>\n<li>Intelligent Dosing (ID) tagab kemikaalide t\u00e4pse automaatse lisamise vastavalt pesu kaalule, s\u00e4\u00e4stes sellega kemikaale.<\/li>\n<li>J\u00f5udude tasakaalu (PB) s\u00fcsteem m\u00f5\u00f5dab ja parandab masina tasakaalu reaalajas ning kohandab G-tegurit kogu tsentrifuugimise v\u00e4ltel, et pesust saaks eraldatud v\u00f5imalikult palju vett, s\u00e4\u00e4stes seel\u00e4bi aega ja raha pesu kuivatamisel<\/li>\n<\/ul>\n<p><strong>Lisav\u00f5imalused<\/strong><\/p>\n<ul>\n<li>Eestlaetav pesuvahendi jaotur, mis asub h\u00f5lpsaks juurdep\u00e4\u00e4suks ergonoomili- sel k\u00f5rgusel, h\u00e4sti n\u00e4htav; 6 v\u00e4rvikoodiga sahtlit teevad doseerimise lihtsaks ja paindlikuks koos spetsiaalsete sahtlitega pulbri ja vedelkemikaalide jaoks, k.a pleegiti ja loputusvahend; eemaldatavad sahtlid v\u00f5imaldavad lihtsat hooldust<\/li>\n<li>Integrated Savings (IS) m\u00f5\u00f5dab pesukogust reaalajas, tagades koormuse optimeerimise ja maksimaalse tootlikkuse. IS pikendab ka masina eluiga ainulaadse \u00fclekoormuse kaitsefunktsiooniga, v\u00e4ltides \u00fclekoormatud masina k\u00e4ivitumist. Lisaks v\u00e4hendab see vee ja energia kulu t\u00e4iskoormusest v\u00e4iksematel koormustel<\/li>\n<li>Dosave\u2019i (peristaltilised) ja Jetsave\u2019i pumbad (Venturi t\u00fc\u00fcpi) \u2013 lihtne paigaldus, v\u00e4iksem hooldusvajadus, t\u00f6\u00f6kindlate klappidega t\u00e4pne ja \u00fchtlane doseerimine<\/li>\n<li>\u00dchendatav broneerimis- ja makses\u00fcsteemide v\u00f5i m\u00fcndiloenduritega<\/li>\n<\/ul>\n<p><strong>Tootekood<\/strong><br \/>\nWH6-27 Clarus Vibe<\/p>\n<p><strong>Mahutavus, kg<\/strong><br \/>\n27<\/p>\n<p><strong>Trumli maht, L<\/strong><br \/>\n240<\/p>\n<p><strong>Trumli l\u00e4bim\u00f5\u00f5t, mm<\/strong><br \/>\n795<\/p>\n<p><strong>Tsentrifuug, p\/min<\/strong><br \/>\n1005<\/p>\n<p><strong>K\u00fcte<\/strong><br \/>\nElekter \/ Aur<\/p>\n<p><strong>Elektri\u00fchendus, kW\/V\/Hz\/A<\/strong><br \/>\n20,5 \/ 400 \/ 50 \/ 35<\/p>\n<p><strong>Pesuprogrammi kestus, min (60 C, tavapesu)<\/strong><br \/>\n65<\/p>\n<p><strong>Veekulu (k\u00fclm+soe), L<\/strong><br \/>\n161 + 10L (6,3 L\/kg kohta)<\/p>\n<p><strong>Energiakulu, kWh (mootor+k\u00fcte)<\/strong><br \/>\n0,55 + 3,20<\/p>\n<p><strong>M\u00f5\u00f5dud (LxSxK), mm<\/strong><br \/>\n1020x990x1462<\/p>\n<p><strong>Tooteleht:<\/strong> <a href=\"https:\/\/farwell.ee\/wp-content\/uploads\/pesumasin_wh6-27_ee.pdf\">WH6-27 Clarus Vibe<\/a><\/p>","protected":false},"featured_media":15251,"template":"","meta":{"_acf_changed":false,"inline_featured_image":false},"product_brand":[],"product_cat":[4129],"product_tag":[],"class_list":{"0":"post-15250","1":"product","2":"type-product","3":"status-publish","4":"has-post-thumbnail","6":"product_cat-toostuslikud-pesumasinad","8":"first","9":"outofstock","10":"shipping-taxable","11":"purchasable","12":"product-type-simple"},"acf":[],"_links":{"self":[{"href":"https:\/\/farwell.ee\/en\/wp-json\/wp\/v2\/product\/15250","targetHints":{"allow":["GET"]}}],"collection":[{"href":"https:\/\/farwell.ee\/en\/wp-json\/wp\/v2\/product"}],"about":[{"href":"https:\/\/farwell.ee\/en\/wp-json\/wp\/v2\/types\/product"}],"wp:featuredmedia":[{"embeddable":true,"href":"https:\/\/farwell.ee\/en\/wp-json\/wp\/v2\/media\/15251"}],"wp:attachment":[{"href":"https:\/\/farwell.ee\/en\/wp-json\/wp\/v2\/media?parent=15250"}],"wp:term":[{"taxonomy":"product_brand","embeddable":true,"href":"https:\/\/farwell.ee\/en\/wp-json\/wp\/v2\/product_brand?post=15250"},{"taxonomy":"product_cat","embeddable":true,"href":"https:\/\/farwell.ee\/en\/wp-json\/wp\/v2\/product_cat?post=15250"},{"taxonomy":"product_tag","embeddable":true,"href":"https:\/\/farwell.ee\/en\/wp-json\/wp\/v2\/product_tag?post=15250"}],"curies":[{"name":"wp","href":"https:\/\/api.w.org\/{rel}","templated":true}]}}