{"id":15238,"date":"2021-07-02T12:55:26","date_gmt":"2021-07-02T09:55:26","guid":{"rendered":"https:\/\/farwell.ee\/?post_type=product&#038;p=15238"},"modified":"2025-01-27T14:11:33","modified_gmt":"2025-01-27T12:11:33","slug":"tsentrifuug-pesumasin-wh-6-6","status":"publish","type":"product","link":"https:\/\/farwell.ee\/en\/product\/tsentrifuug-pesumasin-wh-6-6\/","title":{"rendered":"Tsentrifuug-pesumasin WH6-6"},"content":{"rendered":"","protected":false},"excerpt":{"rendered":"<p><span style=\"font-size: 14pt\"><strong>Omadused ja eelised<\/strong><\/span><\/p>\n<p><strong>Erakordselt s\u00e4\u00e4stlik ja kasutajas\u00f5bralik pesumasin<\/strong><\/p>\n<p>\u2022 <strong>Compass Pro\u00ae juhtpaneel:<\/strong><\/p>\n<ul>\n<li>suur ekraan ja \u00fcksainus juhtnupp lihtsaks programmide ja keele valimiseks<\/li>\n<li>kiirseadistuste ja valikute nupud enimkasutatavatele pesuprogrammidele ja seadistustele<\/li>\n<li>s\u00e4\u00e4stlikkusele, sooritusele ja aja kokkuhoiule h\u00e4\u00e4lestatud pesuprogrammid (saadaval \u00fcldprogrammide alt)<\/li>\n<\/ul>\n<p>\u2022 <strong>Pikaajaline s\u00e4\u00e4stmine:<\/strong><\/p>\n<p>Uuenduslikud omadused on loodud pidades silmas v\u00f5imalikult v\u00e4hest vee-, energia- ja pesuainekulu, et s\u00e4\u00e4sta raha ja aega ning edendada j\u00e4tkusuutlikku elustiili.<\/p>\n<ul>\n<li>AS system kaalub pesukoguse \u00e4ra ja seadistab vastavalt sellele nii vee- kui ka energiatarbe. Tulemuseks m\u00e4rkimisv\u00e4\u00e4rne kokkuhoid, juhul kui pesete v\u00f5i kuivatate v\u00e4hem kui masinat\u00e4it (saadaval \u00fcldprogrammide alt)<\/li>\n<li>\u00c4\u00e4rmiselt madal vee- ja energiatarve, vt tootelehte.<\/li>\n<li>V\u00f5imas tsentrifugaalj\u00f5ud t\u00f5husaks vee eraldamiseks.<\/li>\n<li>J\u00f5udude tasakaalu s\u00fcsteem m\u00f5\u00f5dab ja parandab masina tasakaalu reaalajas ning kohandab G-tegurit kogu tsentrifuugimise v\u00e4ltel, et pesudest saaks eraldatud v\u00f5imalikult palju vett, s\u00e4\u00e4stes seel\u00e4bi aega ja raha pesude kuivatamisel.<\/li>\n<\/ul>\n<p>&nbsp;<\/p>\n<p><strong>Puhas kontroll<\/strong><\/p>\n<p>J\u00e4rgige oma masinate seisukorda ja sooritust kust tahes ning t\u00f5stke oma \u00e4ri edukust.<\/p>\n<ul>\n<li>\u00dchendatav OnE Laundryga, teie isikliku assistendiga h\u00fcgieenilise puhtuse tagamises ning protsessi- ja tuluhalduses.<\/li>\n<\/ul>\n<p><strong>Lisav\u00f5imalused<\/strong><\/p>\n<ul>\n<li>Automaatne vedela pesuaine doseerimine (valikuline sisend-v\u00e4ljundmoodul).<\/li>\n<li>T\u00f5husadoseerimiseliidesjapumbadtagavad,ett\u00e4pnekoguspesuainet lisatakse automaatselt tegeliku pesukoguse j\u00e4rgi, s\u00e4\u00e4stes nii pesuainet.<\/li>\n<li>\u00dchendatavbroneerimis-jamakses\u00fcsteemidev\u00f5im\u00fcndiloenduritega.<\/li>\n<li>\u00c4ravoolupump.<\/li>\n<li>Ruumis\u00e4\u00e4stmiseksvirnastusv\u00f5imalusTD6-6v\u00f5iTD6-7trummelkuivatitega.<\/li>\n<li>Roostevabastterasestesipaneel.<\/li>\n<\/ul>\n<p><strong>Tootekood<\/strong><br \/>\nWH6-6<\/p>\n<p><strong>Mahutavus, kg<\/strong><br \/>\n6<\/p>\n<p><strong>Trumli maht, L<\/strong><br \/>\n53<\/p>\n<p><strong>Trumli l\u00e4bim\u00f5\u00f5t, mm<\/strong><br \/>\n452<\/p>\n<p><strong>Tsentrifuug, p\/min<\/strong><br \/>\n1450<\/p>\n<p><strong>K\u00fcte<\/strong><br \/>\nElekter<\/p>\n<p><strong>Elektri\u00fchendus, kW\/V\/Hz\/A<\/strong><br \/>\n4,6 \/ 400 \/ 50 \/ 10<\/p>\n<p><strong>Pesuprogrammi kestus, min (60 C, tavapesu)<\/strong><br \/>\n50<\/p>\n<p><strong>Veekulu (k\u00fclm+soe), L<\/strong><br \/>\n29 + 10 (6,5 L\/kg kohta)<\/p>\n<p><strong>Energiakulu, kWh (mootor+k\u00fcte)<\/strong><br \/>\n0,2 + 0,15<\/p>\n<p><strong>M\u00f5\u00f5dud (LxSxK), mm<\/strong><br \/>\n595x681x832<\/p>\n<p><strong>Tooteleht: <\/strong><a href=\"https:\/\/farwell.ee\/wp-content\/uploads\/Pesumasin_WH6-6_EE.pdf\">WH6-6<\/a><\/p>","protected":false},"featured_media":15239,"template":"","meta":{"_acf_changed":false,"inline_featured_image":false},"product_brand":[],"product_cat":[4129],"product_tag":[],"class_list":{"0":"post-15238","1":"product","2":"type-product","3":"status-publish","4":"has-post-thumbnail","6":"product_cat-toostuslikud-pesumasinad","8":"first","9":"outofstock","10":"shipping-taxable","11":"purchasable","12":"product-type-simple"},"acf":[],"_links":{"self":[{"href":"https:\/\/farwell.ee\/en\/wp-json\/wp\/v2\/product\/15238","targetHints":{"allow":["GET"]}}],"collection":[{"href":"https:\/\/farwell.ee\/en\/wp-json\/wp\/v2\/product"}],"about":[{"href":"https:\/\/farwell.ee\/en\/wp-json\/wp\/v2\/types\/product"}],"wp:featuredmedia":[{"embeddable":true,"href":"https:\/\/farwell.ee\/en\/wp-json\/wp\/v2\/media\/15239"}],"wp:attachment":[{"href":"https:\/\/farwell.ee\/en\/wp-json\/wp\/v2\/media?parent=15238"}],"wp:term":[{"taxonomy":"product_brand","embeddable":true,"href":"https:\/\/farwell.ee\/en\/wp-json\/wp\/v2\/product_brand?post=15238"},{"taxonomy":"product_cat","embeddable":true,"href":"https:\/\/farwell.ee\/en\/wp-json\/wp\/v2\/product_cat?post=15238"},{"taxonomy":"product_tag","embeddable":true,"href":"https:\/\/farwell.ee\/en\/wp-json\/wp\/v2\/product_tag?post=15238"}],"curies":[{"name":"wp","href":"https:\/\/api.w.org\/{rel}","templated":true}]}}