{"id":15236,"date":"2021-07-02T12:40:45","date_gmt":"2021-07-02T09:40:45","guid":{"rendered":"https:\/\/farwell.ee\/?post_type=product&#038;p=15236"},"modified":"2025-01-27T13:30:07","modified_gmt":"2025-01-27T11:30:07","slug":"tsentrifuug-pesumasin-mypro-xl-we1100p","status":"publish","type":"product","link":"https:\/\/farwell.ee\/en\/product\/tsentrifuug-pesumasin-mypro-xl-we1100p\/","title":{"rendered":"Tsentrifuug-pesumasin myPRO XL WE1100P"},"content":{"rendered":"","protected":false},"excerpt":{"rendered":"<p><strong>Nutikas pesumasin profikasutajale<\/strong><\/p>\n<p>Loodud <strong>nutikatele ettev\u00f5tetele<\/strong>, kes vajavad <strong>suuremat mahutavust<\/strong>, <strong>pikemat vastupidavust<\/strong> ja <strong>ultrakiirust<\/strong> m\u00f5istliku hinnaga<\/p>\n<p><span style=\"font-size: 14pt\"><strong>Omadused ja eelised<\/strong><\/span><\/p>\n<p><strong>Erakordne vastupidavus<\/strong> \u2013 kasutusiga 15 000+ ts\u00fcklit<\/p>\n<ul>\n<li>Valmistatud t\u00f6\u00f6stuslikest komponentides ja kestab pea kuus korda kauem kui kodumajapidamise pesumasinad<\/li>\n<\/ul>\n<p><strong>Kiirem ja t\u00f5husam pesemine<\/strong> (v\u00f5rreldes kodumajapidamiste masinatega)<\/p>\n<ul>\n<li>Suurem mahutavus: 12 kg<\/li>\n<li>K\u00fclma veega pesu vaikimisi 35 minutit<\/li>\n<li>300 G-tegur parima tsentrifuugimistulemuse ja l\u00fchema kuivamisaja jaoks<\/li>\n<\/ul>\n<p><strong>Suurem paindlikkus ja kasutusmugavus<\/strong><\/p>\n<ul>\n<li>paindlik paigaldus t\u00e4nu ankurdusvajaduseta disainile ja nutikale \u00e4ravoolupumba lahendusele<\/li>\n<li>Valikuline virnastuskomplekt pesumasina+kuivati hiljem virnastamiseks<\/li>\n<li>Suurep\u00e4rane pesutulemus neljal moel kohandatavate pesuprogrammidega<\/li>\n<li>Desinfitseerivad programmid erinevate kestuse ja veetemperatuuri valikuteg<\/li>\n<li>Esik\u00fcljelt ligip\u00e4\u00e4s lihtsustab masina hooldust<\/li>\n<\/ul>\n<p><strong>T\u00e4iuslik v\u00e4ikeettev\u00f5tetele, n\u00e4iteks:<\/strong><\/p>\n<ul>\n<li>v\u00e4iksematele hotellidele<\/li>\n<li>v\u00f5\u00f5rastemajadele<\/li>\n<li>restoranidele<\/li>\n<li>spordi- ja terviseklubidele<\/li>\n<li>hooldekodudele<\/li>\n<\/ul>\n<p><strong>Lisav\u00f5imalused<\/strong><\/p>\n<ul>\n<li>Komplekt v\u00e4lise pesuainedosaator \u00fchendamiseks<\/li>\n<li>\u00dchendamine m\u00fcndiloenduritega.<\/li>\n<li>Ruumi s\u00e4\u00e4stmiseks virnastusv\u00f5imalus myPro XL TE1220E trummelkuivatiga.<\/li>\n<\/ul>\n<p><strong>Tootekood<\/strong><br \/>\nmyPRO XL WE1100P<\/p>\n<p><strong>Mahutavus, kg<\/strong><br \/>\n12<\/p>\n<p><strong>Trumli maht, L<\/strong><br \/>\n100<\/p>\n<p><strong>Tsentrifuug, p\/min<\/strong><br \/>\n1050<\/p>\n<p><strong>K\u00fcte<\/strong><br \/>\nElekter<\/p>\n<p><strong>Elektri\u00fchendus, kW\/V\/Hz\/A<\/strong><br \/>\n2,2 \/ 230 \/ 50 \/ 10<\/p>\n<p><strong>Pesuprogrammi kestus, min (60 C, tavapesu)<\/strong><br \/>\n73<\/p>\n<p><strong>Programmi energiakulu, kWh<\/strong><br \/>\n1,01<\/p>\n<p><strong>Veekulu (k\u00fclm+soe), L<\/strong><br \/>\n87 L (7,25 L\/kg kohta)<\/p>\n<p><strong>M\u00f5\u00f5dud (LxSxK), mm<\/strong><br \/>\n686 x 765 x 1098<\/p>\n<p><strong>Tooteleht:\u00a0<\/strong><a href=\"https:\/\/farwell.ee\/wp-content\/uploads\/pesumasin-mypro-xl-we1100p_est.pdf\">myPRO XL WE1100P<\/a><\/p>","protected":false},"featured_media":15237,"template":"","meta":{"_acf_changed":false,"inline_featured_image":false},"product_brand":[],"product_cat":[4128,4165],"product_tag":[],"class_list":{"0":"post-15236","1":"product","2":"type-product","3":"status-publish","4":"has-post-thumbnail","6":"product_cat-pesumasinad-ja-kuivatid-professionaalseks-kasutuseks","7":"product_cat-iseteenindus-pesumaja","9":"first","10":"outofstock","11":"shipping-taxable","12":"purchasable","13":"product-type-simple"},"acf":[],"_links":{"self":[{"href":"https:\/\/farwell.ee\/en\/wp-json\/wp\/v2\/product\/15236","targetHints":{"allow":["GET"]}}],"collection":[{"href":"https:\/\/farwell.ee\/en\/wp-json\/wp\/v2\/product"}],"about":[{"href":"https:\/\/farwell.ee\/en\/wp-json\/wp\/v2\/types\/product"}],"wp:featuredmedia":[{"embeddable":true,"href":"https:\/\/farwell.ee\/en\/wp-json\/wp\/v2\/media\/15237"}],"wp:attachment":[{"href":"https:\/\/farwell.ee\/en\/wp-json\/wp\/v2\/media?parent=15236"}],"wp:term":[{"taxonomy":"product_brand","embeddable":true,"href":"https:\/\/farwell.ee\/en\/wp-json\/wp\/v2\/product_brand?post=15236"},{"taxonomy":"product_cat","embeddable":true,"href":"https:\/\/farwell.ee\/en\/wp-json\/wp\/v2\/product_cat?post=15236"},{"taxonomy":"product_tag","embeddable":true,"href":"https:\/\/farwell.ee\/en\/wp-json\/wp\/v2\/product_tag?post=15236"}],"curies":[{"name":"wp","href":"https:\/\/api.w.org\/{rel}","templated":true}]}}