{"id":15225,"date":"2021-06-30T12:57:00","date_gmt":"2021-06-30T09:57:00","guid":{"rendered":"https:\/\/farwell.ee\/?post_type=product&#038;p=15225"},"modified":"2025-01-03T16:33:04","modified_gmt":"2025-01-03T14:33:04","slug":"triikimiskalander-mypro-is185","status":"publish","type":"product","link":"https:\/\/farwell.ee\/en\/product\/triikimiskalander-mypro-is185\/","title":{"rendered":"Triikimiskalander myPRO IS185"},"content":{"rendered":"","protected":false},"excerpt":{"rendered":"<p><span style=\"font-size: 14pt\"><strong>Nutikas kokkupandav aurukalander<\/strong><\/span><\/p>\n<p><strong>Loodud spetsiaalselt v\u00e4ikeettev\u00f5tetele<\/strong><\/p>\n<p>https:\/\/youtu.be\/JZYNHxNZ9V0<\/p>\n<p><span style=\"font-size: 14pt\"><strong>Omadused ja eelised<\/strong><\/span><\/p>\n<p><strong>Suurep\u00e4rane tootlikkus ja tulemus:<\/strong><\/p>\n<ul>\n<li>850 mm lai triikimispind, mis on m\u00f5lemalt k\u00fcljelt avatud suurte kangaste h\u00f5lpsaks triikimiseks<\/li>\n<li>Pikaajaline auru tootmine t\u00e4nu suure mahutavusega veepaagile (1,9 l nominaalne, 1,4 l tegelik)<\/li>\n<\/ul>\n<p><strong>Erakordne paindlikkus ja r\u00f5ivaste hooldus:<\/strong><\/p>\n<ul>\n<li>5 temperatuuri seadistuse astet<\/li>\n<li>3 auruprogrammi. Pidev v\u00f5i vajadusele vastav v\u00e4ljastus<\/li>\n<li>Jalgpedaaliga reguleeritav triikimiskiirus<\/li>\n<\/ul>\n<p><strong>Muretu ja lihtne kasutada:<\/strong><\/p>\n<ul>\n<li>kokkupandav, ideaalne k\u00f5ige kompaktsema pesumaja tarbeks<\/li>\n<li>arullikud lihtsaks liigutamiseks<\/li>\n<li>\u201cL\u00fclita &amp; kasuta\u201d paigaldus<\/li>\n<li>Lihtne ja kiire veepaagi t\u00e4itmine<\/li>\n<li>Triigi seistes v\u00f5i istudes<\/li>\n<\/ul>\n<p><strong>T\u00e4iuslik v\u00e4ikeettev\u00f5tetele, n\u00e4iteks:<\/strong><\/p>\n<ul>\n<li>Bed &amp; Breakfast ja v\u00e4iksematele hotellidele<\/li>\n<li>restoranidele<\/li>\n<li>juuksuri- ja ilusalongidele<\/li>\n<li>spordi- ja terviseklubidele<\/li>\n<\/ul>\n<p><strong>Lisav\u00f5imalused<\/strong><\/p>\n<ul>\n<li>Veepehmenduskassett v\u00f5imaldab kalandris kasutada kraanivett<\/li>\n<li>Puuvillane rullipolster suurendab rulli kohandumist triigitava materjaliga<\/li>\n<li>Puuvillane rullikate<\/li>\n<\/ul>\n<p><strong>Tootekood<\/strong><br \/>\nmyPRO IS185<\/p>\n<p><strong>M\u00f5\u00f5dud (LxSxK), mm<\/strong><br \/>\n940 x 400 x 1050<\/p>\n<p><strong>Triikimisrulli laius, mm<\/strong><br \/>\n850<\/p>\n<p><strong>Triikimisrulli l\u00e4bim\u00f5\u00f5t, mm<\/strong><br \/>\n160<\/p>\n<p><strong>Triikimiskiirus, m\/min<\/strong><br \/>\n1,2-3,4<\/p>\n<p><strong>K\u00fcttev\u00f5imsus, kW<\/strong><br \/>\n3,3<\/p>\n<p><strong>Elektri\u00fchendus, kW\/V\/Hz\/A<\/strong><br \/>\n3,3 \/ 230 \/ 50 \/ 16<\/p>","protected":false},"featured_media":15226,"template":"","meta":{"_acf_changed":false,"inline_featured_image":false},"product_brand":[],"product_cat":[4128],"product_tag":[],"class_list":{"0":"post-15225","1":"product","2":"type-product","3":"status-publish","4":"has-post-thumbnail","6":"product_cat-pesumasinad-ja-kuivatid-professionaalseks-kasutuseks","8":"first","9":"outofstock","10":"shipping-taxable","11":"purchasable","12":"product-type-simple"},"acf":[],"_links":{"self":[{"href":"https:\/\/farwell.ee\/en\/wp-json\/wp\/v2\/product\/15225","targetHints":{"allow":["GET"]}}],"collection":[{"href":"https:\/\/farwell.ee\/en\/wp-json\/wp\/v2\/product"}],"about":[{"href":"https:\/\/farwell.ee\/en\/wp-json\/wp\/v2\/types\/product"}],"wp:featuredmedia":[{"embeddable":true,"href":"https:\/\/farwell.ee\/en\/wp-json\/wp\/v2\/media\/15226"}],"wp:attachment":[{"href":"https:\/\/farwell.ee\/en\/wp-json\/wp\/v2\/media?parent=15225"}],"wp:term":[{"taxonomy":"product_brand","embeddable":true,"href":"https:\/\/farwell.ee\/en\/wp-json\/wp\/v2\/product_brand?post=15225"},{"taxonomy":"product_cat","embeddable":true,"href":"https:\/\/farwell.ee\/en\/wp-json\/wp\/v2\/product_cat?post=15225"},{"taxonomy":"product_tag","embeddable":true,"href":"https:\/\/farwell.ee\/en\/wp-json\/wp\/v2\/product_tag?post=15225"}],"curies":[{"name":"wp","href":"https:\/\/api.w.org\/{rel}","templated":true}]}}