{"id":15223,"date":"2021-06-30T12:23:27","date_gmt":"2021-06-30T09:23:27","guid":{"rendered":"https:\/\/farwell.ee\/?post_type=product&#038;p=15223"},"modified":"2025-01-27T13:16:17","modified_gmt":"2025-01-27T11:16:17","slug":"trummelkuivati-mypro-te1120","status":"publish","type":"product","link":"https:\/\/farwell.ee\/en\/product\/trummelkuivati-mypro-te1120\/","title":{"rendered":"Trummelkuivati myPRO TE1120"},"content":{"rendered":"","protected":false},"excerpt":{"rendered":"<p><span style=\"font-size: 14pt\"><strong>Eelised ja omadused<\/strong><\/span><\/p>\n<p><strong>Erakordne mahutavus ja sooritus:<\/strong><\/p>\n<ul>\n<li>madalamad kulud: A-klassi kondenseerimist\u00f5husus ja B-klassi energiat\u00f5husus\u00b2<\/li>\n<\/ul>\n<p>\u00b2 v\u00f5imalik klassifikatsioon kondenseerivatele kuivatitele<\/p>\n<p><strong>Erakordne kasutuspaindlikkus ja r\u00f5ivahooldus:<\/strong><\/p>\n<ul>\n<li>k\u00f5ik vajadused kaetud 16 programmiga (\u00f6ko, automaatne, aegas\u00e4\u00e4stev ja v\u00e4rskendav)<\/li>\n<li>v\u00e4ltige r\u00f5ivaste liigset kuivatamist ning s\u00e4\u00e4stke aega ja energiat professionaalse j\u00e4\u00e4kniiskuse kontrolli tehnoloogiaga<\/li>\n<li>suurem meelerahu: valikuline \u00fchendus kondensvee paagist otse \u00e4ravoolu koheseks t\u00fchjendamiseks<\/li>\n<\/ul>\n<p><strong>Kolmekordne kasutusiga<\/strong> (v\u00f5rreldes kodumajapidamistes kasutatavate masinatega)<\/p>\n<ul>\n<li>eriti pikk kasutusiga t\u00e4nu vastupidavale konstruktsioonile ja profimasinates kasutatavatele masinaosadele<\/li>\n<li>v\u00e4hem vibratsiooni ja m\u00fcra: alla 70 dB t\u00e4nu spetsiaalselt loodud \u00fclekandes\u00fcsteemile, kondensaatorile ja paneelidele<\/li>\n<li>ei mingit keemilist korrosiooni, eesmine ja pealmine paneel on roostevabast terasest<\/li>\n<\/ul>\n<p><strong>T\u00e4iuslik v\u00e4ikeettev\u00f5tetele, n\u00e4iteks:<\/strong><\/p>\n<ul>\n<li>v\u00e4iksematele hotellidele<\/li>\n<li>v\u00f5\u00f5rastemajadele<\/li>\n<li>v\u00e4iksematele restoranidele<\/li>\n<li>juuksuri- ja ilusalongidele<\/li>\n<li>spordi- ja terviseklubidele<\/li>\n<li>kontorikoristusfirmadele<\/li>\n<li>hooldekodudele<\/li>\n<li>restoranikettidele\/frantsiisidele ja paludele teistele<\/li>\n<\/ul>\n<p>https:\/\/youtu.be\/QZlDLCAjf1E<\/p>\n<p><strong>Lisav\u00f5imalused<\/strong><\/p>\n<ul>\n<li>\u00dchendamine makses\u00fcsteemide v\u00f5i m\u00fcndiloenduritega.<\/li>\n<li>Ruumi s\u00e4\u00e4stmiseks virnastusv\u00f5imalus myPRO WE170V trummelkuivatiga.<\/li>\n<\/ul>\n<p><strong>Tootekood<\/strong><br \/>\nmyPRO TE1120<\/p>\n<p><strong>Mahutavus, kg<\/strong><br \/>\n8<\/p>\n<p><strong>Trumli maht, L<\/strong><br \/>\n120<\/p>\n<p><strong>Kuivatustehnoloogia:<\/strong><br \/>\nkondenseeriv (elektrilised k\u00fcttekehad)<\/p>\n<p><strong>K\u00fcte<\/strong><br \/>\nElekter<\/p>\n<p><strong>Elektri\u00fchendus, kW\/V\/Hz\/A<\/strong><br \/>\n2,8 \/ 230 \/ 50 \/ 16<\/p>\n<p><strong>Kuivatusprogrammi kestus, min<\/strong><br \/>\n129<\/p>\n<p><strong>Programmi energiakulu, kWh<\/strong><br \/>\n4,88<\/p>\n<p><strong>M\u00f5\u00f5dud (LxSxK), mm<\/strong><br \/>\n596 x 640 x 850<\/p>\n<p><strong>Tooteleht: <\/strong><a href=\"https:\/\/farwell.ee\/wp-content\/uploads\/mypro_trummelkuivati_te1120_est.pdf\">myPRO TE1120<\/a><\/p>","protected":false},"featured_media":15224,"template":"","meta":{"_acf_changed":false,"inline_featured_image":false},"product_brand":[],"product_cat":[4128,4165],"product_tag":[],"class_list":{"0":"post-15223","1":"product","2":"type-product","3":"status-publish","4":"has-post-thumbnail","6":"product_cat-pesumasinad-ja-kuivatid-professionaalseks-kasutuseks","7":"product_cat-iseteenindus-pesumaja","9":"first","10":"outofstock","11":"shipping-taxable","12":"purchasable","13":"product-type-simple"},"acf":[],"_links":{"self":[{"href":"https:\/\/farwell.ee\/en\/wp-json\/wp\/v2\/product\/15223","targetHints":{"allow":["GET"]}}],"collection":[{"href":"https:\/\/farwell.ee\/en\/wp-json\/wp\/v2\/product"}],"about":[{"href":"https:\/\/farwell.ee\/en\/wp-json\/wp\/v2\/types\/product"}],"wp:featuredmedia":[{"embeddable":true,"href":"https:\/\/farwell.ee\/en\/wp-json\/wp\/v2\/media\/15224"}],"wp:attachment":[{"href":"https:\/\/farwell.ee\/en\/wp-json\/wp\/v2\/media?parent=15223"}],"wp:term":[{"taxonomy":"product_brand","embeddable":true,"href":"https:\/\/farwell.ee\/en\/wp-json\/wp\/v2\/product_brand?post=15223"},{"taxonomy":"product_cat","embeddable":true,"href":"https:\/\/farwell.ee\/en\/wp-json\/wp\/v2\/product_cat?post=15223"},{"taxonomy":"product_tag","embeddable":true,"href":"https:\/\/farwell.ee\/en\/wp-json\/wp\/v2\/product_tag?post=15223"}],"curies":[{"name":"wp","href":"https:\/\/api.w.org\/{rel}","templated":true}]}}