{"id":14801,"date":"2021-03-29T15:45:03","date_gmt":"2021-03-29T12:45:03","guid":{"rendered":"https:\/\/farwell.ee\/toode\/riiv-microplane\/"},"modified":"2026-04-15T17:30:11","modified_gmt":"2026-04-15T14:30:11","slug":"riiv-microplane","status":"publish","type":"product","link":"https:\/\/farwell.ee\/en\/product\/riiv-microplane\/","title":{"rendered":"K\u00e4siriiv lai, keskmise riivteraga Microplane (juust, p\u00e4hkel, k\u00f6\u00f6givili)"},"content":{"rendered":"","protected":false},"excerpt":{"rendered":"","protected":false},"featured_media":36882,"template":"","meta":{"_acf_changed":false,"inline_featured_image":false},"product_brand":[],"product_cat":[163],"product_tag":[],"class_list":{"0":"post-14801","1":"product","2":"type-product","3":"status-publish","4":"has-post-thumbnail","6":"product_cat-riivid-koorijad-ja-pureestajad","7":"pa_kaubamark-bourgeat","9":"first","10":"instock","11":"shipping-taxable","12":"purchasable","13":"product-type-simple"},"acf":[],"_links":{"self":[{"href":"https:\/\/farwell.ee\/en\/wp-json\/wp\/v2\/product\/14801","targetHints":{"allow":["GET"]}}],"collection":[{"href":"https:\/\/farwell.ee\/en\/wp-json\/wp\/v2\/product"}],"about":[{"href":"https:\/\/farwell.ee\/en\/wp-json\/wp\/v2\/types\/product"}],"wp:featuredmedia":[{"embeddable":true,"href":"https:\/\/farwell.ee\/en\/wp-json\/wp\/v2\/media\/36882"}],"wp:attachment":[{"href":"https:\/\/farwell.ee\/en\/wp-json\/wp\/v2\/media?parent=14801"}],"wp:term":[{"taxonomy":"product_brand","embeddable":true,"href":"https:\/\/farwell.ee\/en\/wp-json\/wp\/v2\/product_brand?post=14801"},{"taxonomy":"product_cat","embeddable":true,"href":"https:\/\/farwell.ee\/en\/wp-json\/wp\/v2\/product_cat?post=14801"},{"taxonomy":"product_tag","embeddable":true,"href":"https:\/\/farwell.ee\/en\/wp-json\/wp\/v2\/product_tag?post=14801"}],"curies":[{"name":"wp","href":"https:\/\/api.w.org\/{rel}","templated":true}]}}