{"id":14771,"date":"2021-03-26T16:00:03","date_gmt":"2021-03-26T14:00:03","guid":{"rendered":"https:\/\/farwell.ee\/toode\/termomeeter-veekindel-50-300c\/"},"modified":"2026-04-07T12:30:10","modified_gmt":"2026-04-07T09:30:10","slug":"termomeeter-veekindel-50-300c","status":"publish","type":"product","link":"https:\/\/farwell.ee\/en\/product\/termomeeter-veekindel-50-300c\/","title":{"rendered":"Torketermomeeter e. sondtermomeeter -50\u00b0C\/+300\u00b0C pritsmekindel"},"content":{"rendered":"","protected":false},"excerpt":{"rendered":"<p><span dir=\"auto\">Temperatuurivahemik -50 \u00b0C kuni 300 \u00b0C.<\/span><br \/>\n<span dir=\"auto\">Graduatsioon 0,1 \u00b0C vahemikus -19,9 \u00b0C kuni 199,9 \u00b0C, teiste temperatuurivahemike puhul 1 \u00b0C.<\/span><br \/>\n<span dir=\"auto\">T\u00e4psus 1 \u00b0C vahemikus -20 \u00b0C kuni 100 \u00b0C.<\/span><br \/>\n<span dir=\"auto\">Lukustusre\u017eiim \u2013 temperatuuri pidevaks j\u00e4lgimiseks.<\/span><br \/>\n<span dir=\"auto\">120 mm roostevabast terasest andur.<\/span><br \/>\n<span dir=\"auto\">M\u00f5\u00f5dab temperatuuri \u00fche sekundiga.<\/span><br \/>\n<span dir=\"auto\">Katte ja ergonoomilise k\u00e4epidemega.<\/span><br \/>\n<span dir=\"auto\">L\u00fclitub automaatselt v\u00e4lja 10 minuti p\u00e4rast.<\/span><br \/>\n<span dir=\"auto\">Patarei on kaasas.<\/span><\/p>","protected":false},"featured_media":38572,"template":"","meta":{"_acf_changed":false,"inline_featured_image":false},"product_brand":[],"product_cat":[181],"product_tag":[],"class_list":{"0":"post-14771","1":"product","2":"type-product","3":"status-publish","4":"has-post-thumbnail","6":"product_cat-termomeetrid-ja-taimerid","7":"pa_kaubamark-hendi","9":"first","10":"instock","11":"shipping-taxable","12":"purchasable","13":"product-type-simple"},"acf":[],"_links":{"self":[{"href":"https:\/\/farwell.ee\/en\/wp-json\/wp\/v2\/product\/14771","targetHints":{"allow":["GET"]}}],"collection":[{"href":"https:\/\/farwell.ee\/en\/wp-json\/wp\/v2\/product"}],"about":[{"href":"https:\/\/farwell.ee\/en\/wp-json\/wp\/v2\/types\/product"}],"wp:featuredmedia":[{"embeddable":true,"href":"https:\/\/farwell.ee\/en\/wp-json\/wp\/v2\/media\/38572"}],"wp:attachment":[{"href":"https:\/\/farwell.ee\/en\/wp-json\/wp\/v2\/media?parent=14771"}],"wp:term":[{"taxonomy":"product_brand","embeddable":true,"href":"https:\/\/farwell.ee\/en\/wp-json\/wp\/v2\/product_brand?post=14771"},{"taxonomy":"product_cat","embeddable":true,"href":"https:\/\/farwell.ee\/en\/wp-json\/wp\/v2\/product_cat?post=14771"},{"taxonomy":"product_tag","embeddable":true,"href":"https:\/\/farwell.ee\/en\/wp-json\/wp\/v2\/product_tag?post=14771"}],"curies":[{"name":"wp","href":"https:\/\/api.w.org\/{rel}","templated":true}]}}