{"id":14767,"date":"2021-03-26T15:45:04","date_gmt":"2021-03-26T13:45:04","guid":{"rendered":"https:\/\/farwell.ee\/toode\/termomeeter-timer-0-250c-juhtmega\/"},"modified":"2026-04-17T16:15:07","modified_gmt":"2026-04-17T13:15:07","slug":"termomeeter-timer-0-250c-juhtmega","status":"publish","type":"product","link":"https:\/\/farwell.ee\/en\/product\/termomeeter-timer-0-250c-juhtmega\/","title":{"rendered":"Termomeeter ja taimer -50\u00b0C kuni +250\u00b0C termosensoriga"},"content":{"rendered":"","protected":false},"excerpt":{"rendered":"<p>Termomeeter m\u00f5\u00f5dab 1\u00b0C t\u00e4psusega vahemikus 0\u00b0C kuni +100\u00b0C ja 2\u00b0C t\u00e4psusega teistes piirkondades.<br \/>\nAlarmi seadistamise v\u00f5imalus soovitud temperatuuriks.<br \/>\nTaimeri funktsioon tagasiarvestusega ja helisignaaliga etteantud temperatuuri saavutamisel.<br \/>\nM\u00f5\u00f5t\u00fchik: C v\u00f5i F.<br \/>\nReziim &#8220;lock mode&#8221; temperatuuri katkestamatu kontrollimise jaoks.<br \/>\nMIN \/ MAX temperatuuri funktsiooni nupp.<br \/>\n150mm roostevabast terasest sond.<br \/>\nAndurijuhe on termomeetri tundlikuim osa ja seda ei tohi kunagi uputada vette.<br \/>\nAndurit puhastatakse ainult niiske lapiga p\u00fchkides.<br \/>\nAnduri juhe ei kannata kokkupuudet ahju kuumade grillk\u00fcttekehadega.<\/p>\n<p>Induktsioonpliitide magnetvoolud v\u00f5ivad p\u00f5hjustada digitaalsete termomeetrite t\u00f6\u00f6s h\u00e4ireid.<br \/>\nSee on k\u00f5ikide elektrooniliste termomeetrite puhul normaalne n\u00e4htus ja h\u00e4ired on seda t\u00f5en\u00e4olisemad, mida suuremate v\u00f5imsustega induktsioonpliit t\u00f6\u00f6tab.<\/p>\n<p>M\u00f5\u00f5dud: 65x70x17mm.<br \/>\nPatarei\u00a0 1tk AAA, 1,5V sisaldub pakendis.<\/p>","protected":false},"featured_media":14766,"template":"","meta":{"_acf_changed":false,"inline_featured_image":false},"product_brand":[],"product_cat":[181],"product_tag":[],"class_list":{"0":"post-14767","1":"product","2":"type-product","3":"status-publish","4":"has-post-thumbnail","6":"product_cat-termomeetrid-ja-taimerid","7":"pa_kaubamark-hendi","9":"first","10":"instock","11":"shipping-taxable","12":"purchasable","13":"product-type-simple"},"acf":[],"_links":{"self":[{"href":"https:\/\/farwell.ee\/en\/wp-json\/wp\/v2\/product\/14767","targetHints":{"allow":["GET"]}}],"collection":[{"href":"https:\/\/farwell.ee\/en\/wp-json\/wp\/v2\/product"}],"about":[{"href":"https:\/\/farwell.ee\/en\/wp-json\/wp\/v2\/types\/product"}],"wp:featuredmedia":[{"embeddable":true,"href":"https:\/\/farwell.ee\/en\/wp-json\/wp\/v2\/media\/14766"}],"wp:attachment":[{"href":"https:\/\/farwell.ee\/en\/wp-json\/wp\/v2\/media?parent=14767"}],"wp:term":[{"taxonomy":"product_brand","embeddable":true,"href":"https:\/\/farwell.ee\/en\/wp-json\/wp\/v2\/product_brand?post=14767"},{"taxonomy":"product_cat","embeddable":true,"href":"https:\/\/farwell.ee\/en\/wp-json\/wp\/v2\/product_cat?post=14767"},{"taxonomy":"product_tag","embeddable":true,"href":"https:\/\/farwell.ee\/en\/wp-json\/wp\/v2\/product_tag?post=14767"}],"curies":[{"name":"wp","href":"https:\/\/api.w.org\/{rel}","templated":true}]}}