{"id":14528,"date":"2021-03-16T13:30:03","date_gmt":"2021-03-16T11:30:03","guid":{"rendered":"https:\/\/farwell.ee\/toode\/wokpann-klaaskaanega-igale-pliidituubile\/"},"modified":"2026-04-20T17:00:09","modified_gmt":"2026-04-20T14:00:09","slug":"wokpann-klaaskaanega-igale-pliidituubile","status":"publish","type":"product","link":"https:\/\/farwell.ee\/en\/product\/wokpann-klaaskaanega-igale-pliidituubile\/","title":{"rendered":"Wok-pann 28cm klaaskaanega, lameda p\u00f5hjaga, igale pliidit\u00fc\u00fcbile"},"content":{"rendered":"","protected":false},"excerpt":{"rendered":"<p>Pinti Power seeria wok-pann klaaskaanega.<br \/>\nMaht 3,7L.<br \/>\nKorpus: 3mm valualumiinium.<br \/>\nWhitford Xylan 2-kihiline mittenakkuv sisekate.<br \/>\nSobib k\u00f5ikidele pliidit\u00fc\u00fcpidele: induktsioon-, gaasi-, elektri- ja keraamilistele pliitidele.<\/p>","protected":false},"featured_media":14527,"template":"","meta":{"_acf_changed":false,"inline_featured_image":false},"product_brand":[],"product_cat":[152],"product_tag":[6143,6145],"class_list":{"0":"post-14528","1":"product","2":"type-product","3":"status-publish","4":"has-post-thumbnail","6":"product_cat-pannid","7":"product_tag-praadimispann","8":"product_tag-praepann","9":"pa_kaubamark-pintinox","11":"first","12":"instock","13":"shipping-taxable","14":"purchasable","15":"product-type-simple"},"acf":[],"_links":{"self":[{"href":"https:\/\/farwell.ee\/en\/wp-json\/wp\/v2\/product\/14528","targetHints":{"allow":["GET"]}}],"collection":[{"href":"https:\/\/farwell.ee\/en\/wp-json\/wp\/v2\/product"}],"about":[{"href":"https:\/\/farwell.ee\/en\/wp-json\/wp\/v2\/types\/product"}],"wp:featuredmedia":[{"embeddable":true,"href":"https:\/\/farwell.ee\/en\/wp-json\/wp\/v2\/media\/14527"}],"wp:attachment":[{"href":"https:\/\/farwell.ee\/en\/wp-json\/wp\/v2\/media?parent=14528"}],"wp:term":[{"taxonomy":"product_brand","embeddable":true,"href":"https:\/\/farwell.ee\/en\/wp-json\/wp\/v2\/product_brand?post=14528"},{"taxonomy":"product_cat","embeddable":true,"href":"https:\/\/farwell.ee\/en\/wp-json\/wp\/v2\/product_cat?post=14528"},{"taxonomy":"product_tag","embeddable":true,"href":"https:\/\/farwell.ee\/en\/wp-json\/wp\/v2\/product_tag?post=14528"}],"curies":[{"name":"wp","href":"https:\/\/api.w.org\/{rel}","templated":true}]}}