{"id":14438,"date":"2021-03-11T15:15:03","date_gmt":"2021-03-11T13:15:03","guid":{"rendered":"https:\/\/farwell.ee\/toode\/austri-nuga-proffessional-6cm\/"},"modified":"2026-03-12T18:00:05","modified_gmt":"2026-03-12T16:00:05","slug":"austri-nuga-proffessional-6cm","status":"publish","type":"product","link":"https:\/\/farwell.ee\/en\/product\/austri-nuga-proffessional-6cm\/","title":{"rendered":"Austrinuga 6cm Proffessional"},"content":{"rendered":"","protected":false},"excerpt":{"rendered":"<p>Veidi laiema teraga ja s\u00f5rmekaitsega austri nuga. See muudab austrite avamise kiireks ja ohutuks.<\/p>\n<p>Terad, mis on austrite nugadest laiemad ja l\u00fchemad, sobivad k\u00f5ikidele Euroopa austritele ja v\u00e4iksematele austritele.<br \/>\nKitsam ja pikem tera sobib Euroopa, Jaapani Kumamoto austritele ning Atlandi ja Vaikse ookeani austritele.<\/p>\n<p>\u00dcldpikkus 17cm<br \/>\nTera pikkus 6cm<\/p>","protected":false},"featured_media":32468,"template":"","meta":{"_acf_changed":false,"inline_featured_image":false},"product_brand":[],"product_cat":[140],"product_tag":[],"class_list":{"0":"post-14438","1":"product","2":"type-product","3":"status-publish","4":"has-post-thumbnail","6":"product_cat-kooginoad","7":"pa_kaubamark-arcos-hermanos","9":"first","10":"instock","11":"shipping-taxable","12":"purchasable","13":"product-type-simple"},"acf":[],"_links":{"self":[{"href":"https:\/\/farwell.ee\/en\/wp-json\/wp\/v2\/product\/14438","targetHints":{"allow":["GET"]}}],"collection":[{"href":"https:\/\/farwell.ee\/en\/wp-json\/wp\/v2\/product"}],"about":[{"href":"https:\/\/farwell.ee\/en\/wp-json\/wp\/v2\/types\/product"}],"wp:featuredmedia":[{"embeddable":true,"href":"https:\/\/farwell.ee\/en\/wp-json\/wp\/v2\/media\/32468"}],"wp:attachment":[{"href":"https:\/\/farwell.ee\/en\/wp-json\/wp\/v2\/media?parent=14438"}],"wp:term":[{"taxonomy":"product_brand","embeddable":true,"href":"https:\/\/farwell.ee\/en\/wp-json\/wp\/v2\/product_brand?post=14438"},{"taxonomy":"product_cat","embeddable":true,"href":"https:\/\/farwell.ee\/en\/wp-json\/wp\/v2\/product_cat?post=14438"},{"taxonomy":"product_tag","embeddable":true,"href":"https:\/\/farwell.ee\/en\/wp-json\/wp\/v2\/product_tag?post=14438"}],"curies":[{"name":"wp","href":"https:\/\/api.w.org\/{rel}","templated":true}]}}