{"id":14409,"date":"2021-03-11T12:45:03","date_gmt":"2021-03-11T10:45:03","guid":{"rendered":"https:\/\/farwell.ee\/toode\/terituspulk-teemant-23cm\/"},"modified":"2026-04-21T14:15:06","modified_gmt":"2026-04-21T11:15:06","slug":"terituspulk-teemant-23cm","status":"publish","type":"product","link":"https:\/\/farwell.ee\/en\/product\/terituspulk-teemant-23cm\/","title":{"rendered":"Terituspulk 23cm teemantkattega"},"content":{"rendered":"","protected":false},"excerpt":{"rendered":"<p>Teemantpulgaga v\u00f5ib teritada k\u00f5iki terariistasid &#8211; alates tippklassi jaapani kokanugadest kuni vikatini v\u00e4lja.<br \/>\nTeemant on tuntud materjalidest k\u00f5veim ja sellep\u00e4rast sobib h\u00e4sti terasest nugade teritamiseks.<br \/>\nTeritaja pinnal on teemanttolm, mis teritab noad efektiivselt.<\/p>","protected":false},"featured_media":18461,"template":"","meta":{"_acf_changed":false,"inline_featured_image":false},"product_brand":[],"product_cat":[140],"product_tag":[],"class_list":{"0":"post-14409","1":"product","2":"type-product","3":"status-publish","4":"has-post-thumbnail","6":"product_cat-kooginoad","7":"pa_kaubamark-arcos-hermanos","9":"first","10":"outofstock","11":"shipping-taxable","12":"purchasable","13":"product-type-simple"},"acf":[],"_links":{"self":[{"href":"https:\/\/farwell.ee\/en\/wp-json\/wp\/v2\/product\/14409","targetHints":{"allow":["GET"]}}],"collection":[{"href":"https:\/\/farwell.ee\/en\/wp-json\/wp\/v2\/product"}],"about":[{"href":"https:\/\/farwell.ee\/en\/wp-json\/wp\/v2\/types\/product"}],"wp:featuredmedia":[{"embeddable":true,"href":"https:\/\/farwell.ee\/en\/wp-json\/wp\/v2\/media\/18461"}],"wp:attachment":[{"href":"https:\/\/farwell.ee\/en\/wp-json\/wp\/v2\/media?parent=14409"}],"wp:term":[{"taxonomy":"product_brand","embeddable":true,"href":"https:\/\/farwell.ee\/en\/wp-json\/wp\/v2\/product_brand?post=14409"},{"taxonomy":"product_cat","embeddable":true,"href":"https:\/\/farwell.ee\/en\/wp-json\/wp\/v2\/product_cat?post=14409"},{"taxonomy":"product_tag","embeddable":true,"href":"https:\/\/farwell.ee\/en\/wp-json\/wp\/v2\/product_tag?post=14409"}],"curies":[{"name":"wp","href":"https:\/\/api.w.org\/{rel}","templated":true}]}}