{"id":11580,"date":"2021-02-01T16:46:32","date_gmt":"2021-02-01T14:46:32","guid":{"rendered":"https:\/\/farwell.ee\/toode\/termokast-gn-1-1-2\/"},"modified":"2026-03-02T18:00:04","modified_gmt":"2026-03-02T16:00:04","slug":"termokapp-60l-eestlaetav-8-siiniga-gn-1-1-noudele","status":"publish","type":"product","link":"https:\/\/farwell.ee\/en\/product\/termokapp-60l-eestlaetav-8-siiniga-gn-1-1-noudele\/","title":{"rendered":"Termokapp 60L eestlaetav, 8-siiniga, GN 1\/1 n\u00f5udele"},"content":{"rendered":"","protected":false},"excerpt":{"rendered":"<p>EPP-vahtplastist.<br \/>\nV\u00e4lism\u00f5\u00f5dud 640x440x475mm.<br \/>\nSisem\u00f5\u00f5dud 535x330x370mm.<br \/>\nMahutavus 4 x GN 1\/1-65 v\u00f5i 3 x GN 1\/1-100 v\u00f5i 1 x GN 1\/1-150 ja 2 x GN 1\/1-65 v\u00f5i 1 x GN 1\/1-200 ja 1 x GN 1\/1-65.<br \/>\nKasulik maht Gn-n\u00f5udega 35-39L.<br \/>\nMaterjali tihedus: 60 g\/l.<br \/>\nKaal 3,2 kg.<br \/>\nTemperatuuritaluvus -40\u00b0 kuni +100\u00b0 C.<br \/>\nN\u00f5udepesumasinas pestav.<br \/>\nHea soojusisolatsioon.<br \/>\nTaaskasutatav materjal.<br \/>\nLisavarustuses saadaval sooja-, k\u00fclma- ja isoleerplaadid, trasnspordialus ja markeerimissildid.<br \/>\nSobilik ratastega alus on koodiga CD3253EPP158.<\/p>","protected":false},"featured_media":34239,"template":"","meta":{"_acf_changed":false,"inline_featured_image":false},"product_brand":[],"product_cat":[5554],"product_tag":[],"class_list":{"0":"post-11580","1":"product","2":"type-product","3":"status-publish","4":"has-post-thumbnail","6":"product_cat-termokastid-ja-termokapid","7":"pa_kaubamark-cambro","9":"first","10":"outofstock","11":"shipping-taxable","12":"purchasable","13":"product-type-simple"},"acf":[],"_links":{"self":[{"href":"https:\/\/farwell.ee\/en\/wp-json\/wp\/v2\/product\/11580","targetHints":{"allow":["GET"]}}],"collection":[{"href":"https:\/\/farwell.ee\/en\/wp-json\/wp\/v2\/product"}],"about":[{"href":"https:\/\/farwell.ee\/en\/wp-json\/wp\/v2\/types\/product"}],"wp:featuredmedia":[{"embeddable":true,"href":"https:\/\/farwell.ee\/en\/wp-json\/wp\/v2\/media\/34239"}],"wp:attachment":[{"href":"https:\/\/farwell.ee\/en\/wp-json\/wp\/v2\/media?parent=11580"}],"wp:term":[{"taxonomy":"product_brand","embeddable":true,"href":"https:\/\/farwell.ee\/en\/wp-json\/wp\/v2\/product_brand?post=11580"},{"taxonomy":"product_cat","embeddable":true,"href":"https:\/\/farwell.ee\/en\/wp-json\/wp\/v2\/product_cat?post=11580"},{"taxonomy":"product_tag","embeddable":true,"href":"https:\/\/farwell.ee\/en\/wp-json\/wp\/v2\/product_tag?post=11580"}],"curies":[{"name":"wp","href":"https:\/\/api.w.org\/{rel}","templated":true}]}}