{"id":10632,"date":"2021-02-01T16:35:39","date_gmt":"2021-02-01T14:35:39","guid":{"rendered":"https:\/\/farwell.ee\/toode\/termomeeter-499c1499c\/"},"modified":"2026-03-05T16:15:11","modified_gmt":"2026-03-05T14:15:11","slug":"termomeeter-199c-1499c-sondiga-digitaalne","status":"publish","type":"product","link":"https:\/\/farwell.ee\/en\/product\/termomeeter-199c-1499c-sondiga-digitaalne\/","title":{"rendered":"Termomeeter -19,9\u00b0C \/ +149,9\u00b0C sondiga, digitaalne"},"content":{"rendered":"","protected":false},"excerpt":{"rendered":"<p>Sondi pikkus 125mm.<br \/>\nSondi l\u00e4bim\u00f5\u00f5t 3,5mm.<br \/>\nT\u00e4psusklass 0,1\u00b0C.<br \/>\nRoostevabast terasest sond, 1m pikkune PVC kaabel ja sondi kork.<\/p>\n<p>&nbsp;<\/p>","protected":false},"featured_media":31343,"template":"","meta":{"_acf_changed":false,"inline_featured_image":false},"product_brand":[],"product_cat":[181],"product_tag":[],"class_list":{"0":"post-10632","1":"product","2":"type-product","3":"status-publish","4":"has-post-thumbnail","6":"product_cat-termomeetrid-ja-taimerid","7":"pa_kaubamark-paderno","9":"first","10":"outofstock","11":"shipping-taxable","12":"purchasable","13":"product-type-simple"},"acf":[],"_links":{"self":[{"href":"https:\/\/farwell.ee\/en\/wp-json\/wp\/v2\/product\/10632","targetHints":{"allow":["GET"]}}],"collection":[{"href":"https:\/\/farwell.ee\/en\/wp-json\/wp\/v2\/product"}],"about":[{"href":"https:\/\/farwell.ee\/en\/wp-json\/wp\/v2\/types\/product"}],"wp:featuredmedia":[{"embeddable":true,"href":"https:\/\/farwell.ee\/en\/wp-json\/wp\/v2\/media\/31343"}],"wp:attachment":[{"href":"https:\/\/farwell.ee\/en\/wp-json\/wp\/v2\/media?parent=10632"}],"wp:term":[{"taxonomy":"product_brand","embeddable":true,"href":"https:\/\/farwell.ee\/en\/wp-json\/wp\/v2\/product_brand?post=10632"},{"taxonomy":"product_cat","embeddable":true,"href":"https:\/\/farwell.ee\/en\/wp-json\/wp\/v2\/product_cat?post=10632"},{"taxonomy":"product_tag","embeddable":true,"href":"https:\/\/farwell.ee\/en\/wp-json\/wp\/v2\/product_tag?post=10632"}],"curies":[{"name":"wp","href":"https:\/\/api.w.org\/{rel}","templated":true}]}}