{"id":10548,"date":"2021-02-01T16:35:10","date_gmt":"2021-02-01T14:35:10","guid":{"rendered":"https:\/\/farwell.ee\/toode\/leiva-loikelaud-52x34cm\/"},"modified":"2025-07-01T09:30:10","modified_gmt":"2025-07-01T06:30:10","slug":"leiva-loikelaud-52x34cm","status":"publish","type":"product","link":"https:\/\/farwell.ee\/en\/product\/leiva-loikelaud-52x34cm\/","title":{"rendered":"Leiva l\u00f5ikelaud 52x34x2cm"},"content":{"rendered":"","protected":false},"excerpt":{"rendered":"<p>P\u00f6\u00f6gist leival\u00f5ikelaud.<br \/>\nMasinpesu ei ole lubatud !<br \/>\nSobilik melamiinist alus on koodiga 83615.<\/p>","protected":false},"featured_media":29400,"template":"","meta":{"_acf_changed":false,"inline_featured_image":false},"product_brand":[],"product_cat":[146],"product_tag":[],"class_list":{"0":"post-10548","1":"product","2":"type-product","3":"status-publish","4":"has-post-thumbnail","6":"product_cat-loikelauad","7":"pa_kaubamark-aps","9":"first","10":"outofstock","11":"shipping-taxable","12":"purchasable","13":"product-type-simple"},"acf":[],"_links":{"self":[{"href":"https:\/\/farwell.ee\/en\/wp-json\/wp\/v2\/product\/10548","targetHints":{"allow":["GET"]}}],"collection":[{"href":"https:\/\/farwell.ee\/en\/wp-json\/wp\/v2\/product"}],"about":[{"href":"https:\/\/farwell.ee\/en\/wp-json\/wp\/v2\/types\/product"}],"wp:featuredmedia":[{"embeddable":true,"href":"https:\/\/farwell.ee\/en\/wp-json\/wp\/v2\/media\/29400"}],"wp:attachment":[{"href":"https:\/\/farwell.ee\/en\/wp-json\/wp\/v2\/media?parent=10548"}],"wp:term":[{"taxonomy":"product_brand","embeddable":true,"href":"https:\/\/farwell.ee\/en\/wp-json\/wp\/v2\/product_brand?post=10548"},{"taxonomy":"product_cat","embeddable":true,"href":"https:\/\/farwell.ee\/en\/wp-json\/wp\/v2\/product_cat?post=10548"},{"taxonomy":"product_tag","embeddable":true,"href":"https:\/\/farwell.ee\/en\/wp-json\/wp\/v2\/product_tag?post=10548"}],"curies":[{"name":"wp","href":"https:\/\/api.w.org\/{rel}","templated":true}]}}