{"id":10148,"date":"2021-02-01T16:30:09","date_gmt":"2021-02-01T14:30:09","guid":{"rendered":"https:\/\/farwell.ee\/toode\/wok-pann-o-355cm\/"},"modified":"2026-04-16T14:00:06","modified_gmt":"2026-04-16T11:00:06","slug":"wok-pann-o-355cm","status":"publish","type":"product","link":"https:\/\/farwell.ee\/en\/product\/wok-pann-o-355cm\/","title":{"rendered":"Wok-pann 35,5cm \u00fcmara p\u00f5hjaga, puidust k\u00e4epidemega"},"content":{"rendered":"","protected":false},"excerpt":{"rendered":"","protected":false},"featured_media":18440,"template":"","meta":{"_acf_changed":false,"inline_featured_image":false},"product_brand":[],"product_cat":[152],"product_tag":[6143,6145],"class_list":{"0":"post-10148","1":"product","2":"type-product","3":"status-publish","4":"has-post-thumbnail","6":"product_cat-pannid","7":"product_tag-praadimispann","8":"product_tag-praepann","9":"pa_kaubamark-paderno","11":"first","12":"instock","13":"shipping-taxable","14":"purchasable","15":"product-type-simple"},"acf":[],"_links":{"self":[{"href":"https:\/\/farwell.ee\/en\/wp-json\/wp\/v2\/product\/10148","targetHints":{"allow":["GET"]}}],"collection":[{"href":"https:\/\/farwell.ee\/en\/wp-json\/wp\/v2\/product"}],"about":[{"href":"https:\/\/farwell.ee\/en\/wp-json\/wp\/v2\/types\/product"}],"wp:featuredmedia":[{"embeddable":true,"href":"https:\/\/farwell.ee\/en\/wp-json\/wp\/v2\/media\/18440"}],"wp:attachment":[{"href":"https:\/\/farwell.ee\/en\/wp-json\/wp\/v2\/media?parent=10148"}],"wp:term":[{"taxonomy":"product_brand","embeddable":true,"href":"https:\/\/farwell.ee\/en\/wp-json\/wp\/v2\/product_brand?post=10148"},{"taxonomy":"product_cat","embeddable":true,"href":"https:\/\/farwell.ee\/en\/wp-json\/wp\/v2\/product_cat?post=10148"},{"taxonomy":"product_tag","embeddable":true,"href":"https:\/\/farwell.ee\/en\/wp-json\/wp\/v2\/product_tag?post=10148"}],"curies":[{"name":"wp","href":"https:\/\/api.w.org\/{rel}","templated":true}]}}