{"id":2961,"date":"2019-11-18T12:23:40","date_gmt":"2019-11-18T10:23:07","guid":{"rendered":"https:\/\/uusweb.farwell.ee\/?page_id=2961"},"modified":"2025-11-14T11:32:05","modified_gmt":"2025-11-14T09:32:05","slug":"pesumajaseadmed","status":"publish","type":"page","link":"https:\/\/farwell.ee\/en\/pesumajaseadmed\/","title":{"rendered":"LAUNDRY EQUIPMENT"},"content":{"rendered":"<div class=\"row mb-4\">\t<div class=\"col-lg-8\"><p><img loading=\"lazy\" decoding=\"async\" class=\"alignnone wp-image-22394\" src=\"https:\/\/farwell.ee\/wp-content\/uploads\/electrolux-logo.png\" alt=\"\" width=\"159\" height=\"47\" \/><img loading=\"lazy\" decoding=\"async\" class=\"alignnone size-full wp-image-22397\" src=\"https:\/\/farwell.ee\/wp-content\/uploads\/omnera.png\" alt=\"\" width=\"199\" height=\"42\" \/> <img loading=\"lazy\" decoding=\"async\" class=\"alignnone wp-image-22395\" src=\"https:\/\/farwell.ee\/wp-content\/uploads\/domus.png\" alt=\"\" width=\"208\" height=\"47\" \/> <img loading=\"lazy\" decoding=\"async\" class=\"alignnone size-full wp-image-22396\" src=\"https:\/\/farwell.ee\/wp-content\/uploads\/lg.png\" alt=\"\" width=\"185\" height=\"53\" \/> <img loading=\"lazy\" decoding=\"async\" class=\"alignnone wp-image-22398\" src=\"https:\/\/farwell.ee\/wp-content\/uploads\/imesa.png\" alt=\"\" width=\"186\" height=\"32\" srcset=\"https:\/\/farwell.ee\/wp-content\/uploads\/imesa.png 324w, https:\/\/farwell.ee\/wp-content\/uploads\/imesa-300x52.png 300w\" sizes=\"auto, (max-width: 186px) 100vw, 186px\" \/>\u00a0<img loading=\"lazy\" decoding=\"async\" class=\"alignnone wp-image-22399\" src=\"https:\/\/farwell.ee\/wp-content\/uploads\/lapauv.png\" alt=\"\" width=\"134\" height=\"43\" \/><img loading=\"lazy\" decoding=\"async\" class=\"alignnone size-full wp-image-22400\" src=\"https:\/\/farwell.ee\/wp-content\/uploads\/winter.png\" alt=\"\" width=\"162\" height=\"51\" \/><\/p>\n<p>Farwell Laundry is the official Estonian importer and dealer of commercial laundry equipment.<\/p>\n<p class=\"translation-block\">In addition to commercial laundry washers, dryers and other equipment, we offer a broad range of accessories and special equipment, for example, O3 ozone treatment and <a href=\"https:\/\/www.domuslaundry.com\/en\/ozone-cleaning-machines\/ozone-sterilization-cabinet\/\" target=\"_self\">disinfection machines<\/a>, detergent dosing equipment as well as machines and solutions for laundromat facilities.<\/p>\n<p>The keywords that define us are long-term experience, happy customers and high-quality laundry equipment produced by a number of top-ranked manufacturers.<\/p>\n<p>Training, equipment installation and maintenance are integral parts of our work.<\/p>\n<p>We can recommend the right equipment depending on the customer's line of business. The solutions are plenty and diverse: large-scale laundry facilities, laundromats, hospitals, hotels, industrial facilities, HoReCa companies, ships, care homes, fitness clubs and many other types of enterprises that need laundering in one way or another.<\/p>\n<p><strong>Hindadele lisandub k\u00e4ibemaks 24%<\/strong><\/p>\n<\/div>\t<div class=\"col-lg-4\"><div class=\"card shadow border-0 bg-light\"><div class=\"card-body pb-0\">\n<p><strong>Andres Lints<\/strong><br \/>\n<em>Sales manager for laundry equipment<\/em><br \/>\nMob. <a href=\"tel:+3725082430\" title=\"Helista\">+372 508 2430<\/a><br \/>\nTel. <a href=\"tel:+3726024411\" title=\"Helista\">+372 602 4411<\/a><br \/>\n<a href=\"mailto:andres.lints@farwell.ee\">andres.lints@farwell.ee<\/a><\/p>\n<div class=\"embed-responsive embed-responsive-16by9 mb-4\"><iframe loading=\"lazy\" class=\"embed-responsive-item\" title=\"The ECO3 Ozone Cabinet series are cabins designed to DEODORIZE and SANITIZE 2021 | domuslaundry.com\" width=\"500\" height=\"281\" src=\"https:\/\/www.youtube.com\/embed\/yZIp-qhpxuA?feature=oembed\" frameborder=\"0\" allow=\"accelerometer; autoplay; clipboard-write; encrypted-media; gyroscope; picture-in-picture; web-share\" referrerpolicy=\"strict-origin-when-cross-origin\" allowfullscreen><\/iframe><\/div>\n<div class=\"embed-responsive embed-responsive-16by9 mb-4\"><iframe loading=\"lazy\" class=\"embed-responsive-item\" title=\"ECOTANK Water Recovery by Domus | www.domuslaundry.com | #savewatertohelptheearth\" width=\"500\" height=\"281\" src=\"https:\/\/www.youtube.com\/embed\/tVWb7kMPo2o?feature=oembed\" frameborder=\"0\" allow=\"accelerometer; autoplay; clipboard-write; encrypted-media; gyroscope; picture-in-picture; web-share\" referrerpolicy=\"strict-origin-when-cross-origin\" allowfullscreen><\/iframe><\/div>\n<\/div><\/div><\/div><\/div>","protected":false},"excerpt":{"rendered":"<p>\u00a0 Farwell Laundry on pesumajaseadmete ametlik maaletooja ja edasim\u00fc\u00fcja Eestis. Meie tootevalikust leiate lisaks pesumaja seadmetele suure valiku lisatarvikuid ja eriseadmeid nagu O3 osoneerimis- ja desinfektsiooniseadmeid, pesuainete doseerimise seadmeid ja seadmeid ning lahendusi iseteenindus-pesumajadele. Meie m\u00e4rks\u00f5nadeks on pikaaegne t\u00f6\u00f6kogemus, rahulolevad kliendid ning kvaliteetsed pesumajaseadmed mitmetelt tunnustatud tootjatelt. Koolitused, seadmete paigaldus ning hooldus on selle valdkonna [&hellip;]<\/p>","protected":false},"author":2,"featured_media":0,"parent":0,"menu_order":9,"comment_status":"closed","ping_status":"closed","template":"page-catalog.php","meta":{"_acf_changed":false,"inline_featured_image":false,"footnotes":""},"class_list":["post-2961","page","type-page","status-publish","hentry"],"acf":[],"_links":{"self":[{"href":"https:\/\/farwell.ee\/en\/wp-json\/wp\/v2\/pages\/2961","targetHints":{"allow":["GET"]}}],"collection":[{"href":"https:\/\/farwell.ee\/en\/wp-json\/wp\/v2\/pages"}],"about":[{"href":"https:\/\/farwell.ee\/en\/wp-json\/wp\/v2\/types\/page"}],"author":[{"embeddable":true,"href":"https:\/\/farwell.ee\/en\/wp-json\/wp\/v2\/users\/2"}],"replies":[{"embeddable":true,"href":"https:\/\/farwell.ee\/en\/wp-json\/wp\/v2\/comments?post=2961"}],"version-history":[{"count":"98","href":"https:\/\/farwell.ee\/en\/wp-json\/wp\/v2\/pages\/2961\/revisions"}],"predecessor-version":[{"id":36473,"href":"https:\/\/farwell.ee\/en\/wp-json\/wp\/v2\/pages\/2961\/revisions\/36473"}],"wp:attachment":[{"href":"https:\/\/farwell.ee\/en\/wp-json\/wp\/v2\/media?parent=2961"}],"curies":[{"name":"wp","href":"https:\/\/api.w.org\/{rel}","templated":true}]}}