{"id":26727,"date":"2024-02-01T11:24:47","date_gmt":"2024-02-01T09:24:47","guid":{"rendered":"https:\/\/farwell.ee\/?page_id=26727"},"modified":"2025-01-11T12:48:47","modified_gmt":"2025-01-11T10:48:47","slug":"projekteerimine","status":"publish","type":"page","link":"https:\/\/farwell.ee\/en\/projekteerimine\/","title":{"rendered":"Designing"},"content":{"rendered":"<div class=\"row mb-4\">\t<div class=\"col-lg-8\"><h3><strong>Welcome to the design department!<\/strong><\/h3>\n<p>Our goal is to design large kitchens that fully meet the needs and wishes of our customers.<br \/>\nExperienced designers are ready to create functional and ergonomic kitchen solutions that maintain a very good workflow and ensure a great experience of taste pleasures.<\/p>\n<p>Our 3D design approach enables:<\/p>\n<p>* Investigate the dynamics of spaces and evaluate how different elements relate to each other<br \/>\n* Experience and understand every aspect of the project before it is implemented.<br \/>\n* Gives the customer an extremely accurate and realistic overview of their future large kitchens.<br \/>\n* Allows you to take a virtual tour of the designed kitchen.<\/p>\n<p>State procurement and Unified BIM Requirements:<\/p>\n<p>We are able to design and implement projects according to Unified BIM Requirements <strong>from sketch to working project (including implementation models).<\/strong>.<br \/>\nWe have a thorough understanding of Unified BIM Requirements and standards and are able to carry out design work that meets their requirements.<\/p>\n<p>The master plan of the \u00dclemiste Educational Complex:<br \/>\n<img loading=\"lazy\" decoding=\"async\" class=\"alignnone size-large wp-image-27568\" src=\"https:\/\/farwell.ee\/wp-content\/uploads\/Ulemiste-Hariduskompleks-1024x1024.png\" alt=\"\" width=\"1024\" height=\"1024\" srcset=\"https:\/\/farwell.ee\/wp-content\/uploads\/Ulemiste-Hariduskompleks-1024x1024.png 1024w, https:\/\/farwell.ee\/wp-content\/uploads\/Ulemiste-Hariduskompleks-480x480.png 480w, https:\/\/farwell.ee\/wp-content\/uploads\/Ulemiste-Hariduskompleks-253x253.png 253w, https:\/\/farwell.ee\/wp-content\/uploads\/Ulemiste-Hariduskompleks-768x768.png 768w, https:\/\/farwell.ee\/wp-content\/uploads\/Ulemiste-Hariduskompleks-1536x1536.png 1536w, https:\/\/farwell.ee\/wp-content\/uploads\/Ulemiste-Hariduskompleks-2048x2048.png 2048w, https:\/\/farwell.ee\/wp-content\/uploads\/Ulemiste-Hariduskompleks-12x12.png 12w, https:\/\/farwell.ee\/wp-content\/uploads\/Ulemiste-Hariduskompleks-300x300.png 300w, https:\/\/farwell.ee\/wp-content\/uploads\/Ulemiste-Hariduskompleks-600x600.png 600w, https:\/\/farwell.ee\/wp-content\/uploads\/Ulemiste-Hariduskompleks-100x100.png 100w\" sizes=\"auto, (max-width: 1024px) 100vw, 1024px\" \/><\/p>\n<p>Working drawing of the preparatory area of the \u00dclemiste Educational Complex:<br \/>\n<img loading=\"lazy\" decoding=\"async\" class=\"alignnone size-large wp-image-27553\" src=\"https:\/\/farwell.ee\/wp-content\/uploads\/Toojoonis-1024x836.png\" alt=\"\" width=\"1024\" height=\"836\" srcset=\"https:\/\/farwell.ee\/wp-content\/uploads\/Toojoonis-1024x836.png 1024w, https:\/\/farwell.ee\/wp-content\/uploads\/Toojoonis-480x392.png 480w, https:\/\/farwell.ee\/wp-content\/uploads\/Toojoonis-768x627.png 768w, https:\/\/farwell.ee\/wp-content\/uploads\/Toojoonis-15x12.png 15w, https:\/\/farwell.ee\/wp-content\/uploads\/Toojoonis-600x490.png 600w, https:\/\/farwell.ee\/wp-content\/uploads\/Toojoonis.png 1205w\" sizes=\"auto, (max-width: 1024px) 100vw, 1024px\" \/><\/p>\n<\/div>\t<div class=\"col-lg-4\"><div class=\"card shadow border-0 bg-light\"><div class=\"card-body pb-0\">\n<p><strong>Kristjan Otsmaa<\/strong><br \/>\n<em>Design engineer<\/em><br \/>\n<a href=\"mailto:kristjan@farwell.ee\">kristjan@farwell.ee<\/a><\/p>\n<hr \/>\n<div style=\"width: 1920px;\" class=\"wp-video\"><!--[if lt IE 9]><script>document.createElement('video');<\/script><![endif]-->\n<video class=\"wp-video-shortcode\" id=\"video-26727-1\" width=\"1920\" height=\"1080\" preload=\"metadata\" controls=\"controls\"><source type=\"video\/mp4\" src=\"https:\/\/farwell.ee\/wp-content\/uploads\/0081-0868.mp4?_=1\" \/><a href=\"https:\/\/farwell.ee\/wp-content\/uploads\/0081-0868.mp4\">https:\/\/farwell.ee\/wp-content\/uploads\/0081-0868.mp4<\/a><\/video><\/div>\n<p>Virtual tour in the \u00dclemiste Educational Complex<\/p>\n<\/div><\/div><\/div><\/div>","protected":false},"excerpt":{"rendered":"<p>Tere tulemast projekteerimisosakonda! Meie eesm\u00e4rk on projekteerida suurk\u00f6\u00f6ke, mis vastavad t\u00e4ielikult meie klientide vajadustele ja soovidele. Kogenud projekteerijad on valmis looma funktsionaalseid ja ergonoomilisi k\u00f6\u00f6gilahendusi, mis s\u00e4ilitavad v\u00e4ga hea t\u00f6\u00f6voo ja tagavad suurep\u00e4rase maitsenaudingute kogemuse. Meie 3D-projekteerimise l\u00e4henemine v\u00f5imaldab: * Uurida ruumide d\u00fcnaamikat ning hinnata, kuidas erinevad elemendid suhestuvad \u00fcksteisega. * Kogeda ja m\u00f5ista projekti [&hellip;]<\/p>","protected":false},"author":72,"featured_media":0,"parent":0,"menu_order":0,"comment_status":"closed","ping_status":"closed","template":"","meta":{"_acf_changed":false,"inline_featured_image":false,"footnotes":""},"class_list":["post-26727","page","type-page","status-publish","hentry"],"acf":[],"_links":{"self":[{"href":"https:\/\/farwell.ee\/en\/wp-json\/wp\/v2\/pages\/26727","targetHints":{"allow":["GET"]}}],"collection":[{"href":"https:\/\/farwell.ee\/en\/wp-json\/wp\/v2\/pages"}],"about":[{"href":"https:\/\/farwell.ee\/en\/wp-json\/wp\/v2\/types\/page"}],"author":[{"embeddable":true,"href":"https:\/\/farwell.ee\/en\/wp-json\/wp\/v2\/users\/72"}],"replies":[{"embeddable":true,"href":"https:\/\/farwell.ee\/en\/wp-json\/wp\/v2\/comments?post=26727"}],"version-history":[{"count":"29","href":"https:\/\/farwell.ee\/en\/wp-json\/wp\/v2\/pages\/26727\/revisions"}],"predecessor-version":[{"id":31794,"href":"https:\/\/farwell.ee\/en\/wp-json\/wp\/v2\/pages\/26727\/revisions\/31794"}],"wp:attachment":[{"href":"https:\/\/farwell.ee\/en\/wp-json\/wp\/v2\/media?parent=26727"}],"curies":[{"name":"wp","href":"https:\/\/api.w.org\/{rel}","templated":true}]}}