{"id":2619,"date":"2019-11-14T10:47:10","date_gmt":"2019-11-14T08:47:10","guid":{"rendered":"https:\/\/uusweb.farwell.ee\/?page_id=2619"},"modified":"2024-09-13T20:44:15","modified_gmt":"2024-09-13T17:44:15","slug":"kuumkook","status":"publish","type":"page","link":"https:\/\/farwell.ee\/en\/suurkoogiseadmed\/kuumkook\/","title":{"rendered":"Hot kitchen"},"content":{"rendered":"<p>Farwell m\u00fc\u00fcb professionaalset k\u00f6\u00f6gitehnikat, sealhulgas kuumseadmeid nagu ahjud, pliidid, keedukatlad, grillid, frit\u00fc\u00fcrid jne. K\u00fclastage meie kodulehte, et n\u00e4ha tootevalikut!<\/p>","protected":false},"excerpt":{"rendered":"<p>Farwell m\u00fc\u00fcb professionaalset k\u00f6\u00f6gitehnikat, sealhulgas kuumseadmeid nagu ahjud, pliidid, keedukatlad, grillid, frit\u00fc\u00fcrid jne. K\u00fclastage meie kodulehte, et n\u00e4ha tootevalikut!<\/p>","protected":false},"author":1,"featured_media":2624,"parent":2614,"menu_order":1,"comment_status":"closed","ping_status":"closed","template":"page-catalog-brand.php","meta":{"_acf_changed":false,"inline_featured_image":false,"footnotes":""},"class_list":["post-2619","page","type-page","status-publish","has-post-thumbnail","hentry"],"acf":[],"_links":{"self":[{"href":"https:\/\/farwell.ee\/en\/wp-json\/wp\/v2\/pages\/2619","targetHints":{"allow":["GET"]}}],"collection":[{"href":"https:\/\/farwell.ee\/en\/wp-json\/wp\/v2\/pages"}],"about":[{"href":"https:\/\/farwell.ee\/en\/wp-json\/wp\/v2\/types\/page"}],"author":[{"embeddable":true,"href":"https:\/\/farwell.ee\/en\/wp-json\/wp\/v2\/users\/1"}],"replies":[{"embeddable":true,"href":"https:\/\/farwell.ee\/en\/wp-json\/wp\/v2\/comments?post=2619"}],"version-history":[{"count":"38","href":"https:\/\/farwell.ee\/en\/wp-json\/wp\/v2\/pages\/2619\/revisions"}],"predecessor-version":[{"id":30604,"href":"https:\/\/farwell.ee\/en\/wp-json\/wp\/v2\/pages\/2619\/revisions\/30604"}],"up":[{"embeddable":true,"href":"https:\/\/farwell.ee\/en\/wp-json\/wp\/v2\/pages\/2614"}],"wp:featuredmedia":[{"embeddable":true,"href":"https:\/\/farwell.ee\/en\/wp-json\/wp\/v2\/media\/2624"}],"wp:attachment":[{"href":"https:\/\/farwell.ee\/en\/wp-json\/wp\/v2\/media?parent=2619"}],"curies":[{"name":"wp","href":"https:\/\/api.w.org\/{rel}","templated":true}]}}