{"id":2614,"date":"2019-11-14T10:44:40","date_gmt":"2019-11-14T08:44:51","guid":{"rendered":"https:\/\/uusweb.farwell.ee\/?page_id=2614"},"modified":"2024-11-22T15:57:24","modified_gmt":"2024-11-22T13:57:24","slug":"suurkoogiseadmed","status":"publish","type":"page","link":"https:\/\/farwell.ee\/en\/suurkoogiseadmed\/","title":{"rendered":"COMMERCIAL KITCHEN EQUIPMENT"},"content":{"rendered":"<div class=\"row mb-4\">\t<div class=\"col-lg-8\"><p style=\"text-align: left;\">Farwell is the official importer and distributor of <a href=\"http:\/\/www.electroluxprofessional.com\/ee\/\" target=\"_blank\" rel=\"noopener\">Electrolux Professional<\/a> in Estonia, which is the world's leading manufacturer of large-scale kitchen appliances, offering perfect and highly productive kitchen appliances for professionals.<\/p>\n<p style=\"text-align: left;\">Our team is oriented towards creating the ideal kitchen solution for restaurants, bars and other catering establishments.<\/p>\n<p>More than 20 years of experience in providing professional solutions in collaboration with the manufacturers of high-end products have allowed us to secure a firm foothold among the market leaders in our line of business and become reliable partners for top Estonian restaurants.<\/p>\n<h3><strong>We at Farwell design commercial kitchens ourselves<\/strong><\/h3>\n<p>We offer our customers a complete solution for large kitchens, which starts with design.<br \/>\nWhen preparing a technological project, we are primarily based on the needs and wishes of the customer and the rules of food hygiene.<br \/>\nOur decades of work experience guarantees an effective solution for the customer.<\/p>\n<p>We prepare the necessary installation drawings for the installation of kitchen appliances.<br \/>\nTo create an ideal and complete kitchen solution, we also offer project sales for small appliances.<\/p>\n<p>Training, installation and maintenance of kitchen equipment are integral parts of this field.<\/p>\n<\/div>\t<div class=\"col-lg-4\"><div class=\"card shadow border-0 bg-light\"><div class=\"card-body pb-0\">\n<p><strong>Marko M\u00e4rjamaa<\/strong><br \/>\n<em>Sales manager for commercial kitchen equipment<br \/>\n<\/em>Mob. <a href=\"tel:+3725098939\" title=\"Helista\">+372 509 8939<\/a><br \/>\nTel. <a href=\"tel:+3726024421\" title=\"Helista\">+372 602 4421<\/a><br \/>\n<a href=\"mailto:marko@farwell.ee\">marko@farwell.ee<\/a><\/p>\n<hr \/>\n<p><strong>Leho Kesk<\/strong><br \/>\n<em>Sales manager for commercial kitchen equipment<\/em><br \/>\nMob. <a href=\"tel:+37253566390\" title=\"Helista\">+372 5356 6390<\/a><br \/>\nTel. <a href=\"tel:+3726024421\" title=\"Helista\">+372 602 4421<\/a><br \/>\n<a href=\"mailto:leho@farwell.ee\">leho@farwell.ee<\/a><\/p>\n<hr \/>\n<p><strong>Heivi Saar<\/strong><br \/>\n<em>Commercial kitchen equipment sales and purchasing assistant<\/em><br \/>\nTel. <a href=\"tel:+3726024410\" title=\"Helista\">+372 602 4410<\/a><br \/>\n<a href=\"mailto:heivi@farwell.ee\">heivi@farwell.ee<\/a><\/p>\n<\/div><\/div><\/div><\/div>","protected":false},"excerpt":{"rendered":"<p>Farwell on Electrolux Professional ametlik maaletooja ja edasim\u00fc\u00fcja Eestis, kes on maailma juhtiv suurk\u00f6\u00f6giseadmete tootja, pakkudes t\u00e4iuslikke ja k\u00f5rget tootlikkust omavaid k\u00f6\u00f6giseadmeid professionaalidele. Meie meeskond on orienteeritud restorani-, baari- ja teiste toitlustusasutuste ideaalse k\u00f6\u00f6gilahendi loomisele. Omades \u00fcle 20 aasta kogemust professionaalsete lahenduste pakkumisel koost\u00f6\u00f6s maailma tipptootjate poolt pakutava sortimendiga, oleme t\u00f5usnud kindlalt oma ala turuliidrite [&hellip;]<\/p>","protected":false},"author":1,"featured_media":0,"parent":0,"menu_order":10,"comment_status":"closed","ping_status":"closed","template":"page-catalog.php","meta":{"_acf_changed":false,"inline_featured_image":false,"footnotes":""},"class_list":["post-2614","page","type-page","status-publish","hentry"],"acf":[],"_links":{"self":[{"href":"https:\/\/farwell.ee\/en\/wp-json\/wp\/v2\/pages\/2614","targetHints":{"allow":["GET"]}}],"collection":[{"href":"https:\/\/farwell.ee\/en\/wp-json\/wp\/v2\/pages"}],"about":[{"href":"https:\/\/farwell.ee\/en\/wp-json\/wp\/v2\/types\/page"}],"author":[{"embeddable":true,"href":"https:\/\/farwell.ee\/en\/wp-json\/wp\/v2\/users\/1"}],"replies":[{"embeddable":true,"href":"https:\/\/farwell.ee\/en\/wp-json\/wp\/v2\/comments?post=2614"}],"version-history":[{"count":"166","href":"https:\/\/farwell.ee\/en\/wp-json\/wp\/v2\/pages\/2614\/revisions"}],"predecessor-version":[{"id":31337,"href":"https:\/\/farwell.ee\/en\/wp-json\/wp\/v2\/pages\/2614\/revisions\/31337"}],"wp:attachment":[{"href":"https:\/\/farwell.ee\/en\/wp-json\/wp\/v2\/media?parent=2614"}],"curies":[{"name":"wp","href":"https:\/\/api.w.org\/{rel}","templated":true}]}}