{"id":2299,"date":"2019-11-01T09:16:40","date_gmt":"2019-11-01T07:16:33","guid":{"rendered":"https:\/\/uusweb.farwell.ee\/?page_id=2299"},"modified":"2025-11-03T08:00:02","modified_gmt":"2025-11-03T06:00:02","slug":"firmast","status":"publish","type":"page","link":"https:\/\/farwell.ee\/en\/firmast\/","title":{"rendered":"ABOUT THE COMPANY"},"content":{"rendered":"<div class=\"row mb-4\">\t<div class=\"col-lg-8\"><h3><strong>Farwelli Kaubanduse O\u00dc started in 1996<\/strong><\/h3>\n<p>We are committed to creating perfect kitchen solutions for restaurants, bars and other catering facilities with main focus on supplying our customers with all the professional equipment as well as smaller tools and appliances they might need for a catering business.<br \/>\nOmades pea 30 aastat kogemust professionaalsete lahenduste pakkumisel koost\u00f6\u00f6s maailma tipptootjate poolt pakutava sortimendiga, oleme t\u00f5usnud kindlalt oma ala turuliidrite hulka, olles usaldusv\u00e4\u00e4rseks ja kindlaks partneriks Eesti tipprestoranidele.<\/p>\n<hr \/>\n<h3><strong>Unique commercial kitchen solutions and restaurant supplies<\/strong><\/h3>\n<p>We aim to deliver tailored integrated solutions for commercial kitchens, designing the kitchens ourselves in the house in order to cater for the customer's needs and preferences while following food safety requirements. To provide turnkey solutions, we also sell high-quality kitchenware and restaurant supplies.<br \/>\nIn order to further perfect our customer service, we have opened Cash&amp;Carry stores in Tallinn, Tartu and P\u00e4rnu, and we also offer quotes of complete tableware solutions to restaurants.<\/p>\n<hr \/>\n<h3><strong>Laundry equipment importer and dealer<\/strong><\/h3>\n<p>Farwell is also the official Estonian importer and dealer of Electrolux Professional laundry equipment. We provide turnkey packages of laundry and dry-cleaning equipment. Our clientele features a number of major Estonian organizations that operate laundry facilities, including Lindstr\u00f6m Eesti, Tallinn prison, Estonian fire stations, divisions of rescue services, defence forces, and NATO structures in Estonia.<\/p>\n<hr \/>\n<h3><strong>Maintenance team<\/strong><\/h3>\n<p>Our own maintenance team installs the commercial kitchen and laundry facility equipment that we sell, also performing its maintenance and repairs. Our technicians can do any works required, including equipment installation and trial start-up as well as training the customers' personnel to use the equipment. Our equipment maintenance network covers the whole country.<\/p>\n<hr \/>\n<h3><strong>Long-term partnership with Electrolux<\/strong><\/h3>\n<p>Farwell cooperates with more than 50 suppliers, many of which have been in the market for decades. Farwell is the official Estonian importer and dealer of Electrolux Professional, which is a global leader in the production of commercial kitchen and laundry equipment, supplying perfect equipment solutions of outstanding performance for professionals.<\/p>\n<\/div>\t<div class=\"col-lg-4\"><div class=\"card shadow border-0 bg-light\"><div class=\"card-body pb-0\">\n<p><img loading=\"lazy\" decoding=\"async\" class=\"img-fluid alignnone wp-image-3773 size-full\" src=\"\/wp-content\/uploads\/farwell-pilt.jpg\" alt=\"\" width=\"720\" height=\"960\" srcset=\"https:\/\/farwell.ee\/wp-content\/uploads\/farwell-pilt.jpg 720w, https:\/\/farwell.ee\/wp-content\/uploads\/farwell-pilt-360x480.jpg 360w, https:\/\/farwell.ee\/wp-content\/uploads\/farwell-pilt-600x800.jpg 600w, https:\/\/farwell.ee\/wp-content\/uploads\/farwell-pilt-225x300.jpg 225w\" sizes=\"auto, (max-width: 720px) 100vw, 720px\" \/><\/p>\n<h4>Office and store in Tallinn<\/h4>\n<p>Kanali tee 4, Tallinn<br \/>\nHarjumaa 10112<br \/>\nTel. <a href=\"tel:+3726024411\" title=\"Helista\">+372 602 4411<\/a><\/p>\n<p><a class=\"btn btn-outline-secondary\" href=\"\/en\/firmast\/toopakkumised\/\">Job offers<\/a><\/p>\n<\/div><\/div><\/div><\/div>","protected":false},"excerpt":{"rendered":"<p>Farwelli Kaubanduse O\u00dc sai alguse aastast 1996 Oleme orienteeritud restorani-, baari- ja teiste toitlustusasutuste ideaalse k\u00f6\u00f6gilahendi loomisele, kus meie p\u00f5hisuunaks on oma klientide varustamine k\u00f5ikide toitlustamiseks vajaminevate profiseadmete ja v\u00e4ikevahenditega. Omades pea 30 aastat kogemust professionaalsete lahenduste pakkumisel koost\u00f6\u00f6s maailma tipptootjate poolt pakutava sortimendiga, oleme t\u00f5usnud kindlalt oma ala turuliidrite hulka, olles usaldusv\u00e4\u00e4rseks ja kindlaks [&hellip;]<\/p>","protected":false},"author":1,"featured_media":0,"parent":0,"menu_order":15,"comment_status":"closed","ping_status":"closed","template":"","meta":{"_acf_changed":false,"inline_featured_image":false,"footnotes":""},"class_list":["post-2299","page","type-page","status-publish","hentry"],"acf":[],"_links":{"self":[{"href":"https:\/\/farwell.ee\/en\/wp-json\/wp\/v2\/pages\/2299","targetHints":{"allow":["GET"]}}],"collection":[{"href":"https:\/\/farwell.ee\/en\/wp-json\/wp\/v2\/pages"}],"about":[{"href":"https:\/\/farwell.ee\/en\/wp-json\/wp\/v2\/types\/page"}],"author":[{"embeddable":true,"href":"https:\/\/farwell.ee\/en\/wp-json\/wp\/v2\/users\/1"}],"replies":[{"embeddable":true,"href":"https:\/\/farwell.ee\/en\/wp-json\/wp\/v2\/comments?post=2299"}],"version-history":[{"count":"76","href":"https:\/\/farwell.ee\/en\/wp-json\/wp\/v2\/pages\/2299\/revisions"}],"predecessor-version":[{"id":35863,"href":"https:\/\/farwell.ee\/en\/wp-json\/wp\/v2\/pages\/2299\/revisions\/35863"}],"wp:attachment":[{"href":"https:\/\/farwell.ee\/en\/wp-json\/wp\/v2\/media?parent=2299"}],"curies":[{"name":"wp","href":"https:\/\/api.w.org\/{rel}","templated":true}]}}