{"id":2295,"date":"2019-11-01T09:12:40","date_gmt":"2019-11-01T07:12:54","guid":{"rendered":"https:\/\/uusweb.farwell.ee\/?page_id=2295"},"modified":"2025-03-03T14:54:15","modified_gmt":"2025-03-03T12:54:15","slug":"electroluxi-profiseadmete-hooldus","status":"publish","type":"page","link":"https:\/\/farwell.ee\/en\/electroluxi-profiseadmete-hooldus\/","title":{"rendered":"Maintenance of Electrolux professional appliances"},"content":{"rendered":"<div class=\"row mb-4\">\t<div class=\"col-lg-8\"><p>The maintenance team at Farwell primarily provides the installation and maintenance of Electrolux Professional equipment.<\/p>\n<p>Maintenance contracts, equipment technical information, suitable spare parts and all other technical questions can be answered by our maintenance department.<\/p>\n<p>Our specialists are available anywhere in Estonia.<\/p>\n<p>Reminder for clients:<\/p>\n<ul>\n<li>during the warranty period, any maintenance and repair can only be performed by a maintenance technician authorized by Farwell<\/li>\n<li>performing scheduled maintenance will contribute to your equipment's long service life and smooth operation without stoppages<\/li>\n<\/ul>\n<\/div>\t<div class=\"col-lg-4\"><div class=\"card shadow border-0 bg-light\"><div class=\"card-body pb-0\">\n<p><strong>Maintenance\/Service call<\/strong><br \/>\nTel. <a href=\"tel:+37253088421\" title=\"Helista\">+372 5308 8421<\/a><br \/>\n<a href=\"mailto:hooldus@farwell.ee\">hooldus@farwell.ee<\/a><\/p>\n<hr \/>\n<p><strong>J\u00f6rgen Pukk<\/strong><br \/>\n<em>Maintenance manager<\/em><br \/>\n<a href=\"tel:+3725046565\" title=\"Helista\">+372 504 6565<\/a><br \/>\n<a href=\"mailto:jorgen@farwell.ee\">jorgen@farwell.ee<\/a><\/p>\n<hr \/>\n<p><strong>Andres Veskimeister<\/strong><br \/>\n<em>Maintenance\/spare parts<\/em><br \/>\n<a href=\"tel:+3725145112\" title=\"Helista\">+372 514 5112<\/a><br \/>\n<a href=\"mailto:andres@farwell.ee\">andres@farwell.ee<\/a><\/p>\n<hr \/>\n<p><strong>Jaak Unnuk<\/strong><br \/>\n<em>Technical consultant<\/em><br \/>\n<a href=\"tel:+37253040130\" title=\"Helista\">+372 5304 0130<\/a><br \/>\n<a href=\"mailto:jaak@farwell.ee\">jaak@farwell.ee<\/a><\/p>\n<hr \/>\n<p><a href=\"\/en\/electroluxi-profiseadmete-hooldus\/hooldus-hinnakiri\/\">PRICE LIST<\/a><br \/>\n<a href=\"\/en\/electroluxi-profiseadmete-hooldus\/hooldus-garantiitingimused\/\">WARRANTY TERMS<\/a><br \/>\n<a href=\"https:\/\/farwell.ee\/wp-content\/uploads\/Hooldusgraafikud.pdf\">MAINTENANCE SCHEDULES (PDF)<\/a><\/p>\n<p>&nbsp;<\/p>\n<\/div><\/div><\/div><\/div>","protected":false},"excerpt":{"rendered":"<p>Farwelli hooldusmeeskond tegeleb p\u00f5hiliselt\u00a0Electroluxi profiseadmete\u00a0paigaldamise ja hooldamisega. Hoolduslepingud, seadmete tehniline info, sobivad varuosad ja k\u00f5ik muud tehnilised k\u00fcsimused saavad vastused meie hooldusosakonnast. Meie spetsialistid teostavad t\u00f6id\u00a0\u00fcle terve Eesti. Kliendi meelespea: garantiiajal teostab seadmetele k\u00f5ik hooldus- ja remondit\u00f6\u00f6d ainult Farwelli poolt volitatud hooldustehnik seadmete korralise hoolduse puhul tagate tehnikale seisakuteta t\u00f6\u00f6aja ning pika kasutusea Hooldus\/v\u00e4ljakutsed Tel. [&hellip;]<\/p>","protected":false},"author":1,"featured_media":0,"parent":0,"menu_order":12,"comment_status":"closed","ping_status":"closed","template":"","meta":{"_acf_changed":false,"inline_featured_image":false,"footnotes":""},"class_list":["post-2295","page","type-page","status-publish","hentry"],"acf":[],"_links":{"self":[{"href":"https:\/\/farwell.ee\/en\/wp-json\/wp\/v2\/pages\/2295","targetHints":{"allow":["GET"]}}],"collection":[{"href":"https:\/\/farwell.ee\/en\/wp-json\/wp\/v2\/pages"}],"about":[{"href":"https:\/\/farwell.ee\/en\/wp-json\/wp\/v2\/types\/page"}],"author":[{"embeddable":true,"href":"https:\/\/farwell.ee\/en\/wp-json\/wp\/v2\/users\/1"}],"replies":[{"embeddable":true,"href":"https:\/\/farwell.ee\/en\/wp-json\/wp\/v2\/comments?post=2295"}],"version-history":[{"count":"81","href":"https:\/\/farwell.ee\/en\/wp-json\/wp\/v2\/pages\/2295\/revisions"}],"predecessor-version":[{"id":32566,"href":"https:\/\/farwell.ee\/en\/wp-json\/wp\/v2\/pages\/2295\/revisions\/32566"}],"wp:attachment":[{"href":"https:\/\/farwell.ee\/en\/wp-json\/wp\/v2\/media?parent=2295"}],"curies":[{"name":"wp","href":"https:\/\/api.w.org\/{rel}","templated":true}]}}