{"id":202,"date":"2019-09-16T15:29:10","date_gmt":"2019-09-16T12:29:10","guid":{"rendered":"https:\/\/uusweb.farwell.ee\/?page_id=202"},"modified":"2025-09-22T10:32:31","modified_gmt":"2025-09-22T07:32:31","slug":"horeca-infokataloog","status":"publish","type":"page","link":"https:\/\/farwell.ee\/en\/horeca-infokataloog\/","title":{"rendered":"HoReCa catalogs"},"content":{"rendered":"<div class=\"row mb-4\">\t<div class=\"col-lg-8\"><p>One of the main directions of Farwell is to bring to the countryside and equip caterers with all the necessary work tools.<\/p>\n<p>We have been operating in the market since 1996, being one of the largest suppliers of the HoReCa sector in Estonia.<\/p>\n<p>Our goal is to offer exclusive and high-quality kitchen and restaurant supplies to even the most demanding customers. To serve you better, we have opened stores:<\/p>\n<div class=\"row mb-4\"><br \/>\n<div class=\"col\"><br \/>\n<strong>Tallinn<\/strong><br \/>\nKanali tee 4<br \/>\nE-R 9:00 \u2013 17:00<br \/>\nTel. <a href=\"tel:+3726024422\" title=\"Helista\">+372 602 4422<\/a><br \/>\n<a href=\"mailto:kauplus@farwell.ee\">kauplus@farwell.ee<\/a><br \/>\n<\/div><br \/>\n<div class=\"col\"><br \/>\n<strong>Tartu<\/strong><br \/>\nT\u00e4he 127A<br \/>\nE-R 9:00 \u2013 17:00<br \/>\nTel. <a href=\"tel:+3727339268\" title=\"Helista\">+372 733 9268<\/a><br \/>\n<a href=\"mailto:tartu@farwell.ee\">tartu@farwell.ee<\/a><br \/>\n<\/div><br \/>\n<\/div>\n<h6><strong>Didn't find the desired product in the product catalog?<\/strong><\/h6>\n<p>Contact us and we will find the right solutions for you!<\/p>\n<\/div>\t<div class=\"col-lg-4\"><div class=\"card shadow border-0 bg-light\"><div class=\"card-body pb-0\">\n<p><strong>Luule Jaanus<\/strong><br \/>\n<em>Sales manager for kitchen supplies and tableware<\/em><br \/>\nMob. <a href=\"tel:+3725290497\" title=\"Helista\">+372 529 0497<\/a><br \/>\nTel. <a href=\"tel:+3726024413\" title=\"Helista\">+372 602 4413<\/a><br \/>\n<a href=\"mailto:luule@farwell.ee\">luule@farwell.ee<\/a><\/p>\n<hr \/>\n<p><strong>Argo Urvak<\/strong><br \/>\n<em>Sales manager for kitchen supplies and tableware<\/em><br \/>\nMob. <a href=\"tel:+3725038306\" title=\"Helista\">+372 50 383 06<\/a><br \/>\n<a href=\"mailto:argo@farwell.ee\">argo@farwell.ee<\/a><\/p>\n<hr \/>\n<p><em><strong>K\u00e4tlyn Virro<\/strong><br \/>\nPurchasing assistant for kitchen supplies and tableware<\/em><br \/>\nTel. <a href=\"tel:+3726024413\" title=\"Helista\">+372 602 4413<\/a><br \/>\n<a href=\"mailto:sales@farwell.ee\">sales@farwell.ee<\/a><\/p>\n<\/div><\/div><\/div><\/div>","protected":false},"excerpt":{"rendered":"<p>Farwelli \u00fcheks p\u00f5hisuunaks on tuua maale ja varustada toitlustajaid k\u00f5ikide vajaminevate t\u00f6\u00f6vahenditega. Oleme turul tegutsenud aastast 1996, olles Eestis \u00fcks suuremaid HoReCa sektori varustajaid. Meie eesm\u00e4rgiks on pakkuda eksklusiivseid ja kvaliteetseid k\u00f6\u00f6gi- ja restoranitarbeid ka k\u00f5ige n\u00f5udlikumale kliendile. Teie paremaks teenindamiseks oleme avanud kauplused: Ei leidnud tootekataloogist soovitud toodet? V\u00f5ta meiega \u00fchendust ja leiame just [&hellip;]<\/p>","protected":false},"author":1,"featured_media":0,"parent":0,"menu_order":11,"comment_status":"closed","ping_status":"closed","template":"page-catalog.php","meta":{"_acf_changed":false,"inline_featured_image":false,"footnotes":""},"class_list":["post-202","page","type-page","status-publish","hentry"],"acf":[],"_links":{"self":[{"href":"https:\/\/farwell.ee\/en\/wp-json\/wp\/v2\/pages\/202","targetHints":{"allow":["GET"]}}],"collection":[{"href":"https:\/\/farwell.ee\/en\/wp-json\/wp\/v2\/pages"}],"about":[{"href":"https:\/\/farwell.ee\/en\/wp-json\/wp\/v2\/types\/page"}],"author":[{"embeddable":true,"href":"https:\/\/farwell.ee\/en\/wp-json\/wp\/v2\/users\/1"}],"replies":[{"embeddable":true,"href":"https:\/\/farwell.ee\/en\/wp-json\/wp\/v2\/comments?post=202"}],"version-history":[{"count":"155","href":"https:\/\/farwell.ee\/en\/wp-json\/wp\/v2\/pages\/202\/revisions"}],"predecessor-version":[{"id":35308,"href":"https:\/\/farwell.ee\/en\/wp-json\/wp\/v2\/pages\/202\/revisions\/35308"}],"wp:attachment":[{"href":"https:\/\/farwell.ee\/en\/wp-json\/wp\/v2\/media?parent=202"}],"curies":[{"name":"wp","href":"https:\/\/api.w.org\/{rel}","templated":true}]}}